{"id":13,"date":"2010-01-07T21:34:27","date_gmt":"2010-01-07T20:34:27","guid":{"rendered":"http:\/\/www.maryon.ch\/home\/?page_id=10"},"modified":"2026-01-18T03:06:32","modified_gmt":"2026-01-18T02:06:32","slug":"bleaching","status":"publish","type":"page","link":"https:\/\/www.zahnaerzte-am-nollendorfplatz.de\/practice\/en\/services\/bleaching\/","title":{"rendered":"Bleaching"},"content":{"rendered":"<p><\/p>\n<h2>Radiantly Beautiful<\/h2>\n<p>A bright white smile looks healthy, vital, and creates a positive impression. However, our tooth color is subject to many influences. Every person has an individual tooth shade, which naturally darkens with age. The most common cause of discoloration, however, is the consumption of staining foods and drinks such as coffee, tea, and red wine, or smoking.<\/p>\n<h2>You will be fl\u00e4shed<\/h2>\n<p>For whitening, we use the effective and gentle procedure from fl\u00e4sh. In this light-activated tooth whitening process, the effect of the whitening gel is intensified by a lamp specifically developed for this purpose. The blue LED light optimally supports the active whitening ingredient in breaking down pigments, allowing your most beautiful smile to shine through. This makes it possible to brighten your teeth by several shades in just one session. The result is visible immediately! Please note: Existing fillings in the visible area may need to be replaced afterwards, as the filling material will not be whitened along with the natural tooth structure.<\/p>\n<h2>A Clean &#8220;BEFORE&#8221; for a More Beautiful &#8220;AFTER&#8221;<\/h2>\n<p>In principle, any tooth shade can be significantly brightened. The prerequisite for an optimal color result is absolutely clean teeth. Therefore, it is essential to have a professional tooth cleaning 1\u20132 days before the whitening treatment to remove even minimal plaque and discoloration.<\/p>\n<h2>Whitening from the Inside<\/h2>\n<p>Sometimes, however, it is only individual teeth that have become discolored over time. These teeth have often undergone root canal treatment or require such treatment because the tooth nerve has died unnoticed. These discolorations can be lightened through internal bleaching (whitening from the inside).<\/p>\n<p>Do you also wish for whiter teeth? Then please speak to us\u2014we would be happy to advise you!<\/p>","protected":false},"excerpt":{"rendered":"<p>Radiantly Beautiful A bright white smile looks healthy, vital, and creates a positive impression. However, our tooth color is subject to many influences. Every person has an individual tooth shade, which naturally darkens with age. The most common cause of discoloration, however, is the consumption of staining foods and drinks such as coffee, tea, and [&hellip;]<\/p>\n","protected":false},"author":1,"featured_media":0,"parent":21,"menu_order":9,"comment_status":"closed","ping_status":"closed","template":"services.php","meta":[],"yoast_head":"<!-- This site is optimized with the Yoast SEO plugin v19.14 - https:\/\/yoast.com\/wordpress\/plugins\/seo\/ -->\n<title>Bleaching - Zahn\u00e4rzte am Nollendorfplatz<\/title>\n<meta name=\"description\" content=\"More and more dental surgeries in Germany now employ the new Zoom by Philips bleaching method from the USA. We too have every confidence in this advanced technique\u2019s ability to make your teeth attractively white \u2013 with the treatment taking just one hour of your time!Important information for patients: this method has been scrupulously tested for side-effects in compliance with strict safety standards. The tooth structure undergoes no alteration, and the whitening process is painless. Heightened tooth sensitivity may occur temporarily, but any such reaction soon vanishes \u2013 whereas the visible improvement produced by the treatment lasts for several years. We will be pleased to advise you on every aspect of QuickWhite\u2122.\" \/>\n<meta name=\"robots\" content=\"index, follow, max-snippet:-1, max-image-preview:large, max-video-preview:-1\" \/>\n<link rel=\"canonical\" href=\"https:\/\/www.zahnaerzte-am-nollendorfplatz.de\/practice\/services\/bleaching\/\" \/>\n<meta property=\"og:locale\" content=\"en_US\" \/>\n<meta property=\"og:type\" content=\"article\" \/>\n<meta property=\"og:title\" content=\"Bleaching - Zahn\u00e4rzte am Nollendorfplatz\" \/>\n<meta property=\"og:description\" content=\"{:de}F\u00fcr das Bleaching verwenden wir das wirkungsvolle und substanzschonende Verfahren von Philips Zoom. Bei dieser lichtaktivierten Zahnaufhellung wird die Wirkung des Aufhellungsgels durch eine speziell hierf\u00fcr entwickelte Lampe verst\u00e4rkt. Das blaue LED-Licht unterst\u00fctzt den aufhellenden Wirkstoff optimal bei der Entf\u00e4rbung von Farbmolek\u00fclen, sodass Ihr sch\u00f6nstes L\u00e4cheln zum Vorschein kommen kann. Damit ist es m\u00f6glich, die Z\u00e4hne in nur einer Sitzung um mehrere Farbnuancen aufzuhellen. Das Ergebnis ist sofort sichtbar!{:en}More and more dental surgeries in Germany now employ the new Zoom by Philips bleaching method from the USA. We too have every confidence in this advanced technique\u2019s ability to make your teeth attractively white \u2013 with the treatment taking just one hour of your time!Important information for patients: this method has been scrupulously tested for side-effects in compliance with strict safety standards. The tooth structure undergoes no alteration, and the whitening process is painless. Heightened tooth sensitivity may occur temporarily, but any such reaction soon vanishes \u2013 whereas the visible improvement produced by the treatment lasts for several years. We will be pleased to advise you on every aspect of QuickWhite\u2122.{:}\" \/>\n<meta property=\"og:url\" content=\"https:\/\/www.zahnaerzte-am-nollendorfplatz.de\/practice\/services\/bleaching\/\" \/>\n<meta property=\"og:site_name\" content=\"Zahn\u00e4rzte am Nollendorfplatz\" \/>\n<meta property=\"article:modified_time\" content=\"2026-01-18T02:06:32+00:00\" \/>\n<meta name=\"twitter:card\" content=\"summary_large_image\" \/>\n<meta name=\"twitter:label1\" content=\"Est. reading time\" \/>\n\t<meta name=\"twitter:data1\" content=\"3 minutes\" \/>\n<script type=\"application\/ld+json\" class=\"yoast-schema-graph\">{\"@context\":\"https:\/\/schema.org\",\"@graph\":[{\"@type\":\"WebPage\",\"@id\":\"https:\/\/www.zahnaerzte-am-nollendorfplatz.de\/practice\/services\/bleaching\/\",\"url\":\"https:\/\/www.zahnaerzte-am-nollendorfplatz.de\/practice\/services\/bleaching\/\",\"name\":\"Bleaching - Zahn\u00e4rzte am Nollendorfplatz\",\"isPartOf\":{\"@id\":\"https:\/\/www.zahnaerzte-am-nollendorfplatz.de\/practice\/#website\"},\"datePublished\":\"2010-01-07T20:34:27+00:00\",\"dateModified\":\"2026-01-18T02:06:32+00:00\",\"description\":\"{:de}F\u00fcr das Bleaching verwenden wir das wirkungsvolle und substanzschonende Verfahren von Philips Zoom. Bei dieser lichtaktivierten Zahnaufhellung wird die Wirkung des Aufhellungsgels durch eine speziell hierf\u00fcr entwickelte Lampe verst\u00e4rkt. Das blaue LED-Licht unterst\u00fctzt den aufhellenden Wirkstoff optimal bei der Entf\u00e4rbung von Farbmolek\u00fclen, sodass Ihr sch\u00f6nstes L\u00e4cheln zum Vorschein kommen kann. Damit ist es m\u00f6glich, die Z\u00e4hne in nur einer Sitzung um mehrere Farbnuancen aufzuhellen. Das Ergebnis ist sofort sichtbar!{:en}More and more dental surgeries in Germany now employ the new Zoom by Philips bleaching method from the USA. We too have every confidence in this advanced technique\u2019s ability to make your teeth attractively white \u2013 with the treatment taking just one hour of your time!Important information for patients: this method has been scrupulously tested for side-effects in compliance with strict safety standards. The tooth structure undergoes no alteration, and the whitening process is painless. Heightened tooth sensitivity may occur temporarily, but any such reaction soon vanishes \u2013 whereas the visible improvement produced by the treatment lasts for several years. We will be pleased to advise you on every aspect of QuickWhite\u2122.{:}\",\"breadcrumb\":{\"@id\":\"https:\/\/www.zahnaerzte-am-nollendorfplatz.de\/practice\/services\/bleaching\/#breadcrumb\"},\"inLanguage\":\"en-US\",\"potentialAction\":[{\"@type\":\"ReadAction\",\"target\":[\"https:\/\/www.zahnaerzte-am-nollendorfplatz.de\/practice\/services\/bleaching\/\"]}]},{\"@type\":\"BreadcrumbList\",\"@id\":\"https:\/\/www.zahnaerzte-am-nollendorfplatz.de\/practice\/services\/bleaching\/#breadcrumb\",\"itemListElement\":[{\"@type\":\"ListItem\",\"position\":1,\"name\":\"Startseite\",\"item\":\"https:\/\/www.zahnaerzte-am-nollendorfplatz.de\/practice\/\"},{\"@type\":\"ListItem\",\"position\":2,\"name\":\"Leistungen\",\"item\":\"https:\/\/www.zahnaerzte-am-nollendorfplatz.de\/practice\/services\/\"},{\"@type\":\"ListItem\",\"position\":3,\"name\":\"Bleaching\"}]},{\"@type\":\"WebSite\",\"@id\":\"https:\/\/www.zahnaerzte-am-nollendorfplatz.de\/practice\/#website\",\"url\":\"https:\/\/www.zahnaerzte-am-nollendorfplatz.de\/practice\/\",\"name\":\"Zahn\u00e4rzte am Nollendorfplatz\",\"description\":\"Berlin-Sch\u00f6neberg\",\"publisher\":{\"@id\":\"https:\/\/www.zahnaerzte-am-nollendorfplatz.de\/practice\/#organization\"},\"potentialAction\":[{\"@type\":\"SearchAction\",\"target\":{\"@type\":\"EntryPoint\",\"urlTemplate\":\"https:\/\/www.zahnaerzte-am-nollendorfplatz.de\/practice\/?s={search_term_string}\"},\"query-input\":\"required name=search_term_string\"}],\"inLanguage\":\"en-US\"},{\"@type\":\"Organization\",\"@id\":\"https:\/\/www.zahnaerzte-am-nollendorfplatz.de\/practice\/#organization\",\"name\":\"Zahn\u00e4rzte am Nollendorfplatz\",\"url\":\"https:\/\/www.zahnaerzte-am-nollendorfplatz.de\/practice\/\",\"logo\":{\"@type\":\"ImageObject\",\"inLanguage\":\"en-US\",\"@id\":\"https:\/\/www.zahnaerzte-am-nollendorfplatz.de\/practice\/#\/schema\/logo\/image\/\",\"url\":\"https:\/\/www.zahnaerzte-am-nollendorfplatz.de\/practice\/wp-content\/uploads\/Logo-solo.png\",\"contentUrl\":\"https:\/\/www.zahnaerzte-am-nollendorfplatz.de\/practice\/wp-content\/uploads\/Logo-solo.png\",\"width\":630,\"height\":230,\"caption\":\"Zahn\u00e4rzte am Nollendorfplatz\"},\"image\":{\"@id\":\"https:\/\/www.zahnaerzte-am-nollendorfplatz.de\/practice\/#\/schema\/logo\/image\/\"}}]}<\/script>\n<!-- \/ Yoast SEO plugin. -->","yoast_head_json":{"title":"Bleaching - Zahn\u00e4rzte am Nollendorfplatz","description":"More and more dental surgeries in Germany now employ the new Zoom by Philips bleaching method from the USA. We too have every confidence in this advanced technique\u2019s ability to make your teeth attractively white \u2013 with the treatment taking just one hour of your time!Important information for patients: this method has been scrupulously tested for side-effects in compliance with strict safety standards. The tooth structure undergoes no alteration, and the whitening process is painless. Heightened tooth sensitivity may occur temporarily, but any such reaction soon vanishes \u2013 whereas the visible improvement produced by the treatment lasts for several years. We will be pleased to advise you on every aspect of QuickWhite\u2122.","robots":{"index":"index","follow":"follow","max-snippet":"max-snippet:-1","max-image-preview":"max-image-preview:large","max-video-preview":"max-video-preview:-1"},"canonical":"https:\/\/www.zahnaerzte-am-nollendorfplatz.de\/practice\/services\/bleaching\/","og_locale":"en_US","og_type":"article","og_title":"Bleaching - Zahn\u00e4rzte am Nollendorfplatz","og_description":"{:de}F\u00fcr das Bleaching verwenden wir das wirkungsvolle und substanzschonende Verfahren von Philips Zoom. Bei dieser lichtaktivierten Zahnaufhellung wird die Wirkung des Aufhellungsgels durch eine speziell hierf\u00fcr entwickelte Lampe verst\u00e4rkt. Das blaue LED-Licht unterst\u00fctzt den aufhellenden Wirkstoff optimal bei der Entf\u00e4rbung von Farbmolek\u00fclen, sodass Ihr sch\u00f6nstes L\u00e4cheln zum Vorschein kommen kann. Damit ist es m\u00f6glich, die Z\u00e4hne in nur einer Sitzung um mehrere Farbnuancen aufzuhellen. Das Ergebnis ist sofort sichtbar!{:en}More and more dental surgeries in Germany now employ the new Zoom by Philips bleaching method from the USA. We too have every confidence in this advanced technique\u2019s ability to make your teeth attractively white \u2013 with the treatment taking just one hour of your time!Important information for patients: this method has been scrupulously tested for side-effects in compliance with strict safety standards. The tooth structure undergoes no alteration, and the whitening process is painless. Heightened tooth sensitivity may occur temporarily, but any such reaction soon vanishes \u2013 whereas the visible improvement produced by the treatment lasts for several years. We will be pleased to advise you on every aspect of QuickWhite\u2122.{:}","og_url":"https:\/\/www.zahnaerzte-am-nollendorfplatz.de\/practice\/services\/bleaching\/","og_site_name":"Zahn\u00e4rzte am Nollendorfplatz","article_modified_time":"2026-01-18T02:06:32+00:00","twitter_card":"summary_large_image","twitter_misc":{"Est. reading time":"3 minutes"},"schema":{"@context":"https:\/\/schema.org","@graph":[{"@type":"WebPage","@id":"https:\/\/www.zahnaerzte-am-nollendorfplatz.de\/practice\/services\/bleaching\/","url":"https:\/\/www.zahnaerzte-am-nollendorfplatz.de\/practice\/services\/bleaching\/","name":"Bleaching - Zahn\u00e4rzte am Nollendorfplatz","isPartOf":{"@id":"https:\/\/www.zahnaerzte-am-nollendorfplatz.de\/practice\/#website"},"datePublished":"2010-01-07T20:34:27+00:00","dateModified":"2026-01-18T02:06:32+00:00","description":"{:de}F\u00fcr das Bleaching verwenden wir das wirkungsvolle und substanzschonende Verfahren von Philips Zoom. Bei dieser lichtaktivierten Zahnaufhellung wird die Wirkung des Aufhellungsgels durch eine speziell hierf\u00fcr entwickelte Lampe verst\u00e4rkt. Das blaue LED-Licht unterst\u00fctzt den aufhellenden Wirkstoff optimal bei der Entf\u00e4rbung von Farbmolek\u00fclen, sodass Ihr sch\u00f6nstes L\u00e4cheln zum Vorschein kommen kann. Damit ist es m\u00f6glich, die Z\u00e4hne in nur einer Sitzung um mehrere Farbnuancen aufzuhellen. Das Ergebnis ist sofort sichtbar!{:en}More and more dental surgeries in Germany now employ the new Zoom by Philips bleaching method from the USA. We too have every confidence in this advanced technique\u2019s ability to make your teeth attractively white \u2013 with the treatment taking just one hour of your time!Important information for patients: this method has been scrupulously tested for side-effects in compliance with strict safety standards. The tooth structure undergoes no alteration, and the whitening process is painless. Heightened tooth sensitivity may occur temporarily, but any such reaction soon vanishes \u2013 whereas the visible improvement produced by the treatment lasts for several years. We will be pleased to advise you on every aspect of QuickWhite\u2122.{:}","breadcrumb":{"@id":"https:\/\/www.zahnaerzte-am-nollendorfplatz.de\/practice\/services\/bleaching\/#breadcrumb"},"inLanguage":"en-US","potentialAction":[{"@type":"ReadAction","target":["https:\/\/www.zahnaerzte-am-nollendorfplatz.de\/practice\/services\/bleaching\/"]}]},{"@type":"BreadcrumbList","@id":"https:\/\/www.zahnaerzte-am-nollendorfplatz.de\/practice\/services\/bleaching\/#breadcrumb","itemListElement":[{"@type":"ListItem","position":1,"name":"Startseite","item":"https:\/\/www.zahnaerzte-am-nollendorfplatz.de\/practice\/"},{"@type":"ListItem","position":2,"name":"Leistungen","item":"https:\/\/www.zahnaerzte-am-nollendorfplatz.de\/practice\/services\/"},{"@type":"ListItem","position":3,"name":"Bleaching"}]},{"@type":"WebSite","@id":"https:\/\/www.zahnaerzte-am-nollendorfplatz.de\/practice\/#website","url":"https:\/\/www.zahnaerzte-am-nollendorfplatz.de\/practice\/","name":"Zahn\u00e4rzte am Nollendorfplatz","description":"Berlin-Sch\u00f6neberg","publisher":{"@id":"https:\/\/www.zahnaerzte-am-nollendorfplatz.de\/practice\/#organization"},"potentialAction":[{"@type":"SearchAction","target":{"@type":"EntryPoint","urlTemplate":"https:\/\/www.zahnaerzte-am-nollendorfplatz.de\/practice\/?s={search_term_string}"},"query-input":"required name=search_term_string"}],"inLanguage":"en-US"},{"@type":"Organization","@id":"https:\/\/www.zahnaerzte-am-nollendorfplatz.de\/practice\/#organization","name":"Zahn\u00e4rzte am Nollendorfplatz","url":"https:\/\/www.zahnaerzte-am-nollendorfplatz.de\/practice\/","logo":{"@type":"ImageObject","inLanguage":"en-US","@id":"https:\/\/www.zahnaerzte-am-nollendorfplatz.de\/practice\/#\/schema\/logo\/image\/","url":"https:\/\/www.zahnaerzte-am-nollendorfplatz.de\/practice\/wp-content\/uploads\/Logo-solo.png","contentUrl":"https:\/\/www.zahnaerzte-am-nollendorfplatz.de\/practice\/wp-content\/uploads\/Logo-solo.png","width":630,"height":230,"caption":"Zahn\u00e4rzte am Nollendorfplatz"},"image":{"@id":"https:\/\/www.zahnaerzte-am-nollendorfplatz.de\/practice\/#\/schema\/logo\/image\/"}}]}},"_links":{"self":[{"href":"https:\/\/www.zahnaerzte-am-nollendorfplatz.de\/practice\/en\/wp-json\/wp\/v2\/pages\/13"}],"collection":[{"href":"https:\/\/www.zahnaerzte-am-nollendorfplatz.de\/practice\/en\/wp-json\/wp\/v2\/pages"}],"about":[{"href":"https:\/\/www.zahnaerzte-am-nollendorfplatz.de\/practice\/en\/wp-json\/wp\/v2\/types\/page"}],"author":[{"embeddable":true,"href":"https:\/\/www.zahnaerzte-am-nollendorfplatz.de\/practice\/en\/wp-json\/wp\/v2\/users\/1"}],"replies":[{"embeddable":true,"href":"https:\/\/www.zahnaerzte-am-nollendorfplatz.de\/practice\/en\/wp-json\/wp\/v2\/comments?post=13"}],"version-history":[{"count":18,"href":"https:\/\/www.zahnaerzte-am-nollendorfplatz.de\/practice\/en\/wp-json\/wp\/v2\/pages\/13\/revisions"}],"predecessor-version":[{"id":5611,"href":"https:\/\/www.zahnaerzte-am-nollendorfplatz.de\/practice\/en\/wp-json\/wp\/v2\/pages\/13\/revisions\/5611"}],"up":[{"embeddable":true,"href":"https:\/\/www.zahnaerzte-am-nollendorfplatz.de\/practice\/en\/wp-json\/wp\/v2\/pages\/21"}],"wp:attachment":[{"href":"https:\/\/www.zahnaerzte-am-nollendorfplatz.de\/practice\/en\/wp-json\/wp\/v2\/media?parent=13"}],"curies":[{"name":"wp","href":"https:\/\/api.w.org\/{rel}","templated":true}]}}