{"id":15,"date":"2010-01-07T21:37:56","date_gmt":"2010-01-07T19:37:56","guid":{"rendered":"http:\/\/www.maryon.ch\/home\/?page_id=13"},"modified":"2026-01-18T02:48:16","modified_gmt":"2026-01-18T01:48:16","slug":"prosthodontics","status":"publish","type":"page","link":"https:\/\/www.zahnaerzte-am-nollendorfplatz.de\/practice\/en\/services\/prosthodontics\/","title":{"rendered":"Prosthodontics"},"content":{"rendered":"<p><\/p>\n<h2>No need to hide your smile<\/h2>\n<p>Flawed teeth or gaps can impair your self-confidence. Even when it is necessary to correct major defects or replace missing teeth, we make sure your confidence in your appearance remains intact.<\/p>\n<h2>Virtually unlimited aesthetic possibilities \u2013 tailored to individual requirements<\/h2>\n<p>The growing range of innovative materials and advanced technologies makes it possible to cater to all needs in regard to fillings and dentures. Z\u00e4hn\u00e4rzte am Nollendorfplatz offer you state-of-the-art solutions providing maximum quality and comfort. We know your dentures must match the performance of the natural teeth they replace.<\/p>\n<p>In order to meet our demanding standards, your dentures must<\/p>\n<ul>\n<li>look natural and attractive,<\/li>\n<li>be made of materials well tolerated by the body,<\/li>\n<li>combine strength and durability,<\/li>\n<li>combine high oral comfort with good chewing ability.<\/li>\n<\/ul>\n<h2>Modern Variety<\/h2>\n<p>We offer you personalized options for state-of-the-art prosthetic treatments:<\/p>\n<ul>\n<li>Inlays<\/li>\n<li>Veneers<\/li>\n<li>Partial crowns<\/li>\n<li>Crowns<\/li>\n<li>Bridges<\/li>\n<li>Partial dentures<\/li>\n<\/ul>\n<h2>Fixed in place or flexibly combined<\/h2>\n<p>A modern alternative to fixed bridges: missing teeth can often be replaced by <strong>combined<\/strong> dentures. Although removable, combined dentures are fixed in position, offering the wearer considerably more comfort and security than conventional solutions.<\/p>","protected":false},"excerpt":{"rendered":"<p>No need to hide your smile Flawed teeth or gaps can impair your self-confidence. Even when it is necessary to correct major defects or replace missing teeth, we make sure your confidence in your appearance remains intact. Virtually unlimited aesthetic possibilities \u2013 tailored to individual requirements The growing range of innovative materials and advanced technologies [&hellip;]<\/p>\n","protected":false},"author":1,"featured_media":0,"parent":21,"menu_order":5,"comment_status":"closed","ping_status":"closed","template":"services.php","meta":[],"yoast_head":"<!-- This site is optimized with the Yoast SEO plugin v19.14 - https:\/\/yoast.com\/wordpress\/plugins\/seo\/ -->\n<title>Prosthodontics - Zahn\u00e4rzte am Nollendorfplatz<\/title>\n<meta name=\"description\" content=\"The growing range of innovative materials and advanced technologies makes it possible to cater to all needs in regard to fillings and dentures. Z\u00e4hn\u00e4rzte am Nollendorfplatz offer you state-of-the-art solutions providing maximum quality and comfort. We know your dentures must match the performance of the natural teeth they replace. Thanks to the possibilities of individual form and coloration, teeth can be restored or reproduced to look natural. Listed below are just a few applications in which tooth-coloured materials can be adapted to individual optical and physical requirements:\" \/>\n<meta name=\"robots\" content=\"index, follow, max-snippet:-1, max-image-preview:large, max-video-preview:-1\" \/>\n<link rel=\"canonical\" href=\"https:\/\/www.zahnaerzte-am-nollendorfplatz.de\/practice\/services\/prosthodontics\/\" \/>\n<meta property=\"og:locale\" content=\"en_US\" \/>\n<meta property=\"og:type\" content=\"article\" \/>\n<meta property=\"og:title\" content=\"Prosthodontics - Zahn\u00e4rzte am Nollendorfplatz\" \/>\n<meta property=\"og:description\" content=\"{:de}Durch individuelle Bestimmung Ihrer Zahnform und -farbe kann Zahnersatz heute naturgetreu nachgebildet werden, so dass er von Ihren nat\u00fcrlichen Z\u00e4hnen kaum zu unterscheiden ist. Ihr Zahnersatz, der unseren Qualit\u00e4tsanspr\u00fcchen gen\u00fcgt, muss dabei hohen Kaukomfort sichern, belastbar, langlebig und widerstandsf\u00e4hig sein. Au\u00dferdem sollte er eine hohe biologische Vertr\u00e4glichkeit aufweisen und m\u00f6glichst nat\u00fcrlich aussehen, damit Sie sich wohlf\u00fchlen. Bei der Herstellung Ihres neuen Zahnersatzes vertrauen wir seit vielen Jahren und Jahrzehnten auf die Pr\u00e4zision meistergef\u00fchrter Dentallabore, in denen erfahrene Zahntechniker\/innen Ihr neues L\u00e4cheln schaffen.{:en}The growing range of innovative materials and advanced technologies makes it possible to cater to all needs in regard to fillings and dentures. Z\u00e4hn\u00e4rzte am Nollendorfplatz offer you state-of-the-art solutions providing maximum quality and comfort. We know your dentures must match the performance of the natural teeth they replace. Thanks to the possibilities of individual form and coloration, teeth can be restored or reproduced to look natural. Listed below are just a few applications in which tooth-coloured materials can be adapted to individual optical and physical requirements:{:}\" \/>\n<meta property=\"og:url\" content=\"https:\/\/www.zahnaerzte-am-nollendorfplatz.de\/practice\/services\/prosthodontics\/\" \/>\n<meta property=\"og:site_name\" content=\"Zahn\u00e4rzte am Nollendorfplatz\" \/>\n<meta property=\"article:modified_time\" content=\"2026-01-18T01:48:16+00:00\" \/>\n<meta name=\"twitter:card\" content=\"summary_large_image\" \/>\n<meta name=\"twitter:label1\" content=\"Est. reading time\" \/>\n\t<meta name=\"twitter:data1\" content=\"3 minutes\" \/>\n<script type=\"application\/ld+json\" class=\"yoast-schema-graph\">{\"@context\":\"https:\/\/schema.org\",\"@graph\":[{\"@type\":\"WebPage\",\"@id\":\"https:\/\/www.zahnaerzte-am-nollendorfplatz.de\/practice\/services\/prosthodontics\/\",\"url\":\"https:\/\/www.zahnaerzte-am-nollendorfplatz.de\/practice\/services\/prosthodontics\/\",\"name\":\"Prosthodontics - Zahn\u00e4rzte am Nollendorfplatz\",\"isPartOf\":{\"@id\":\"https:\/\/www.zahnaerzte-am-nollendorfplatz.de\/practice\/#website\"},\"datePublished\":\"2010-01-07T19:37:56+00:00\",\"dateModified\":\"2026-01-18T01:48:16+00:00\",\"description\":\"{:de}Durch individuelle Bestimmung Ihrer Zahnform und -farbe kann Zahnersatz heute naturgetreu nachgebildet werden, so dass er von Ihren nat\u00fcrlichen Z\u00e4hnen kaum zu unterscheiden ist. Ihr Zahnersatz, der unseren Qualit\u00e4tsanspr\u00fcchen gen\u00fcgt, muss dabei hohen Kaukomfort sichern, belastbar, langlebig und widerstandsf\u00e4hig sein. Au\u00dferdem sollte er eine hohe biologische Vertr\u00e4glichkeit aufweisen und m\u00f6glichst nat\u00fcrlich aussehen, damit Sie sich wohlf\u00fchlen. Bei der Herstellung Ihres neuen Zahnersatzes vertrauen wir seit vielen Jahren und Jahrzehnten auf die Pr\u00e4zision meistergef\u00fchrter Dentallabore, in denen erfahrene Zahntechniker\/innen Ihr neues L\u00e4cheln schaffen.{:en}The growing range of innovative materials and advanced technologies makes it possible to cater to all needs in regard to fillings and dentures. Z\u00e4hn\u00e4rzte am Nollendorfplatz offer you state-of-the-art solutions providing maximum quality and comfort. We know your dentures must match the performance of the natural teeth they replace. Thanks to the possibilities of individual form and coloration, teeth can be restored or reproduced to look natural. Listed below are just a few applications in which tooth-coloured materials can be adapted to individual optical and physical requirements:{:}\",\"breadcrumb\":{\"@id\":\"https:\/\/www.zahnaerzte-am-nollendorfplatz.de\/practice\/services\/prosthodontics\/#breadcrumb\"},\"inLanguage\":\"en-US\",\"potentialAction\":[{\"@type\":\"ReadAction\",\"target\":[\"https:\/\/www.zahnaerzte-am-nollendorfplatz.de\/practice\/services\/prosthodontics\/\"]}]},{\"@type\":\"BreadcrumbList\",\"@id\":\"https:\/\/www.zahnaerzte-am-nollendorfplatz.de\/practice\/services\/prosthodontics\/#breadcrumb\",\"itemListElement\":[{\"@type\":\"ListItem\",\"position\":1,\"name\":\"Startseite\",\"item\":\"https:\/\/www.zahnaerzte-am-nollendorfplatz.de\/practice\/\"},{\"@type\":\"ListItem\",\"position\":2,\"name\":\"Leistungen\",\"item\":\"https:\/\/www.zahnaerzte-am-nollendorfplatz.de\/practice\/services\/\"},{\"@type\":\"ListItem\",\"position\":3,\"name\":\"Zahnersatz\"}]},{\"@type\":\"WebSite\",\"@id\":\"https:\/\/www.zahnaerzte-am-nollendorfplatz.de\/practice\/#website\",\"url\":\"https:\/\/www.zahnaerzte-am-nollendorfplatz.de\/practice\/\",\"name\":\"Zahn\u00e4rzte am Nollendorfplatz\",\"description\":\"Berlin-Sch\u00f6neberg\",\"publisher\":{\"@id\":\"https:\/\/www.zahnaerzte-am-nollendorfplatz.de\/practice\/#organization\"},\"potentialAction\":[{\"@type\":\"SearchAction\",\"target\":{\"@type\":\"EntryPoint\",\"urlTemplate\":\"https:\/\/www.zahnaerzte-am-nollendorfplatz.de\/practice\/?s={search_term_string}\"},\"query-input\":\"required name=search_term_string\"}],\"inLanguage\":\"en-US\"},{\"@type\":\"Organization\",\"@id\":\"https:\/\/www.zahnaerzte-am-nollendorfplatz.de\/practice\/#organization\",\"name\":\"Zahn\u00e4rzte am Nollendorfplatz\",\"url\":\"https:\/\/www.zahnaerzte-am-nollendorfplatz.de\/practice\/\",\"logo\":{\"@type\":\"ImageObject\",\"inLanguage\":\"en-US\",\"@id\":\"https:\/\/www.zahnaerzte-am-nollendorfplatz.de\/practice\/#\/schema\/logo\/image\/\",\"url\":\"https:\/\/www.zahnaerzte-am-nollendorfplatz.de\/practice\/wp-content\/uploads\/Logo-solo.png\",\"contentUrl\":\"https:\/\/www.zahnaerzte-am-nollendorfplatz.de\/practice\/wp-content\/uploads\/Logo-solo.png\",\"width\":630,\"height\":230,\"caption\":\"Zahn\u00e4rzte am Nollendorfplatz\"},\"image\":{\"@id\":\"https:\/\/www.zahnaerzte-am-nollendorfplatz.de\/practice\/#\/schema\/logo\/image\/\"}}]}<\/script>\n<!-- \/ Yoast SEO plugin. -->","yoast_head_json":{"title":"Prosthodontics - Zahn\u00e4rzte am Nollendorfplatz","description":"The growing range of innovative materials and advanced technologies makes it possible to cater to all needs in regard to fillings and dentures. Z\u00e4hn\u00e4rzte am Nollendorfplatz offer you state-of-the-art solutions providing maximum quality and comfort. We know your dentures must match the performance of the natural teeth they replace. Thanks to the possibilities of individual form and coloration, teeth can be restored or reproduced to look natural. Listed below are just a few applications in which tooth-coloured materials can be adapted to individual optical and physical requirements:","robots":{"index":"index","follow":"follow","max-snippet":"max-snippet:-1","max-image-preview":"max-image-preview:large","max-video-preview":"max-video-preview:-1"},"canonical":"https:\/\/www.zahnaerzte-am-nollendorfplatz.de\/practice\/services\/prosthodontics\/","og_locale":"en_US","og_type":"article","og_title":"Prosthodontics - Zahn\u00e4rzte am Nollendorfplatz","og_description":"{:de}Durch individuelle Bestimmung Ihrer Zahnform und -farbe kann Zahnersatz heute naturgetreu nachgebildet werden, so dass er von Ihren nat\u00fcrlichen Z\u00e4hnen kaum zu unterscheiden ist. Ihr Zahnersatz, der unseren Qualit\u00e4tsanspr\u00fcchen gen\u00fcgt, muss dabei hohen Kaukomfort sichern, belastbar, langlebig und widerstandsf\u00e4hig sein. Au\u00dferdem sollte er eine hohe biologische Vertr\u00e4glichkeit aufweisen und m\u00f6glichst nat\u00fcrlich aussehen, damit Sie sich wohlf\u00fchlen. Bei der Herstellung Ihres neuen Zahnersatzes vertrauen wir seit vielen Jahren und Jahrzehnten auf die Pr\u00e4zision meistergef\u00fchrter Dentallabore, in denen erfahrene Zahntechniker\/innen Ihr neues L\u00e4cheln schaffen.{:en}The growing range of innovative materials and advanced technologies makes it possible to cater to all needs in regard to fillings and dentures. Z\u00e4hn\u00e4rzte am Nollendorfplatz offer you state-of-the-art solutions providing maximum quality and comfort. We know your dentures must match the performance of the natural teeth they replace. Thanks to the possibilities of individual form and coloration, teeth can be restored or reproduced to look natural. Listed below are just a few applications in which tooth-coloured materials can be adapted to individual optical and physical requirements:{:}","og_url":"https:\/\/www.zahnaerzte-am-nollendorfplatz.de\/practice\/services\/prosthodontics\/","og_site_name":"Zahn\u00e4rzte am Nollendorfplatz","article_modified_time":"2026-01-18T01:48:16+00:00","twitter_card":"summary_large_image","twitter_misc":{"Est. reading time":"3 minutes"},"schema":{"@context":"https:\/\/schema.org","@graph":[{"@type":"WebPage","@id":"https:\/\/www.zahnaerzte-am-nollendorfplatz.de\/practice\/services\/prosthodontics\/","url":"https:\/\/www.zahnaerzte-am-nollendorfplatz.de\/practice\/services\/prosthodontics\/","name":"Prosthodontics - Zahn\u00e4rzte am Nollendorfplatz","isPartOf":{"@id":"https:\/\/www.zahnaerzte-am-nollendorfplatz.de\/practice\/#website"},"datePublished":"2010-01-07T19:37:56+00:00","dateModified":"2026-01-18T01:48:16+00:00","description":"{:de}Durch individuelle Bestimmung Ihrer Zahnform und -farbe kann Zahnersatz heute naturgetreu nachgebildet werden, so dass er von Ihren nat\u00fcrlichen Z\u00e4hnen kaum zu unterscheiden ist. Ihr Zahnersatz, der unseren Qualit\u00e4tsanspr\u00fcchen gen\u00fcgt, muss dabei hohen Kaukomfort sichern, belastbar, langlebig und widerstandsf\u00e4hig sein. Au\u00dferdem sollte er eine hohe biologische Vertr\u00e4glichkeit aufweisen und m\u00f6glichst nat\u00fcrlich aussehen, damit Sie sich wohlf\u00fchlen. Bei der Herstellung Ihres neuen Zahnersatzes vertrauen wir seit vielen Jahren und Jahrzehnten auf die Pr\u00e4zision meistergef\u00fchrter Dentallabore, in denen erfahrene Zahntechniker\/innen Ihr neues L\u00e4cheln schaffen.{:en}The growing range of innovative materials and advanced technologies makes it possible to cater to all needs in regard to fillings and dentures. Z\u00e4hn\u00e4rzte am Nollendorfplatz offer you state-of-the-art solutions providing maximum quality and comfort. We know your dentures must match the performance of the natural teeth they replace. Thanks to the possibilities of individual form and coloration, teeth can be restored or reproduced to look natural. Listed below are just a few applications in which tooth-coloured materials can be adapted to individual optical and physical requirements:{:}","breadcrumb":{"@id":"https:\/\/www.zahnaerzte-am-nollendorfplatz.de\/practice\/services\/prosthodontics\/#breadcrumb"},"inLanguage":"en-US","potentialAction":[{"@type":"ReadAction","target":["https:\/\/www.zahnaerzte-am-nollendorfplatz.de\/practice\/services\/prosthodontics\/"]}]},{"@type":"BreadcrumbList","@id":"https:\/\/www.zahnaerzte-am-nollendorfplatz.de\/practice\/services\/prosthodontics\/#breadcrumb","itemListElement":[{"@type":"ListItem","position":1,"name":"Startseite","item":"https:\/\/www.zahnaerzte-am-nollendorfplatz.de\/practice\/"},{"@type":"ListItem","position":2,"name":"Leistungen","item":"https:\/\/www.zahnaerzte-am-nollendorfplatz.de\/practice\/services\/"},{"@type":"ListItem","position":3,"name":"Zahnersatz"}]},{"@type":"WebSite","@id":"https:\/\/www.zahnaerzte-am-nollendorfplatz.de\/practice\/#website","url":"https:\/\/www.zahnaerzte-am-nollendorfplatz.de\/practice\/","name":"Zahn\u00e4rzte am Nollendorfplatz","description":"Berlin-Sch\u00f6neberg","publisher":{"@id":"https:\/\/www.zahnaerzte-am-nollendorfplatz.de\/practice\/#organization"},"potentialAction":[{"@type":"SearchAction","target":{"@type":"EntryPoint","urlTemplate":"https:\/\/www.zahnaerzte-am-nollendorfplatz.de\/practice\/?s={search_term_string}"},"query-input":"required name=search_term_string"}],"inLanguage":"en-US"},{"@type":"Organization","@id":"https:\/\/www.zahnaerzte-am-nollendorfplatz.de\/practice\/#organization","name":"Zahn\u00e4rzte am Nollendorfplatz","url":"https:\/\/www.zahnaerzte-am-nollendorfplatz.de\/practice\/","logo":{"@type":"ImageObject","inLanguage":"en-US","@id":"https:\/\/www.zahnaerzte-am-nollendorfplatz.de\/practice\/#\/schema\/logo\/image\/","url":"https:\/\/www.zahnaerzte-am-nollendorfplatz.de\/practice\/wp-content\/uploads\/Logo-solo.png","contentUrl":"https:\/\/www.zahnaerzte-am-nollendorfplatz.de\/practice\/wp-content\/uploads\/Logo-solo.png","width":630,"height":230,"caption":"Zahn\u00e4rzte am Nollendorfplatz"},"image":{"@id":"https:\/\/www.zahnaerzte-am-nollendorfplatz.de\/practice\/#\/schema\/logo\/image\/"}}]}},"_links":{"self":[{"href":"https:\/\/www.zahnaerzte-am-nollendorfplatz.de\/practice\/en\/wp-json\/wp\/v2\/pages\/15"}],"collection":[{"href":"https:\/\/www.zahnaerzte-am-nollendorfplatz.de\/practice\/en\/wp-json\/wp\/v2\/pages"}],"about":[{"href":"https:\/\/www.zahnaerzte-am-nollendorfplatz.de\/practice\/en\/wp-json\/wp\/v2\/types\/page"}],"author":[{"embeddable":true,"href":"https:\/\/www.zahnaerzte-am-nollendorfplatz.de\/practice\/en\/wp-json\/wp\/v2\/users\/1"}],"replies":[{"embeddable":true,"href":"https:\/\/www.zahnaerzte-am-nollendorfplatz.de\/practice\/en\/wp-json\/wp\/v2\/comments?post=15"}],"version-history":[{"count":19,"href":"https:\/\/www.zahnaerzte-am-nollendorfplatz.de\/practice\/en\/wp-json\/wp\/v2\/pages\/15\/revisions"}],"predecessor-version":[{"id":5608,"href":"https:\/\/www.zahnaerzte-am-nollendorfplatz.de\/practice\/en\/wp-json\/wp\/v2\/pages\/15\/revisions\/5608"}],"up":[{"embeddable":true,"href":"https:\/\/www.zahnaerzte-am-nollendorfplatz.de\/practice\/en\/wp-json\/wp\/v2\/pages\/21"}],"wp:attachment":[{"href":"https:\/\/www.zahnaerzte-am-nollendorfplatz.de\/practice\/en\/wp-json\/wp\/v2\/media?parent=15"}],"curies":[{"name":"wp","href":"https:\/\/api.w.org\/{rel}","templated":true}]}}