{"id":17,"date":"2010-01-07T21:40:21","date_gmt":"2010-01-07T19:40:21","guid":{"rendered":"http:\/\/www.maryon.ch\/home\/?page_id=17"},"modified":"2024-01-03T13:49:41","modified_gmt":"2024-01-03T12:49:41","slug":"impressum","status":"publish","type":"page","link":"https:\/\/www.zahnaerzte-am-nollendorfplatz.de\/practice\/en\/about\/impressum\/","title":{"rendered":"Legal notice"},"content":{"rendered":"<p><\/p>\n<h2>Zahn\u00e4rzte am Nollendorfplatz<br \/>Dr. Markus Lipp Peter Lutz Diana Sterl<br \/>PartG<\/h2>\n<p>Equal owners of the dental practice:<br \/>\nDr. Markus Lipp<br \/>\nPeter Lutz<br \/>\nDiana Sterl<\/p>\n<h2>Professional titles<\/h2>\n<p>The qualification to practice dentistry of each practitioner was obtained in the Federal Republic of Germany.<\/p>\n<h2>Supervisory body<\/h2>\n<p>The dental practice is subject to the supervision of <a href=\"http:\/\/www.kzv-berlin.de\/\" target=\"_blank\" rel=\"noopener noreferrer\">Kassenzahn\u00e4rztliche Vereinigung Berlin<\/a>, Georg-Wilhelm-Str. 16, 10711 Berlin.<\/p>\n<p>The owners of the practice are all members of the professional association Zahn\u00e4rztekammer Berlin, Stallstr. 1, 10585 Berlin.<\/p>\n<h2>Code of practice<\/h2>\n<p>See regulations of the professional association <a href=\"http:\/\/www.zaek-berlin.de\/\" target=\"_blank\" rel=\"noopener noreferrer\">Zahn\u00e4rztekammer Berlin (Z\u00c4K)<\/a>.<\/p>\n<h2>Professional regulations applying to dentists<\/h2>\n<ul>\n<li>Zahnheilkundegesetz (statute governing dentistry)<\/li>\n<li>Heilberufe-Kammergesetz (statute governing chambers of the healing professions)<\/li>\n<li>Geb\u00fchrenordnung f\u00fcr Zahn\u00e4rzte (scale of fees for dentists)<\/li>\n<li>Berufsordnung f\u00fcr Zahn\u00e4rzte (professional code for dentists)<\/li>\n<\/ul>\n<h2>Data privacy<\/h2>\n<p>All information and contact details received via this website or by e-mail will be handled with strict confidentiality and in compliance with data privacy laws. No data will be passed on to third parties.<\/p>\n<h2>Web design and programming<\/h2>\n<p><a href=\"https:\/\/ahao.studio\/studio\" target=\"_blank\" rel=\"noopener noreferrer\">Christophe Mou<\/a><\/p>","protected":false},"excerpt":{"rendered":"<p>Zahn\u00e4rzte am NollendorfplatzDr. Markus Lipp Peter Lutz Diana SterlPartG Equal owners of the dental practice: Dr. Markus Lipp Peter Lutz Diana Sterl Professional titles The qualification to practice dentistry of each practitioner was obtained in the Federal Republic of Germany. Supervisory body The dental practice is subject to the supervision of Kassenzahn\u00e4rztliche Vereinigung Berlin, Georg-Wilhelm-Str. [&hellip;]<\/p>\n","protected":false},"author":1,"featured_media":0,"parent":1410,"menu_order":5,"comment_status":"closed","ping_status":"closed","template":"legal-notice.php","meta":[],"yoast_head":"<!-- This site is optimized with the Yoast SEO plugin v19.14 - https:\/\/yoast.com\/wordpress\/plugins\/seo\/ -->\n<title>Legal notice - Zahn\u00e4rzte am Nollendorfplatz<\/title>\n<meta name=\"robots\" content=\"index, follow, max-snippet:-1, max-image-preview:large, max-video-preview:-1\" \/>\n<link rel=\"canonical\" href=\"https:\/\/www.zahnaerzte-am-nollendorfplatz.de\/practice\/about\/impressum\/\" \/>\n<meta property=\"og:locale\" content=\"en_US\" \/>\n<meta property=\"og:type\" content=\"article\" \/>\n<meta property=\"og:title\" content=\"Legal notice - Zahn\u00e4rzte am Nollendorfplatz\" \/>\n<meta property=\"og:description\" content=\"Zahn\u00e4rzte am NollendorfplatzDr. Markus Lipp Peter Lutz Diana SterlPartG Equal owners of the dental practice: Dr. Markus Lipp Peter Lutz Diana Sterl Professional titles The qualification to practice dentistry of each practitioner was obtained in the Federal Republic of Germany. Supervisory body The dental practice is subject to the supervision of Kassenzahn\u00e4rztliche Vereinigung Berlin, Georg-Wilhelm-Str. [&hellip;]\" \/>\n<meta property=\"og:url\" content=\"https:\/\/www.zahnaerzte-am-nollendorfplatz.de\/practice\/about\/impressum\/\" \/>\n<meta property=\"og:site_name\" content=\"Zahn\u00e4rzte am Nollendorfplatz\" \/>\n<meta property=\"article:modified_time\" content=\"2024-01-03T12:49:41+00:00\" \/>\n<meta name=\"twitter:card\" content=\"summary_large_image\" \/>\n<meta name=\"twitter:label1\" content=\"Est. reading time\" \/>\n\t<meta name=\"twitter:data1\" content=\"2 minutes\" \/>\n<script type=\"application\/ld+json\" class=\"yoast-schema-graph\">{\"@context\":\"https:\/\/schema.org\",\"@graph\":[{\"@type\":\"WebPage\",\"@id\":\"https:\/\/www.zahnaerzte-am-nollendorfplatz.de\/practice\/about\/impressum\/\",\"url\":\"https:\/\/www.zahnaerzte-am-nollendorfplatz.de\/practice\/about\/impressum\/\",\"name\":\"Legal notice - Zahn\u00e4rzte am Nollendorfplatz\",\"isPartOf\":{\"@id\":\"https:\/\/www.zahnaerzte-am-nollendorfplatz.de\/practice\/#website\"},\"datePublished\":\"2010-01-07T19:40:21+00:00\",\"dateModified\":\"2024-01-03T12:49:41+00:00\",\"breadcrumb\":{\"@id\":\"https:\/\/www.zahnaerzte-am-nollendorfplatz.de\/practice\/about\/impressum\/#breadcrumb\"},\"inLanguage\":\"en-US\",\"potentialAction\":[{\"@type\":\"ReadAction\",\"target\":[\"https:\/\/www.zahnaerzte-am-nollendorfplatz.de\/practice\/about\/impressum\/\"]}]},{\"@type\":\"BreadcrumbList\",\"@id\":\"https:\/\/www.zahnaerzte-am-nollendorfplatz.de\/practice\/about\/impressum\/#breadcrumb\",\"itemListElement\":[{\"@type\":\"ListItem\",\"position\":1,\"name\":\"Startseite\",\"item\":\"https:\/\/www.zahnaerzte-am-nollendorfplatz.de\/practice\/\"},{\"@type\":\"ListItem\",\"position\":2,\"name\":\"\u00dcber uns\",\"item\":\"https:\/\/www.zahnaerzte-am-nollendorfplatz.de\/practice\/about\/\"},{\"@type\":\"ListItem\",\"position\":3,\"name\":\"Impressum\"}]},{\"@type\":\"WebSite\",\"@id\":\"https:\/\/www.zahnaerzte-am-nollendorfplatz.de\/practice\/#website\",\"url\":\"https:\/\/www.zahnaerzte-am-nollendorfplatz.de\/practice\/\",\"name\":\"Zahn\u00e4rzte am Nollendorfplatz\",\"description\":\"Berlin-Sch\u00f6neberg\",\"publisher\":{\"@id\":\"https:\/\/www.zahnaerzte-am-nollendorfplatz.de\/practice\/#organization\"},\"potentialAction\":[{\"@type\":\"SearchAction\",\"target\":{\"@type\":\"EntryPoint\",\"urlTemplate\":\"https:\/\/www.zahnaerzte-am-nollendorfplatz.de\/practice\/?s={search_term_string}\"},\"query-input\":\"required name=search_term_string\"}],\"inLanguage\":\"en-US\"},{\"@type\":\"Organization\",\"@id\":\"https:\/\/www.zahnaerzte-am-nollendorfplatz.de\/practice\/#organization\",\"name\":\"Zahn\u00e4rzte am Nollendorfplatz\",\"url\":\"https:\/\/www.zahnaerzte-am-nollendorfplatz.de\/practice\/\",\"logo\":{\"@type\":\"ImageObject\",\"inLanguage\":\"en-US\",\"@id\":\"https:\/\/www.zahnaerzte-am-nollendorfplatz.de\/practice\/#\/schema\/logo\/image\/\",\"url\":\"https:\/\/www.zahnaerzte-am-nollendorfplatz.de\/practice\/wp-content\/uploads\/Logo-solo.png\",\"contentUrl\":\"https:\/\/www.zahnaerzte-am-nollendorfplatz.de\/practice\/wp-content\/uploads\/Logo-solo.png\",\"width\":630,\"height\":230,\"caption\":\"Zahn\u00e4rzte am Nollendorfplatz\"},\"image\":{\"@id\":\"https:\/\/www.zahnaerzte-am-nollendorfplatz.de\/practice\/#\/schema\/logo\/image\/\"}}]}<\/script>\n<!-- \/ Yoast SEO plugin. -->","yoast_head_json":{"title":"Legal notice - Zahn\u00e4rzte am Nollendorfplatz","robots":{"index":"index","follow":"follow","max-snippet":"max-snippet:-1","max-image-preview":"max-image-preview:large","max-video-preview":"max-video-preview:-1"},"canonical":"https:\/\/www.zahnaerzte-am-nollendorfplatz.de\/practice\/about\/impressum\/","og_locale":"en_US","og_type":"article","og_title":"Legal notice - Zahn\u00e4rzte am Nollendorfplatz","og_description":"Zahn\u00e4rzte am NollendorfplatzDr. Markus Lipp Peter Lutz Diana SterlPartG Equal owners of the dental practice: Dr. Markus Lipp Peter Lutz Diana Sterl Professional titles The qualification to practice dentistry of each practitioner was obtained in the Federal Republic of Germany. Supervisory body The dental practice is subject to the supervision of Kassenzahn\u00e4rztliche Vereinigung Berlin, Georg-Wilhelm-Str. [&hellip;]","og_url":"https:\/\/www.zahnaerzte-am-nollendorfplatz.de\/practice\/about\/impressum\/","og_site_name":"Zahn\u00e4rzte am Nollendorfplatz","article_modified_time":"2024-01-03T12:49:41+00:00","twitter_card":"summary_large_image","twitter_misc":{"Est. reading time":"2 minutes"},"schema":{"@context":"https:\/\/schema.org","@graph":[{"@type":"WebPage","@id":"https:\/\/www.zahnaerzte-am-nollendorfplatz.de\/practice\/about\/impressum\/","url":"https:\/\/www.zahnaerzte-am-nollendorfplatz.de\/practice\/about\/impressum\/","name":"Legal notice - Zahn\u00e4rzte am Nollendorfplatz","isPartOf":{"@id":"https:\/\/www.zahnaerzte-am-nollendorfplatz.de\/practice\/#website"},"datePublished":"2010-01-07T19:40:21+00:00","dateModified":"2024-01-03T12:49:41+00:00","breadcrumb":{"@id":"https:\/\/www.zahnaerzte-am-nollendorfplatz.de\/practice\/about\/impressum\/#breadcrumb"},"inLanguage":"en-US","potentialAction":[{"@type":"ReadAction","target":["https:\/\/www.zahnaerzte-am-nollendorfplatz.de\/practice\/about\/impressum\/"]}]},{"@type":"BreadcrumbList","@id":"https:\/\/www.zahnaerzte-am-nollendorfplatz.de\/practice\/about\/impressum\/#breadcrumb","itemListElement":[{"@type":"ListItem","position":1,"name":"Startseite","item":"https:\/\/www.zahnaerzte-am-nollendorfplatz.de\/practice\/"},{"@type":"ListItem","position":2,"name":"\u00dcber uns","item":"https:\/\/www.zahnaerzte-am-nollendorfplatz.de\/practice\/about\/"},{"@type":"ListItem","position":3,"name":"Impressum"}]},{"@type":"WebSite","@id":"https:\/\/www.zahnaerzte-am-nollendorfplatz.de\/practice\/#website","url":"https:\/\/www.zahnaerzte-am-nollendorfplatz.de\/practice\/","name":"Zahn\u00e4rzte am Nollendorfplatz","description":"Berlin-Sch\u00f6neberg","publisher":{"@id":"https:\/\/www.zahnaerzte-am-nollendorfplatz.de\/practice\/#organization"},"potentialAction":[{"@type":"SearchAction","target":{"@type":"EntryPoint","urlTemplate":"https:\/\/www.zahnaerzte-am-nollendorfplatz.de\/practice\/?s={search_term_string}"},"query-input":"required name=search_term_string"}],"inLanguage":"en-US"},{"@type":"Organization","@id":"https:\/\/www.zahnaerzte-am-nollendorfplatz.de\/practice\/#organization","name":"Zahn\u00e4rzte am Nollendorfplatz","url":"https:\/\/www.zahnaerzte-am-nollendorfplatz.de\/practice\/","logo":{"@type":"ImageObject","inLanguage":"en-US","@id":"https:\/\/www.zahnaerzte-am-nollendorfplatz.de\/practice\/#\/schema\/logo\/image\/","url":"https:\/\/www.zahnaerzte-am-nollendorfplatz.de\/practice\/wp-content\/uploads\/Logo-solo.png","contentUrl":"https:\/\/www.zahnaerzte-am-nollendorfplatz.de\/practice\/wp-content\/uploads\/Logo-solo.png","width":630,"height":230,"caption":"Zahn\u00e4rzte am Nollendorfplatz"},"image":{"@id":"https:\/\/www.zahnaerzte-am-nollendorfplatz.de\/practice\/#\/schema\/logo\/image\/"}}]}},"_links":{"self":[{"href":"https:\/\/www.zahnaerzte-am-nollendorfplatz.de\/practice\/en\/wp-json\/wp\/v2\/pages\/17"}],"collection":[{"href":"https:\/\/www.zahnaerzte-am-nollendorfplatz.de\/practice\/en\/wp-json\/wp\/v2\/pages"}],"about":[{"href":"https:\/\/www.zahnaerzte-am-nollendorfplatz.de\/practice\/en\/wp-json\/wp\/v2\/types\/page"}],"author":[{"embeddable":true,"href":"https:\/\/www.zahnaerzte-am-nollendorfplatz.de\/practice\/en\/wp-json\/wp\/v2\/users\/1"}],"replies":[{"embeddable":true,"href":"https:\/\/www.zahnaerzte-am-nollendorfplatz.de\/practice\/en\/wp-json\/wp\/v2\/comments?post=17"}],"version-history":[{"count":60,"href":"https:\/\/www.zahnaerzte-am-nollendorfplatz.de\/practice\/en\/wp-json\/wp\/v2\/pages\/17\/revisions"}],"predecessor-version":[{"id":5573,"href":"https:\/\/www.zahnaerzte-am-nollendorfplatz.de\/practice\/en\/wp-json\/wp\/v2\/pages\/17\/revisions\/5573"}],"up":[{"embeddable":true,"href":"https:\/\/www.zahnaerzte-am-nollendorfplatz.de\/practice\/en\/wp-json\/wp\/v2\/pages\/1410"}],"wp:attachment":[{"href":"https:\/\/www.zahnaerzte-am-nollendorfplatz.de\/practice\/en\/wp-json\/wp\/v2\/media?parent=17"}],"curies":[{"name":"wp","href":"https:\/\/api.w.org\/{rel}","templated":true}]}}