{"id":219,"date":"2010-03-23T20:08:59","date_gmt":"2010-03-23T18:08:59","guid":{"rendered":"http:\/\/localhost\/b-l-l\/practice\/?page_id=219"},"modified":"2020-11-26T12:46:33","modified_gmt":"2020-11-26T11:46:33","slug":"assistance","status":"publish","type":"page","link":"https:\/\/www.zahnaerzte-am-nollendorfplatz.de\/practice\/en\/team\/assistance\/","title":{"rendered":"Treatment assistance"},"content":{"rendered":"<p><\/p>\n<div class=\"semibox floatl box-style-vcard\">\n<div class=\"description assistant\">\n<div class=\"img Wache\"><\/div>\n<div class=\"text\">\n<h1>Sanem Wache<\/h1>\n<p>Dental assistant (ZFA)<\/p>\n<p>QM representative 2<\/p>\n<\/p><\/div>\n<\/p><\/div>\n<div class=\"person-data-tb prophylaxe floatl box-style-tb\">\n<div class=\"curriculum floatl-tb nod-iph\">\n<h2>Languages<\/h2>\n<dl class=\"languages-b\">\n<dt>Deutsch: <\/dt>\n<dd>muttersprachlich<\/dd>\n<dt>T\u00fcrk: <\/dt>\n<dd>anadil<\/dd>\n<dt>English: <\/dt>\n<dd>good<\/dd>\n<\/dl>\n<\/div>\n<\/div>\n<\/div>\n<div class=\"semibox floatl box-style-vcard\">\n<div class=\"description assistant\">\n<div class=\"img Oender\"><\/div>\n<div class=\"text\">\n<h1>Nejla \u00d6nder<\/h1>\n<p>Dental assistant (ZFA)<\/p>\n<p>On maternity leave<\/p>\n<\/p><\/div>\n<\/div>\n<div class=\"person-data-tb prophylaxe floatl box-style-tb\">\n<div class=\"curriculum floatl-tb nod-iph\">\n<h2>Languages<\/h2>\n<dl class=\"languages-b\">\n<dt>Deutsch: <\/dt>\n<dd>muttersprachlich<\/dd>\n<dt>T\u00fcrk: <\/dt>\n<dd>anadil<\/dd>\n<dt>English: <\/dt>\n<dd>good<\/dd>\n<\/dl>\n<\/div>\n<\/div>\n<\/div>\n<div class=\"semibox floatl box-style-vcard\">\n<div class=\"description assistant\">\n<div class=\"img Jahn\"><\/div>\n<div class=\"text\">\n<h1>Marlisa Jahn<\/h1>\n<p>Dental assistant (ZFA)<\/p>\n<\/p><\/div>\n<\/div>\n<div class=\"person-data-tb prophylaxe floatl box-style-tb\">\n<div class=\"curriculum floatl-tb nod-iph\">\n<h2>Languages<\/h2>\n<dl class=\"languages-b\">\n<dt>Deutsch: <\/dt>\n<dd>muttersprachlich<\/dd>\n<dt>English: <\/dt>\n<dd>good<\/dd>\n<\/dl>\n<\/div>\n<\/div>\n<\/div>\n<div class=\"semibox floatl box-style-vcard\">\n<div class=\"description assistant\">\n<div class=\"img Standt\"><\/div>\n<div class=\"text\">\n<h1>Annemarie Standt<\/h1>\n<p>Dental assistant (ZFA)<\/p>\n<\/p><\/div>\n<\/div>\n<div class=\"person-data-tb prophylaxe floatl box-style-tb\">\n<div class=\"curriculum floatl-tb nod-iph\">\n<h2>Languages<\/h2>\n<dl class=\"languages-b\">\n<dt>Deutsch: <\/dt>\n<dd>muttersprachlich<\/dd>\n<dt>English: <\/dt>\n<dd>basic<\/dd>\n<\/dl>\n<\/div>\n<\/div>\n<\/div>\n<div class=\"semibox floatl box-style-vcard\">\n<div class=\"description assistant\">\n<div class=\"img Baidaewa\"><\/div>\n<div class=\"text\">\n<h1>Milana Baidaewa<\/h1>\n<p>Dental assistant (ZFA)<\/p>\n<\/p><\/div>\n<\/div>\n<div class=\"person-data-tb prophylaxe floatl box-style-tb\">\n<div class=\"curriculum floatl-tb nod-iph\">\n<h2>Languages<\/h2>\n<dl class=\"languages-b\">\n<dt>Deutsch: <\/dt>\n<dd>muttersprachlich<\/dd>\n<dt>Tschetschenisch: <\/dt>\n<dd>muttersprachlich<\/dd>\n<dt>English: <\/dt>\n<dd>good<\/dd>\n<dt>Fran\u00e7ais: <\/dt>\n<dd>bon<\/dd>\n<\/dl>\n<\/div>\n<\/div>\n<\/div>\n<div class=\"semibox floatl box-style-vcard\">\n<div class=\"description assistant\">\n<div class=\"img Elias\"><\/div>\n<div class=\"text\">\n<h1>Layestan Elias<\/h1>\n<p>Dental assistant (ZFA)<\/p>\n<\/p><\/div>\n<\/div>\n<div class=\"person-data-tb prophylaxe floatl box-style-tb\">\n<div class=\"curriculum floatl-tb nod-iph\">\n<h2>Languages<\/h2>\n<dl class=\"languages-b\">\n<dt><span lang=\"ku-Arab\" dir=\"rtl\" xml:lang=\"ku-Arab\">\u06a9\u0648\u0631\u062f\u06cc<\/span>\u200e\u00a0: <\/dt>\n<dd>\u0632\u0628\u0627\u0646 \u0645\u0627\u062f\u0631\u06cc<\/dd>\n<dt>\u0627\u0644\u0639\u0631\u0628\u064a\u0629\u00a0: <\/dt>\n<dd>\u062d\u0633\u0646<\/dd>\n<dt>Deutsch: <\/dt>\n<dd>gut<\/dd>\n<dt>English: <\/dt>\n<dd>good<\/dd>\n<\/dl>\n<\/div>\n<\/div>\n<\/div>\n<p><\/p>","protected":false},"excerpt":{"rendered":"<p>Sanem Wache Dental assistant (ZFA) QM representative 2 Languages Deutsch: muttersprachlich T\u00fcrk: anadil English: good Nejla \u00d6nder Dental assistant (ZFA) On maternity leave Languages Deutsch: muttersprachlich T\u00fcrk: anadil English: good Marlisa Jahn Dental assistant (ZFA) Languages Deutsch: muttersprachlich English: good Annemarie Standt Dental assistant (ZFA) Languages Deutsch: muttersprachlich English: basic Milana Baidaewa Dental assistant (ZFA) [&hellip;]<\/p>\n","protected":false},"author":1,"featured_media":0,"parent":22,"menu_order":4,"comment_status":"closed","ping_status":"closed","template":"team.php","meta":[],"yoast_head":"<!-- This site is optimized with the Yoast SEO plugin v19.14 - https:\/\/yoast.com\/wordpress\/plugins\/seo\/ -->\n<title>Treatment assistance - Zahn\u00e4rzte am Nollendorfplatz<\/title>\n<meta name=\"robots\" content=\"index, follow, max-snippet:-1, max-image-preview:large, max-video-preview:-1\" \/>\n<link rel=\"canonical\" href=\"https:\/\/www.zahnaerzte-am-nollendorfplatz.de\/practice\/team\/assistance\/\" \/>\n<meta property=\"og:locale\" content=\"en_US\" \/>\n<meta property=\"og:type\" content=\"article\" \/>\n<meta property=\"og:title\" content=\"Treatment assistance - Zahn\u00e4rzte am Nollendorfplatz\" \/>\n<meta property=\"og:description\" content=\"Sanem Wache Dental assistant (ZFA) QM representative 2 Languages Deutsch: muttersprachlich T\u00fcrk: anadil English: good Nejla \u00d6nder Dental assistant (ZFA) On maternity leave Languages Deutsch: muttersprachlich T\u00fcrk: anadil English: good Marlisa Jahn Dental assistant (ZFA) Languages Deutsch: muttersprachlich English: good Annemarie Standt Dental assistant (ZFA) Languages Deutsch: muttersprachlich English: basic Milana Baidaewa Dental assistant (ZFA) [&hellip;]\" \/>\n<meta property=\"og:url\" content=\"https:\/\/www.zahnaerzte-am-nollendorfplatz.de\/practice\/team\/assistance\/\" \/>\n<meta property=\"og:site_name\" content=\"Zahn\u00e4rzte am Nollendorfplatz\" \/>\n<meta property=\"article:modified_time\" content=\"2020-11-26T11:46:33+00:00\" \/>\n<meta name=\"twitter:card\" content=\"summary_large_image\" \/>\n<meta name=\"twitter:label1\" content=\"Est. reading time\" \/>\n\t<meta name=\"twitter:data1\" content=\"1 minute\" \/>\n<script type=\"application\/ld+json\" class=\"yoast-schema-graph\">{\"@context\":\"https:\/\/schema.org\",\"@graph\":[{\"@type\":\"WebPage\",\"@id\":\"https:\/\/www.zahnaerzte-am-nollendorfplatz.de\/practice\/team\/assistance\/\",\"url\":\"https:\/\/www.zahnaerzte-am-nollendorfplatz.de\/practice\/team\/assistance\/\",\"name\":\"Treatment assistance - Zahn\u00e4rzte am Nollendorfplatz\",\"isPartOf\":{\"@id\":\"https:\/\/www.zahnaerzte-am-nollendorfplatz.de\/practice\/#website\"},\"datePublished\":\"2010-03-23T18:08:59+00:00\",\"dateModified\":\"2020-11-26T11:46:33+00:00\",\"breadcrumb\":{\"@id\":\"https:\/\/www.zahnaerzte-am-nollendorfplatz.de\/practice\/team\/assistance\/#breadcrumb\"},\"inLanguage\":\"en-US\",\"potentialAction\":[{\"@type\":\"ReadAction\",\"target\":[\"https:\/\/www.zahnaerzte-am-nollendorfplatz.de\/practice\/team\/assistance\/\"]}]},{\"@type\":\"BreadcrumbList\",\"@id\":\"https:\/\/www.zahnaerzte-am-nollendorfplatz.de\/practice\/team\/assistance\/#breadcrumb\",\"itemListElement\":[{\"@type\":\"ListItem\",\"position\":1,\"name\":\"Startseite\",\"item\":\"https:\/\/www.zahnaerzte-am-nollendorfplatz.de\/practice\/\"},{\"@type\":\"ListItem\",\"position\":2,\"name\":\"Ihr Team\",\"item\":\"https:\/\/www.zahnaerzte-am-nollendorfplatz.de\/practice\/team\/\"},{\"@type\":\"ListItem\",\"position\":3,\"name\":\"Behandlungsassistenz\"}]},{\"@type\":\"WebSite\",\"@id\":\"https:\/\/www.zahnaerzte-am-nollendorfplatz.de\/practice\/#website\",\"url\":\"https:\/\/www.zahnaerzte-am-nollendorfplatz.de\/practice\/\",\"name\":\"Zahn\u00e4rzte am Nollendorfplatz\",\"description\":\"Berlin-Sch\u00f6neberg\",\"publisher\":{\"@id\":\"https:\/\/www.zahnaerzte-am-nollendorfplatz.de\/practice\/#organization\"},\"potentialAction\":[{\"@type\":\"SearchAction\",\"target\":{\"@type\":\"EntryPoint\",\"urlTemplate\":\"https:\/\/www.zahnaerzte-am-nollendorfplatz.de\/practice\/?s={search_term_string}\"},\"query-input\":\"required name=search_term_string\"}],\"inLanguage\":\"en-US\"},{\"@type\":\"Organization\",\"@id\":\"https:\/\/www.zahnaerzte-am-nollendorfplatz.de\/practice\/#organization\",\"name\":\"Zahn\u00e4rzte am Nollendorfplatz\",\"url\":\"https:\/\/www.zahnaerzte-am-nollendorfplatz.de\/practice\/\",\"logo\":{\"@type\":\"ImageObject\",\"inLanguage\":\"en-US\",\"@id\":\"https:\/\/www.zahnaerzte-am-nollendorfplatz.de\/practice\/#\/schema\/logo\/image\/\",\"url\":\"https:\/\/www.zahnaerzte-am-nollendorfplatz.de\/practice\/wp-content\/uploads\/Logo-solo.png\",\"contentUrl\":\"https:\/\/www.zahnaerzte-am-nollendorfplatz.de\/practice\/wp-content\/uploads\/Logo-solo.png\",\"width\":630,\"height\":230,\"caption\":\"Zahn\u00e4rzte am Nollendorfplatz\"},\"image\":{\"@id\":\"https:\/\/www.zahnaerzte-am-nollendorfplatz.de\/practice\/#\/schema\/logo\/image\/\"}}]}<\/script>\n<!-- \/ Yoast SEO plugin. -->","yoast_head_json":{"title":"Treatment assistance - Zahn\u00e4rzte am Nollendorfplatz","robots":{"index":"index","follow":"follow","max-snippet":"max-snippet:-1","max-image-preview":"max-image-preview:large","max-video-preview":"max-video-preview:-1"},"canonical":"https:\/\/www.zahnaerzte-am-nollendorfplatz.de\/practice\/team\/assistance\/","og_locale":"en_US","og_type":"article","og_title":"Treatment assistance - Zahn\u00e4rzte am Nollendorfplatz","og_description":"Sanem Wache Dental assistant (ZFA) QM representative 2 Languages Deutsch: muttersprachlich T\u00fcrk: anadil English: good Nejla \u00d6nder Dental assistant (ZFA) On maternity leave Languages Deutsch: muttersprachlich T\u00fcrk: anadil English: good Marlisa Jahn Dental assistant (ZFA) Languages Deutsch: muttersprachlich English: good Annemarie Standt Dental assistant (ZFA) Languages Deutsch: muttersprachlich English: basic Milana Baidaewa Dental assistant (ZFA) [&hellip;]","og_url":"https:\/\/www.zahnaerzte-am-nollendorfplatz.de\/practice\/team\/assistance\/","og_site_name":"Zahn\u00e4rzte am Nollendorfplatz","article_modified_time":"2020-11-26T11:46:33+00:00","twitter_card":"summary_large_image","twitter_misc":{"Est. reading time":"1 minute"},"schema":{"@context":"https:\/\/schema.org","@graph":[{"@type":"WebPage","@id":"https:\/\/www.zahnaerzte-am-nollendorfplatz.de\/practice\/team\/assistance\/","url":"https:\/\/www.zahnaerzte-am-nollendorfplatz.de\/practice\/team\/assistance\/","name":"Treatment assistance - Zahn\u00e4rzte am Nollendorfplatz","isPartOf":{"@id":"https:\/\/www.zahnaerzte-am-nollendorfplatz.de\/practice\/#website"},"datePublished":"2010-03-23T18:08:59+00:00","dateModified":"2020-11-26T11:46:33+00:00","breadcrumb":{"@id":"https:\/\/www.zahnaerzte-am-nollendorfplatz.de\/practice\/team\/assistance\/#breadcrumb"},"inLanguage":"en-US","potentialAction":[{"@type":"ReadAction","target":["https:\/\/www.zahnaerzte-am-nollendorfplatz.de\/practice\/team\/assistance\/"]}]},{"@type":"BreadcrumbList","@id":"https:\/\/www.zahnaerzte-am-nollendorfplatz.de\/practice\/team\/assistance\/#breadcrumb","itemListElement":[{"@type":"ListItem","position":1,"name":"Startseite","item":"https:\/\/www.zahnaerzte-am-nollendorfplatz.de\/practice\/"},{"@type":"ListItem","position":2,"name":"Ihr Team","item":"https:\/\/www.zahnaerzte-am-nollendorfplatz.de\/practice\/team\/"},{"@type":"ListItem","position":3,"name":"Behandlungsassistenz"}]},{"@type":"WebSite","@id":"https:\/\/www.zahnaerzte-am-nollendorfplatz.de\/practice\/#website","url":"https:\/\/www.zahnaerzte-am-nollendorfplatz.de\/practice\/","name":"Zahn\u00e4rzte am Nollendorfplatz","description":"Berlin-Sch\u00f6neberg","publisher":{"@id":"https:\/\/www.zahnaerzte-am-nollendorfplatz.de\/practice\/#organization"},"potentialAction":[{"@type":"SearchAction","target":{"@type":"EntryPoint","urlTemplate":"https:\/\/www.zahnaerzte-am-nollendorfplatz.de\/practice\/?s={search_term_string}"},"query-input":"required name=search_term_string"}],"inLanguage":"en-US"},{"@type":"Organization","@id":"https:\/\/www.zahnaerzte-am-nollendorfplatz.de\/practice\/#organization","name":"Zahn\u00e4rzte am Nollendorfplatz","url":"https:\/\/www.zahnaerzte-am-nollendorfplatz.de\/practice\/","logo":{"@type":"ImageObject","inLanguage":"en-US","@id":"https:\/\/www.zahnaerzte-am-nollendorfplatz.de\/practice\/#\/schema\/logo\/image\/","url":"https:\/\/www.zahnaerzte-am-nollendorfplatz.de\/practice\/wp-content\/uploads\/Logo-solo.png","contentUrl":"https:\/\/www.zahnaerzte-am-nollendorfplatz.de\/practice\/wp-content\/uploads\/Logo-solo.png","width":630,"height":230,"caption":"Zahn\u00e4rzte am Nollendorfplatz"},"image":{"@id":"https:\/\/www.zahnaerzte-am-nollendorfplatz.de\/practice\/#\/schema\/logo\/image\/"}}]}},"_links":{"self":[{"href":"https:\/\/www.zahnaerzte-am-nollendorfplatz.de\/practice\/en\/wp-json\/wp\/v2\/pages\/219"}],"collection":[{"href":"https:\/\/www.zahnaerzte-am-nollendorfplatz.de\/practice\/en\/wp-json\/wp\/v2\/pages"}],"about":[{"href":"https:\/\/www.zahnaerzte-am-nollendorfplatz.de\/practice\/en\/wp-json\/wp\/v2\/types\/page"}],"author":[{"embeddable":true,"href":"https:\/\/www.zahnaerzte-am-nollendorfplatz.de\/practice\/en\/wp-json\/wp\/v2\/users\/1"}],"replies":[{"embeddable":true,"href":"https:\/\/www.zahnaerzte-am-nollendorfplatz.de\/practice\/en\/wp-json\/wp\/v2\/comments?post=219"}],"version-history":[{"count":62,"href":"https:\/\/www.zahnaerzte-am-nollendorfplatz.de\/practice\/en\/wp-json\/wp\/v2\/pages\/219\/revisions"}],"predecessor-version":[{"id":3284,"href":"https:\/\/www.zahnaerzte-am-nollendorfplatz.de\/practice\/en\/wp-json\/wp\/v2\/pages\/219\/revisions\/3284"}],"up":[{"embeddable":true,"href":"https:\/\/www.zahnaerzte-am-nollendorfplatz.de\/practice\/en\/wp-json\/wp\/v2\/pages\/22"}],"wp:attachment":[{"href":"https:\/\/www.zahnaerzte-am-nollendorfplatz.de\/practice\/en\/wp-json\/wp\/v2\/media?parent=219"}],"curies":[{"name":"wp","href":"https:\/\/api.w.org\/{rel}","templated":true}]}}