{"id":234,"date":"2010-04-07T06:54:53","date_gmt":"2010-04-07T04:54:53","guid":{"rendered":"http:\/\/localhost\/b-l-l\/practice\/?page_id=234"},"modified":"2022-12-14T14:23:31","modified_gmt":"2022-12-14T13:23:31","slug":"endontics","status":"publish","type":"page","link":"https:\/\/www.zahnaerzte-am-nollendorfplatz.de\/practice\/en\/services\/endontics\/","title":{"rendered":"Endontics"},"content":{"rendered":"<p><\/p>\n<h2>Saving teeth by means of state-of-the-art root canal treatment<\/h2>\n<p>If a tooth is suffering from advanced decay or a large piece has broken off, bacteria invade the interior and cause inflammation of the nerve. Such inflammation may be not only very painful but, left unchecked, will lead to the death of the tooth, sometimes resulting in purulent inflammation of the jawbone. In severe case, the damaged tooth may have to be extracted.<\/p>\n<h2>Left untreated, a dead tooth can inflict grave damage (throughout the entire body)<\/h2>\n<p>A tooth damaged in such a way can be saved permanently only by means of competent endodontic (root canal) treatment. This procedure involves opening up the affected tooth and very carefully cleaning and disinfecting it from the inside. For root canal treatment we employ a Zeiss dental OP microscope, an instrument that considerably enhances the procedure\u2019s prospects of success.<\/p>\n<h2>Procedures based on advanced technology<\/h2>\n<p>The tooth is prepared using state-of-the-art flexible titanium and\u00a0ultrasonic instruments. After being prepared with maximum precision, the core of the tooth is permanently sealed to prevent further bacterial invasion.<\/p>\n<h2>A positive outlook: for your teeth and general health<\/h2>\n<p>In most cases the method employed guarantees the long-term preservation of the tooth. The effort and expenditure pay off, since replacing a tooth can be expensive as well as uncomfortable.<\/p>\n<p>The sooner you consult us in such cases, the better the result for your overall well-being.<\/p>","protected":false},"excerpt":{"rendered":"<p>Saving teeth by means of state-of-the-art root canal treatment If a tooth is suffering from advanced decay or a large piece has broken off, bacteria invade the interior and cause inflammation of the nerve. Such inflammation may be not only very painful but, left unchecked, will lead to the death of the tooth, sometimes resulting [&hellip;]<\/p>\n","protected":false},"author":1,"featured_media":0,"parent":21,"menu_order":3,"comment_status":"closed","ping_status":"closed","template":"services.php","meta":[],"yoast_head":"<!-- This site is optimized with the Yoast SEO plugin v19.14 - https:\/\/yoast.com\/wordpress\/plugins\/seo\/ -->\n<title>Endontics - Zahn\u00e4rzte am Nollendorfplatz<\/title>\n<meta name=\"description\" content=\"The tooth is prepared using state-of-the-art flexible titanium and\u00a0ultrasonic instruments. After being prepared with maximum precision, the core of the tooth is permanently sealed to prevent further bacterial invasion. In most cases the method employed guarantees the long-term preservation of the tooth. The effort and expenditure pay off, since replacing a tooth can be expensive as well as uncomfortable.\" \/>\n<meta name=\"robots\" content=\"index, follow, max-snippet:-1, max-image-preview:large, max-video-preview:-1\" \/>\n<link rel=\"canonical\" href=\"https:\/\/www.zahnaerzte-am-nollendorfplatz.de\/practice\/services\/endontics\/\" \/>\n<meta property=\"og:locale\" content=\"en_US\" \/>\n<meta property=\"og:type\" content=\"article\" \/>\n<meta property=\"og:title\" content=\"Endontics - Zahn\u00e4rzte am Nollendorfplatz\" \/>\n<meta property=\"og:description\" content=\"{:de}Die moderne Wurzelkanalbehandlung erfolgt mittels innovativer Behandlungstechnologien. Sie umfasst die maschinelle Aufbereitung des Wurzelkanalsystems mit grazilen Pr\u00e4zisionsinstrumenten und die ultraschallaktivierte Desinfektion, damit die Sp\u00fcll\u00f6sung auch in die kleinsten Kanalverzweigungen gelangen kann. Zudem verwenden wir ein dentales OP-Mikroskop, mit dem eine vielfache Vergr\u00f6\u00dferung des Kanalsystems erzielt wird \u2013 denn nur was wir sehen, l\u00e4sst sich behandeln.{:en}The tooth is prepared using state-of-the-art flexible titanium and\u00a0ultrasonic instruments. After being prepared with maximum precision, the core of the tooth is permanently sealed to prevent further bacterial invasion. In most cases the method employed guarantees the long-term preservation of the tooth. The effort and expenditure pay off, since replacing a tooth can be expensive as well as uncomfortable.{:}\" \/>\n<meta property=\"og:url\" content=\"https:\/\/www.zahnaerzte-am-nollendorfplatz.de\/practice\/services\/endontics\/\" \/>\n<meta property=\"og:site_name\" content=\"Zahn\u00e4rzte am Nollendorfplatz\" \/>\n<meta property=\"article:modified_time\" content=\"2022-12-14T13:23:31+00:00\" \/>\n<meta name=\"twitter:card\" content=\"summary_large_image\" \/>\n<meta name=\"twitter:label1\" content=\"Est. reading time\" \/>\n\t<meta name=\"twitter:data1\" content=\"2 minutes\" \/>\n<script type=\"application\/ld+json\" class=\"yoast-schema-graph\">{\"@context\":\"https:\/\/schema.org\",\"@graph\":[{\"@type\":\"WebPage\",\"@id\":\"https:\/\/www.zahnaerzte-am-nollendorfplatz.de\/practice\/services\/endontics\/\",\"url\":\"https:\/\/www.zahnaerzte-am-nollendorfplatz.de\/practice\/services\/endontics\/\",\"name\":\"Endontics - Zahn\u00e4rzte am Nollendorfplatz\",\"isPartOf\":{\"@id\":\"https:\/\/www.zahnaerzte-am-nollendorfplatz.de\/practice\/#website\"},\"datePublished\":\"2010-04-07T04:54:53+00:00\",\"dateModified\":\"2022-12-14T13:23:31+00:00\",\"description\":\"{:de}Die moderne Wurzelkanalbehandlung erfolgt mittels innovativer Behandlungstechnologien. Sie umfasst die maschinelle Aufbereitung des Wurzelkanalsystems mit grazilen Pr\u00e4zisionsinstrumenten und die ultraschallaktivierte Desinfektion, damit die Sp\u00fcll\u00f6sung auch in die kleinsten Kanalverzweigungen gelangen kann. Zudem verwenden wir ein dentales OP-Mikroskop, mit dem eine vielfache Vergr\u00f6\u00dferung des Kanalsystems erzielt wird \u2013 denn nur was wir sehen, l\u00e4sst sich behandeln.{:en}The tooth is prepared using state-of-the-art flexible titanium and\u00a0ultrasonic instruments. After being prepared with maximum precision, the core of the tooth is permanently sealed to prevent further bacterial invasion. In most cases the method employed guarantees the long-term preservation of the tooth. The effort and expenditure pay off, since replacing a tooth can be expensive as well as uncomfortable.{:}\",\"breadcrumb\":{\"@id\":\"https:\/\/www.zahnaerzte-am-nollendorfplatz.de\/practice\/services\/endontics\/#breadcrumb\"},\"inLanguage\":\"en-US\",\"potentialAction\":[{\"@type\":\"ReadAction\",\"target\":[\"https:\/\/www.zahnaerzte-am-nollendorfplatz.de\/practice\/services\/endontics\/\"]}]},{\"@type\":\"BreadcrumbList\",\"@id\":\"https:\/\/www.zahnaerzte-am-nollendorfplatz.de\/practice\/services\/endontics\/#breadcrumb\",\"itemListElement\":[{\"@type\":\"ListItem\",\"position\":1,\"name\":\"Startseite\",\"item\":\"https:\/\/www.zahnaerzte-am-nollendorfplatz.de\/practice\/\"},{\"@type\":\"ListItem\",\"position\":2,\"name\":\"Leistungen\",\"item\":\"https:\/\/www.zahnaerzte-am-nollendorfplatz.de\/practice\/services\/\"},{\"@type\":\"ListItem\",\"position\":3,\"name\":\"Endodontie\"}]},{\"@type\":\"WebSite\",\"@id\":\"https:\/\/www.zahnaerzte-am-nollendorfplatz.de\/practice\/#website\",\"url\":\"https:\/\/www.zahnaerzte-am-nollendorfplatz.de\/practice\/\",\"name\":\"Zahn\u00e4rzte am Nollendorfplatz\",\"description\":\"Berlin-Sch\u00f6neberg\",\"publisher\":{\"@id\":\"https:\/\/www.zahnaerzte-am-nollendorfplatz.de\/practice\/#organization\"},\"potentialAction\":[{\"@type\":\"SearchAction\",\"target\":{\"@type\":\"EntryPoint\",\"urlTemplate\":\"https:\/\/www.zahnaerzte-am-nollendorfplatz.de\/practice\/?s={search_term_string}\"},\"query-input\":\"required name=search_term_string\"}],\"inLanguage\":\"en-US\"},{\"@type\":\"Organization\",\"@id\":\"https:\/\/www.zahnaerzte-am-nollendorfplatz.de\/practice\/#organization\",\"name\":\"Zahn\u00e4rzte am Nollendorfplatz\",\"url\":\"https:\/\/www.zahnaerzte-am-nollendorfplatz.de\/practice\/\",\"logo\":{\"@type\":\"ImageObject\",\"inLanguage\":\"en-US\",\"@id\":\"https:\/\/www.zahnaerzte-am-nollendorfplatz.de\/practice\/#\/schema\/logo\/image\/\",\"url\":\"https:\/\/www.zahnaerzte-am-nollendorfplatz.de\/practice\/wp-content\/uploads\/Logo-solo.png\",\"contentUrl\":\"https:\/\/www.zahnaerzte-am-nollendorfplatz.de\/practice\/wp-content\/uploads\/Logo-solo.png\",\"width\":630,\"height\":230,\"caption\":\"Zahn\u00e4rzte am Nollendorfplatz\"},\"image\":{\"@id\":\"https:\/\/www.zahnaerzte-am-nollendorfplatz.de\/practice\/#\/schema\/logo\/image\/\"}}]}<\/script>\n<!-- \/ Yoast SEO plugin. -->","yoast_head_json":{"title":"Endontics - Zahn\u00e4rzte am Nollendorfplatz","description":"The tooth is prepared using state-of-the-art flexible titanium and\u00a0ultrasonic instruments. After being prepared with maximum precision, the core of the tooth is permanently sealed to prevent further bacterial invasion. In most cases the method employed guarantees the long-term preservation of the tooth. The effort and expenditure pay off, since replacing a tooth can be expensive as well as uncomfortable.","robots":{"index":"index","follow":"follow","max-snippet":"max-snippet:-1","max-image-preview":"max-image-preview:large","max-video-preview":"max-video-preview:-1"},"canonical":"https:\/\/www.zahnaerzte-am-nollendorfplatz.de\/practice\/services\/endontics\/","og_locale":"en_US","og_type":"article","og_title":"Endontics - Zahn\u00e4rzte am Nollendorfplatz","og_description":"{:de}Die moderne Wurzelkanalbehandlung erfolgt mittels innovativer Behandlungstechnologien. Sie umfasst die maschinelle Aufbereitung des Wurzelkanalsystems mit grazilen Pr\u00e4zisionsinstrumenten und die ultraschallaktivierte Desinfektion, damit die Sp\u00fcll\u00f6sung auch in die kleinsten Kanalverzweigungen gelangen kann. Zudem verwenden wir ein dentales OP-Mikroskop, mit dem eine vielfache Vergr\u00f6\u00dferung des Kanalsystems erzielt wird \u2013 denn nur was wir sehen, l\u00e4sst sich behandeln.{:en}The tooth is prepared using state-of-the-art flexible titanium and\u00a0ultrasonic instruments. After being prepared with maximum precision, the core of the tooth is permanently sealed to prevent further bacterial invasion. In most cases the method employed guarantees the long-term preservation of the tooth. The effort and expenditure pay off, since replacing a tooth can be expensive as well as uncomfortable.{:}","og_url":"https:\/\/www.zahnaerzte-am-nollendorfplatz.de\/practice\/services\/endontics\/","og_site_name":"Zahn\u00e4rzte am Nollendorfplatz","article_modified_time":"2022-12-14T13:23:31+00:00","twitter_card":"summary_large_image","twitter_misc":{"Est. reading time":"2 minutes"},"schema":{"@context":"https:\/\/schema.org","@graph":[{"@type":"WebPage","@id":"https:\/\/www.zahnaerzte-am-nollendorfplatz.de\/practice\/services\/endontics\/","url":"https:\/\/www.zahnaerzte-am-nollendorfplatz.de\/practice\/services\/endontics\/","name":"Endontics - Zahn\u00e4rzte am Nollendorfplatz","isPartOf":{"@id":"https:\/\/www.zahnaerzte-am-nollendorfplatz.de\/practice\/#website"},"datePublished":"2010-04-07T04:54:53+00:00","dateModified":"2022-12-14T13:23:31+00:00","description":"{:de}Die moderne Wurzelkanalbehandlung erfolgt mittels innovativer Behandlungstechnologien. Sie umfasst die maschinelle Aufbereitung des Wurzelkanalsystems mit grazilen Pr\u00e4zisionsinstrumenten und die ultraschallaktivierte Desinfektion, damit die Sp\u00fcll\u00f6sung auch in die kleinsten Kanalverzweigungen gelangen kann. Zudem verwenden wir ein dentales OP-Mikroskop, mit dem eine vielfache Vergr\u00f6\u00dferung des Kanalsystems erzielt wird \u2013 denn nur was wir sehen, l\u00e4sst sich behandeln.{:en}The tooth is prepared using state-of-the-art flexible titanium and\u00a0ultrasonic instruments. After being prepared with maximum precision, the core of the tooth is permanently sealed to prevent further bacterial invasion. In most cases the method employed guarantees the long-term preservation of the tooth. The effort and expenditure pay off, since replacing a tooth can be expensive as well as uncomfortable.{:}","breadcrumb":{"@id":"https:\/\/www.zahnaerzte-am-nollendorfplatz.de\/practice\/services\/endontics\/#breadcrumb"},"inLanguage":"en-US","potentialAction":[{"@type":"ReadAction","target":["https:\/\/www.zahnaerzte-am-nollendorfplatz.de\/practice\/services\/endontics\/"]}]},{"@type":"BreadcrumbList","@id":"https:\/\/www.zahnaerzte-am-nollendorfplatz.de\/practice\/services\/endontics\/#breadcrumb","itemListElement":[{"@type":"ListItem","position":1,"name":"Startseite","item":"https:\/\/www.zahnaerzte-am-nollendorfplatz.de\/practice\/"},{"@type":"ListItem","position":2,"name":"Leistungen","item":"https:\/\/www.zahnaerzte-am-nollendorfplatz.de\/practice\/services\/"},{"@type":"ListItem","position":3,"name":"Endodontie"}]},{"@type":"WebSite","@id":"https:\/\/www.zahnaerzte-am-nollendorfplatz.de\/practice\/#website","url":"https:\/\/www.zahnaerzte-am-nollendorfplatz.de\/practice\/","name":"Zahn\u00e4rzte am Nollendorfplatz","description":"Berlin-Sch\u00f6neberg","publisher":{"@id":"https:\/\/www.zahnaerzte-am-nollendorfplatz.de\/practice\/#organization"},"potentialAction":[{"@type":"SearchAction","target":{"@type":"EntryPoint","urlTemplate":"https:\/\/www.zahnaerzte-am-nollendorfplatz.de\/practice\/?s={search_term_string}"},"query-input":"required name=search_term_string"}],"inLanguage":"en-US"},{"@type":"Organization","@id":"https:\/\/www.zahnaerzte-am-nollendorfplatz.de\/practice\/#organization","name":"Zahn\u00e4rzte am Nollendorfplatz","url":"https:\/\/www.zahnaerzte-am-nollendorfplatz.de\/practice\/","logo":{"@type":"ImageObject","inLanguage":"en-US","@id":"https:\/\/www.zahnaerzte-am-nollendorfplatz.de\/practice\/#\/schema\/logo\/image\/","url":"https:\/\/www.zahnaerzte-am-nollendorfplatz.de\/practice\/wp-content\/uploads\/Logo-solo.png","contentUrl":"https:\/\/www.zahnaerzte-am-nollendorfplatz.de\/practice\/wp-content\/uploads\/Logo-solo.png","width":630,"height":230,"caption":"Zahn\u00e4rzte am Nollendorfplatz"},"image":{"@id":"https:\/\/www.zahnaerzte-am-nollendorfplatz.de\/practice\/#\/schema\/logo\/image\/"}}]}},"_links":{"self":[{"href":"https:\/\/www.zahnaerzte-am-nollendorfplatz.de\/practice\/en\/wp-json\/wp\/v2\/pages\/234"}],"collection":[{"href":"https:\/\/www.zahnaerzte-am-nollendorfplatz.de\/practice\/en\/wp-json\/wp\/v2\/pages"}],"about":[{"href":"https:\/\/www.zahnaerzte-am-nollendorfplatz.de\/practice\/en\/wp-json\/wp\/v2\/types\/page"}],"author":[{"embeddable":true,"href":"https:\/\/www.zahnaerzte-am-nollendorfplatz.de\/practice\/en\/wp-json\/wp\/v2\/users\/1"}],"replies":[{"embeddable":true,"href":"https:\/\/www.zahnaerzte-am-nollendorfplatz.de\/practice\/en\/wp-json\/wp\/v2\/comments?post=234"}],"version-history":[{"count":56,"href":"https:\/\/www.zahnaerzte-am-nollendorfplatz.de\/practice\/en\/wp-json\/wp\/v2\/pages\/234\/revisions"}],"predecessor-version":[{"id":3589,"href":"https:\/\/www.zahnaerzte-am-nollendorfplatz.de\/practice\/en\/wp-json\/wp\/v2\/pages\/234\/revisions\/3589"}],"up":[{"embeddable":true,"href":"https:\/\/www.zahnaerzte-am-nollendorfplatz.de\/practice\/en\/wp-json\/wp\/v2\/pages\/21"}],"wp:attachment":[{"href":"https:\/\/www.zahnaerzte-am-nollendorfplatz.de\/practice\/en\/wp-json\/wp\/v2\/media?parent=234"}],"curies":[{"name":"wp","href":"https:\/\/api.w.org\/{rel}","templated":true}]}}