{"id":8,"date":"2010-01-07T21:31:30","date_gmt":"2010-01-07T19:31:30","guid":{"rendered":"http:\/\/www.maryon.ch\/home\/?page_id=8"},"modified":"2026-01-18T02:42:54","modified_gmt":"2026-01-18T01:42:54","slug":"fillings","status":"publish","type":"page","link":"https:\/\/www.zahnaerzte-am-nollendorfplatz.de\/practice\/en\/services\/fillings\/","title":{"rendered":"Fillings"},"content":{"rendered":"<p><\/p>\n<h2>Minimally Invasive for Maximum Stability<\/h2>\n<p>If teeth are damaged\u2014for example, by cavities (caries)\u2014or if a piece of the tooth has chipped off, these defects can now be corrected using minimally invasive techniques that preserve healthy tooth structure. In this process, we remove only as much of the tooth substance as is absolutely necessary to ensure maximum stability.<\/p>\n<h2>Naturally Indistinguishable<\/h2>\n<p>We use state-of-the-art, tooth-colored composite materials. These are applied layer by layer and firmly bonded to the tooth structure. Composites are available in various shades, allowing us to restore your teeth individually and naturally, making the filling nearly invisible. The high-quality products we use guarantee long-lasting durability, excellent resistance, and brilliant aesthetics for your well-being!<\/p>\n<h2>Is this covered by insurance?<\/h2>\n<p>or many years, amalgam was the standard benefit provided by statutory health insurance (Gesetzliche Krankenkassen) for fillings in the back teeth (posterior region). However, since January 1, 2025, the use of amalgam has generally been prohibited due to EU statutory regulations. Today, standard statutory coverage consists of a malleable filling material that is considered functionally sufficient. However, high-quality tooth-colored composite fillings\u2014applied using complex multi-layer and adhesive techniques to adapt naturally to the tooth and offer improved durability\u2014are not covered as a standard benefit by statutory health insurance. If a patient chooses this aesthetically and qualitatively superior treatment, additional costs will apply. We will, of course, clarify this with you in advance and provide you with an individual cost estimate.<\/p>","protected":false},"excerpt":{"rendered":"<p>Minimally Invasive for Maximum Stability If teeth are damaged\u2014for example, by cavities (caries)\u2014or if a piece of the tooth has chipped off, these defects can now be corrected using minimally invasive techniques that preserve healthy tooth structure. In this process, we remove only as much of the tooth substance as is absolutely necessary to ensure [&hellip;]<\/p>\n","protected":false},"author":1,"featured_media":0,"parent":21,"menu_order":2,"comment_status":"closed","ping_status":"closed","template":"services.php","meta":[],"yoast_head":"<!-- This site is optimized with the Yoast SEO plugin v19.14 - https:\/\/yoast.com\/wordpress\/plugins\/seo\/ -->\n<title>Fillings - Zahn\u00e4rzte am Nollendorfplatz<\/title>\n<meta name=\"description\" content=\"For some time we have been using composite fillings to correct defective or damaged teeth at the front or side of patients\u2019 mouths. This especially hard plastic ceramic has proven invaluable particularly for fillings and aesthetic tooth restorations. Thanks to Composite, repairs are virtually invisible \u2013 and the natural tooth remains safely in place.\" \/>\n<meta name=\"robots\" content=\"index, follow, max-snippet:-1, max-image-preview:large, max-video-preview:-1\" \/>\n<link rel=\"canonical\" href=\"https:\/\/www.zahnaerzte-am-nollendorfplatz.de\/practice\/services\/fillings\/\" \/>\n<meta property=\"og:locale\" content=\"en_US\" \/>\n<meta property=\"og:type\" content=\"article\" \/>\n<meta property=\"og:title\" content=\"Fillings - Zahn\u00e4rzte am Nollendorfplatz\" \/>\n<meta property=\"og:description\" content=\"{:de}Wir verwenden modernste zahnfarbene, plastische F\u00fcllungsmaterialien (Komposit), die Schicht f\u00fcr Schicht aufgetragen fest mit der Zahnsubstanz verklebt werden. Komposite stehen in verschieden Farbnuancen zur Verf\u00fcgung, mit denen wir Ihre Z\u00e4hne individuell und naturgetreu nahezu unsichtbar gestalten k\u00f6nnen. Unsere verwendeten Qualit\u00e4tsprodukte garantieren uns eine lange Haltbarkeit, hervorragende Widerstandskraft und brillante \u00c4sthetik f\u00fcr Ihr Wohlbefinden!{:en}For some time we have been using composite fillings to correct defective or damaged teeth at the front or side of patients\u2019 mouths. This especially hard plastic ceramic has proven invaluable particularly for fillings and aesthetic tooth restorations. Thanks to Composite, repairs are virtually invisible \u2013 and the natural tooth remains safely in place.{:}\" \/>\n<meta property=\"og:url\" content=\"https:\/\/www.zahnaerzte-am-nollendorfplatz.de\/practice\/services\/fillings\/\" \/>\n<meta property=\"og:site_name\" content=\"Zahn\u00e4rzte am Nollendorfplatz\" \/>\n<meta property=\"article:modified_time\" content=\"2026-01-18T01:42:54+00:00\" \/>\n<meta name=\"twitter:card\" content=\"summary_large_image\" \/>\n<meta name=\"twitter:label1\" content=\"Est. reading time\" \/>\n\t<meta name=\"twitter:data1\" content=\"3 minutes\" \/>\n<script type=\"application\/ld+json\" class=\"yoast-schema-graph\">{\"@context\":\"https:\/\/schema.org\",\"@graph\":[{\"@type\":\"WebPage\",\"@id\":\"https:\/\/www.zahnaerzte-am-nollendorfplatz.de\/practice\/services\/fillings\/\",\"url\":\"https:\/\/www.zahnaerzte-am-nollendorfplatz.de\/practice\/services\/fillings\/\",\"name\":\"Fillings - Zahn\u00e4rzte am Nollendorfplatz\",\"isPartOf\":{\"@id\":\"https:\/\/www.zahnaerzte-am-nollendorfplatz.de\/practice\/#website\"},\"datePublished\":\"2010-01-07T19:31:30+00:00\",\"dateModified\":\"2026-01-18T01:42:54+00:00\",\"description\":\"{:de}Wir verwenden modernste zahnfarbene, plastische F\u00fcllungsmaterialien (Komposit), die Schicht f\u00fcr Schicht aufgetragen fest mit der Zahnsubstanz verklebt werden. Komposite stehen in verschieden Farbnuancen zur Verf\u00fcgung, mit denen wir Ihre Z\u00e4hne individuell und naturgetreu nahezu unsichtbar gestalten k\u00f6nnen. Unsere verwendeten Qualit\u00e4tsprodukte garantieren uns eine lange Haltbarkeit, hervorragende Widerstandskraft und brillante \u00c4sthetik f\u00fcr Ihr Wohlbefinden!{:en}For some time we have been using composite fillings to correct defective or damaged teeth at the front or side of patients\u2019 mouths. This especially hard plastic ceramic has proven invaluable particularly for fillings and aesthetic tooth restorations. Thanks to Composite, repairs are virtually invisible \u2013 and the natural tooth remains safely in place.{:}\",\"breadcrumb\":{\"@id\":\"https:\/\/www.zahnaerzte-am-nollendorfplatz.de\/practice\/services\/fillings\/#breadcrumb\"},\"inLanguage\":\"en-US\",\"potentialAction\":[{\"@type\":\"ReadAction\",\"target\":[\"https:\/\/www.zahnaerzte-am-nollendorfplatz.de\/practice\/services\/fillings\/\"]}]},{\"@type\":\"BreadcrumbList\",\"@id\":\"https:\/\/www.zahnaerzte-am-nollendorfplatz.de\/practice\/services\/fillings\/#breadcrumb\",\"itemListElement\":[{\"@type\":\"ListItem\",\"position\":1,\"name\":\"Startseite\",\"item\":\"https:\/\/www.zahnaerzte-am-nollendorfplatz.de\/practice\/\"},{\"@type\":\"ListItem\",\"position\":2,\"name\":\"Leistungen\",\"item\":\"https:\/\/www.zahnaerzte-am-nollendorfplatz.de\/practice\/services\/\"},{\"@type\":\"ListItem\",\"position\":3,\"name\":\"F\u00fcllungen\"}]},{\"@type\":\"WebSite\",\"@id\":\"https:\/\/www.zahnaerzte-am-nollendorfplatz.de\/practice\/#website\",\"url\":\"https:\/\/www.zahnaerzte-am-nollendorfplatz.de\/practice\/\",\"name\":\"Zahn\u00e4rzte am Nollendorfplatz\",\"description\":\"Berlin-Sch\u00f6neberg\",\"publisher\":{\"@id\":\"https:\/\/www.zahnaerzte-am-nollendorfplatz.de\/practice\/#organization\"},\"potentialAction\":[{\"@type\":\"SearchAction\",\"target\":{\"@type\":\"EntryPoint\",\"urlTemplate\":\"https:\/\/www.zahnaerzte-am-nollendorfplatz.de\/practice\/?s={search_term_string}\"},\"query-input\":\"required name=search_term_string\"}],\"inLanguage\":\"en-US\"},{\"@type\":\"Organization\",\"@id\":\"https:\/\/www.zahnaerzte-am-nollendorfplatz.de\/practice\/#organization\",\"name\":\"Zahn\u00e4rzte am Nollendorfplatz\",\"url\":\"https:\/\/www.zahnaerzte-am-nollendorfplatz.de\/practice\/\",\"logo\":{\"@type\":\"ImageObject\",\"inLanguage\":\"en-US\",\"@id\":\"https:\/\/www.zahnaerzte-am-nollendorfplatz.de\/practice\/#\/schema\/logo\/image\/\",\"url\":\"https:\/\/www.zahnaerzte-am-nollendorfplatz.de\/practice\/wp-content\/uploads\/Logo-solo.png\",\"contentUrl\":\"https:\/\/www.zahnaerzte-am-nollendorfplatz.de\/practice\/wp-content\/uploads\/Logo-solo.png\",\"width\":630,\"height\":230,\"caption\":\"Zahn\u00e4rzte am Nollendorfplatz\"},\"image\":{\"@id\":\"https:\/\/www.zahnaerzte-am-nollendorfplatz.de\/practice\/#\/schema\/logo\/image\/\"}}]}<\/script>\n<!-- \/ Yoast SEO plugin. -->","yoast_head_json":{"title":"Fillings - Zahn\u00e4rzte am Nollendorfplatz","description":"For some time we have been using composite fillings to correct defective or damaged teeth at the front or side of patients\u2019 mouths. This especially hard plastic ceramic has proven invaluable particularly for fillings and aesthetic tooth restorations. Thanks to Composite, repairs are virtually invisible \u2013 and the natural tooth remains safely in place.","robots":{"index":"index","follow":"follow","max-snippet":"max-snippet:-1","max-image-preview":"max-image-preview:large","max-video-preview":"max-video-preview:-1"},"canonical":"https:\/\/www.zahnaerzte-am-nollendorfplatz.de\/practice\/services\/fillings\/","og_locale":"en_US","og_type":"article","og_title":"Fillings - Zahn\u00e4rzte am Nollendorfplatz","og_description":"{:de}Wir verwenden modernste zahnfarbene, plastische F\u00fcllungsmaterialien (Komposit), die Schicht f\u00fcr Schicht aufgetragen fest mit der Zahnsubstanz verklebt werden. Komposite stehen in verschieden Farbnuancen zur Verf\u00fcgung, mit denen wir Ihre Z\u00e4hne individuell und naturgetreu nahezu unsichtbar gestalten k\u00f6nnen. Unsere verwendeten Qualit\u00e4tsprodukte garantieren uns eine lange Haltbarkeit, hervorragende Widerstandskraft und brillante \u00c4sthetik f\u00fcr Ihr Wohlbefinden!{:en}For some time we have been using composite fillings to correct defective or damaged teeth at the front or side of patients\u2019 mouths. This especially hard plastic ceramic has proven invaluable particularly for fillings and aesthetic tooth restorations. Thanks to Composite, repairs are virtually invisible \u2013 and the natural tooth remains safely in place.{:}","og_url":"https:\/\/www.zahnaerzte-am-nollendorfplatz.de\/practice\/services\/fillings\/","og_site_name":"Zahn\u00e4rzte am Nollendorfplatz","article_modified_time":"2026-01-18T01:42:54+00:00","twitter_card":"summary_large_image","twitter_misc":{"Est. reading time":"3 minutes"},"schema":{"@context":"https:\/\/schema.org","@graph":[{"@type":"WebPage","@id":"https:\/\/www.zahnaerzte-am-nollendorfplatz.de\/practice\/services\/fillings\/","url":"https:\/\/www.zahnaerzte-am-nollendorfplatz.de\/practice\/services\/fillings\/","name":"Fillings - Zahn\u00e4rzte am Nollendorfplatz","isPartOf":{"@id":"https:\/\/www.zahnaerzte-am-nollendorfplatz.de\/practice\/#website"},"datePublished":"2010-01-07T19:31:30+00:00","dateModified":"2026-01-18T01:42:54+00:00","description":"{:de}Wir verwenden modernste zahnfarbene, plastische F\u00fcllungsmaterialien (Komposit), die Schicht f\u00fcr Schicht aufgetragen fest mit der Zahnsubstanz verklebt werden. Komposite stehen in verschieden Farbnuancen zur Verf\u00fcgung, mit denen wir Ihre Z\u00e4hne individuell und naturgetreu nahezu unsichtbar gestalten k\u00f6nnen. Unsere verwendeten Qualit\u00e4tsprodukte garantieren uns eine lange Haltbarkeit, hervorragende Widerstandskraft und brillante \u00c4sthetik f\u00fcr Ihr Wohlbefinden!{:en}For some time we have been using composite fillings to correct defective or damaged teeth at the front or side of patients\u2019 mouths. This especially hard plastic ceramic has proven invaluable particularly for fillings and aesthetic tooth restorations. Thanks to Composite, repairs are virtually invisible \u2013 and the natural tooth remains safely in place.{:}","breadcrumb":{"@id":"https:\/\/www.zahnaerzte-am-nollendorfplatz.de\/practice\/services\/fillings\/#breadcrumb"},"inLanguage":"en-US","potentialAction":[{"@type":"ReadAction","target":["https:\/\/www.zahnaerzte-am-nollendorfplatz.de\/practice\/services\/fillings\/"]}]},{"@type":"BreadcrumbList","@id":"https:\/\/www.zahnaerzte-am-nollendorfplatz.de\/practice\/services\/fillings\/#breadcrumb","itemListElement":[{"@type":"ListItem","position":1,"name":"Startseite","item":"https:\/\/www.zahnaerzte-am-nollendorfplatz.de\/practice\/"},{"@type":"ListItem","position":2,"name":"Leistungen","item":"https:\/\/www.zahnaerzte-am-nollendorfplatz.de\/practice\/services\/"},{"@type":"ListItem","position":3,"name":"F\u00fcllungen"}]},{"@type":"WebSite","@id":"https:\/\/www.zahnaerzte-am-nollendorfplatz.de\/practice\/#website","url":"https:\/\/www.zahnaerzte-am-nollendorfplatz.de\/practice\/","name":"Zahn\u00e4rzte am Nollendorfplatz","description":"Berlin-Sch\u00f6neberg","publisher":{"@id":"https:\/\/www.zahnaerzte-am-nollendorfplatz.de\/practice\/#organization"},"potentialAction":[{"@type":"SearchAction","target":{"@type":"EntryPoint","urlTemplate":"https:\/\/www.zahnaerzte-am-nollendorfplatz.de\/practice\/?s={search_term_string}"},"query-input":"required name=search_term_string"}],"inLanguage":"en-US"},{"@type":"Organization","@id":"https:\/\/www.zahnaerzte-am-nollendorfplatz.de\/practice\/#organization","name":"Zahn\u00e4rzte am Nollendorfplatz","url":"https:\/\/www.zahnaerzte-am-nollendorfplatz.de\/practice\/","logo":{"@type":"ImageObject","inLanguage":"en-US","@id":"https:\/\/www.zahnaerzte-am-nollendorfplatz.de\/practice\/#\/schema\/logo\/image\/","url":"https:\/\/www.zahnaerzte-am-nollendorfplatz.de\/practice\/wp-content\/uploads\/Logo-solo.png","contentUrl":"https:\/\/www.zahnaerzte-am-nollendorfplatz.de\/practice\/wp-content\/uploads\/Logo-solo.png","width":630,"height":230,"caption":"Zahn\u00e4rzte am Nollendorfplatz"},"image":{"@id":"https:\/\/www.zahnaerzte-am-nollendorfplatz.de\/practice\/#\/schema\/logo\/image\/"}}]}},"_links":{"self":[{"href":"https:\/\/www.zahnaerzte-am-nollendorfplatz.de\/practice\/en\/wp-json\/wp\/v2\/pages\/8"}],"collection":[{"href":"https:\/\/www.zahnaerzte-am-nollendorfplatz.de\/practice\/en\/wp-json\/wp\/v2\/pages"}],"about":[{"href":"https:\/\/www.zahnaerzte-am-nollendorfplatz.de\/practice\/en\/wp-json\/wp\/v2\/types\/page"}],"author":[{"embeddable":true,"href":"https:\/\/www.zahnaerzte-am-nollendorfplatz.de\/practice\/en\/wp-json\/wp\/v2\/users\/1"}],"replies":[{"embeddable":true,"href":"https:\/\/www.zahnaerzte-am-nollendorfplatz.de\/practice\/en\/wp-json\/wp\/v2\/comments?post=8"}],"version-history":[{"count":26,"href":"https:\/\/www.zahnaerzte-am-nollendorfplatz.de\/practice\/en\/wp-json\/wp\/v2\/pages\/8\/revisions"}],"predecessor-version":[{"id":5607,"href":"https:\/\/www.zahnaerzte-am-nollendorfplatz.de\/practice\/en\/wp-json\/wp\/v2\/pages\/8\/revisions\/5607"}],"up":[{"embeddable":true,"href":"https:\/\/www.zahnaerzte-am-nollendorfplatz.de\/practice\/en\/wp-json\/wp\/v2\/pages\/21"}],"wp:attachment":[{"href":"https:\/\/www.zahnaerzte-am-nollendorfplatz.de\/practice\/en\/wp-json\/wp\/v2\/media?parent=8"}],"curies":[{"name":"wp","href":"https:\/\/api.w.org\/{rel}","templated":true}]}}