{"id":116,"date":"2010-01-14T18:04:00","date_gmt":"2010-01-14T16:04:00","guid":{"rendered":"http:\/\/localhost\/ackermann\/?page_id=116"},"modified":"2023-01-08T13:52:12","modified_gmt":"2023-01-08T12:52:12","slug":"ouverture","status":"publish","type":"page","link":"https:\/\/www.zahnaerzte-am-nollendorfplatz.de\/practice\/","title":{"rendered":"Home"},"content":{"rendered":"<p>Herzlich willkommen!<\/p>\n<p>Bei uns hat moderne Zahnmedizin Tradition \u2013 und das schon seit \u00fcber 40 Jahren.<\/p>\n<p>Wir folgen dem Wunsch unserer Patienten, jeden wichtigen Bereich mit einem Spezialisten zu besetzen. Das bedeutet f\u00fcr Sie Zeitersparnis und das sichere Gef\u00fchl, immer in den besten H\u00e4nden zu sein.<\/p>\n<p>Vereinbaren Sie gerne einen Termin bei uns. Wir freuen uns auf Sie!<\/p>","protected":false},"excerpt":{"rendered":"<p>Herzlich willkommen! Bei uns hat moderne Zahnmedizin Tradition \u2013 und das schon seit \u00fcber 40 Jahren. Wir folgen dem Wunsch unserer Patienten, jeden wichtigen Bereich mit einem Spezialisten zu besetzen. Das bedeutet f\u00fcr Sie Zeitersparnis und das sichere Gef\u00fchl, immer in den besten H\u00e4nden zu sein. Vereinbaren Sie gerne einen Termin bei uns. Wir freuen [&hellip;]<\/p>\n","protected":false},"author":1,"featured_media":0,"parent":1410,"menu_order":0,"comment_status":"closed","ping_status":"closed","template":"home.php","meta":[],"yoast_head":"<!-- This site is optimized with the Yoast SEO plugin v19.14 - https:\/\/yoast.com\/wordpress\/plugins\/seo\/ -->\n<title>Home - Zahn\u00e4rzte am Nollendorfplatz<\/title>\n<meta name=\"description\" content=\"Bei uns hat moderne Zahnmedizin Tradition \u2013 und das schon seit \u00fcber 40 Jahren.Wir folgen dem Wunsch unserer Patienten, jeden wichtigen Bereich mit einem Spezialisten zu besetzen. Das bedeutet f\u00fcr Sie Zeitersparnis und das sichere Gef\u00fchl, immer in den besten H\u00e4nden zu sein.Vereinbaren Sie gerne einen Termin bei uns. Wir freuen uns auf Sie!\" \/>\n<meta name=\"robots\" content=\"index, follow, max-snippet:-1, max-image-preview:large, max-video-preview:-1\" \/>\n<link rel=\"canonical\" href=\"https:\/\/www.zahnaerzte-am-nollendorfplatz.de\/practice\/\" \/>\n<meta property=\"og:locale\" content=\"de_DE\" \/>\n<meta property=\"og:type\" content=\"article\" \/>\n<meta property=\"og:title\" content=\"Home - Zahn\u00e4rzte am Nollendorfplatz\" \/>\n<meta property=\"og:description\" content=\"{:de}Bei uns hat moderne Zahnmedizin Tradition \u2013 und das schon seit \u00fcber 40 Jahren.Wir folgen dem Wunsch unserer Patienten, jeden wichtigen Bereich mit einem Spezialisten zu besetzen. Das bedeutet f\u00fcr Sie Zeitersparnis und das sichere Gef\u00fchl, immer in den besten H\u00e4nden zu sein.Vereinbaren Sie gerne einen Termin bei uns. Wir freuen uns auf Sie!{:en}We have a tradition of modern dentistry - and have been for over 40 years. We follow the wishes of our patients to have a specialist in every important area. For you, this means time savings and the secure feeling of always being in the best hands. Feel free to make an appointment with us. We look forward to you!{:}\" \/>\n<meta property=\"og:url\" content=\"https:\/\/www.zahnaerzte-am-nollendorfplatz.de\/practice\/\" \/>\n<meta property=\"og:site_name\" content=\"Zahn\u00e4rzte am Nollendorfplatz\" \/>\n<meta property=\"article:modified_time\" content=\"2023-01-08T12:52:12+00:00\" \/>\n<meta name=\"twitter:card\" content=\"summary_large_image\" \/>\n<meta name=\"twitter:label1\" content=\"Gesch\u00e4tzte Lesezeit\" \/>\n\t<meta name=\"twitter:data1\" content=\"1\u00a0Minute\" \/>\n<script type=\"application\/ld+json\" class=\"yoast-schema-graph\">{\"@context\":\"https:\/\/schema.org\",\"@graph\":[{\"@type\":\"WebPage\",\"@id\":\"https:\/\/www.zahnaerzte-am-nollendorfplatz.de\/practice\/\",\"url\":\"https:\/\/www.zahnaerzte-am-nollendorfplatz.de\/practice\/\",\"name\":\"Home - Zahn\u00e4rzte am Nollendorfplatz\",\"isPartOf\":{\"@id\":\"https:\/\/www.zahnaerzte-am-nollendorfplatz.de\/practice\/#website\"},\"datePublished\":\"2010-01-14T16:04:00+00:00\",\"dateModified\":\"2023-01-08T12:52:12+00:00\",\"description\":\"{:de}Bei uns hat moderne Zahnmedizin Tradition \u2013 und das schon seit \u00fcber 40 Jahren.Wir folgen dem Wunsch unserer Patienten, jeden wichtigen Bereich mit einem Spezialisten zu besetzen. Das bedeutet f\u00fcr Sie Zeitersparnis und das sichere Gef\u00fchl, immer in den besten H\u00e4nden zu sein.Vereinbaren Sie gerne einen Termin bei uns. Wir freuen uns auf Sie!{:en}We have a tradition of modern dentistry - and have been for over 40 years. We follow the wishes of our patients to have a specialist in every important area. For you, this means time savings and the secure feeling of always being in the best hands. Feel free to make an appointment with us. We look forward to you!{:}\",\"breadcrumb\":{\"@id\":\"https:\/\/www.zahnaerzte-am-nollendorfplatz.de\/practice\/#breadcrumb\"},\"inLanguage\":\"de\",\"potentialAction\":[{\"@type\":\"ReadAction\",\"target\":[\"https:\/\/www.zahnaerzte-am-nollendorfplatz.de\/practice\/\"]}]},{\"@type\":\"BreadcrumbList\",\"@id\":\"https:\/\/www.zahnaerzte-am-nollendorfplatz.de\/practice\/#breadcrumb\",\"itemListElement\":[{\"@type\":\"ListItem\",\"position\":1,\"name\":\"Startseite\",\"item\":\"https:\/\/www.zahnaerzte-am-nollendorfplatz.de\/practice\/\"},{\"@type\":\"ListItem\",\"position\":2,\"name\":\"\u00dcber uns\",\"item\":\"https:\/\/www.zahnaerzte-am-nollendorfplatz.de\/practice\/about\/\"},{\"@type\":\"ListItem\",\"position\":3,\"name\":\"Home\"}]},{\"@type\":\"WebSite\",\"@id\":\"https:\/\/www.zahnaerzte-am-nollendorfplatz.de\/practice\/#website\",\"url\":\"https:\/\/www.zahnaerzte-am-nollendorfplatz.de\/practice\/\",\"name\":\"Zahn\u00e4rzte am Nollendorfplatz\",\"description\":\"Berlin-Sch\u00f6neberg\",\"publisher\":{\"@id\":\"https:\/\/www.zahnaerzte-am-nollendorfplatz.de\/practice\/#organization\"},\"potentialAction\":[{\"@type\":\"SearchAction\",\"target\":{\"@type\":\"EntryPoint\",\"urlTemplate\":\"https:\/\/www.zahnaerzte-am-nollendorfplatz.de\/practice\/?s={search_term_string}\"},\"query-input\":\"required name=search_term_string\"}],\"inLanguage\":\"de\"},{\"@type\":\"Organization\",\"@id\":\"https:\/\/www.zahnaerzte-am-nollendorfplatz.de\/practice\/#organization\",\"name\":\"Zahn\u00e4rzte am Nollendorfplatz\",\"url\":\"https:\/\/www.zahnaerzte-am-nollendorfplatz.de\/practice\/\",\"logo\":{\"@type\":\"ImageObject\",\"inLanguage\":\"de\",\"@id\":\"https:\/\/www.zahnaerzte-am-nollendorfplatz.de\/practice\/#\/schema\/logo\/image\/\",\"url\":\"https:\/\/www.zahnaerzte-am-nollendorfplatz.de\/practice\/wp-content\/uploads\/Logo-solo.png\",\"contentUrl\":\"https:\/\/www.zahnaerzte-am-nollendorfplatz.de\/practice\/wp-content\/uploads\/Logo-solo.png\",\"width\":630,\"height\":230,\"caption\":\"Zahn\u00e4rzte am Nollendorfplatz\"},\"image\":{\"@id\":\"https:\/\/www.zahnaerzte-am-nollendorfplatz.de\/practice\/#\/schema\/logo\/image\/\"}}]}<\/script>\n<!-- \/ Yoast SEO plugin. -->","yoast_head_json":{"title":"Home - Zahn\u00e4rzte am Nollendorfplatz","description":"Bei uns hat moderne Zahnmedizin Tradition \u2013 und das schon seit \u00fcber 40 Jahren.Wir folgen dem Wunsch unserer Patienten, jeden wichtigen Bereich mit einem Spezialisten zu besetzen. Das bedeutet f\u00fcr Sie Zeitersparnis und das sichere Gef\u00fchl, immer in den besten H\u00e4nden zu sein.Vereinbaren Sie gerne einen Termin bei uns. Wir freuen uns auf Sie!","robots":{"index":"index","follow":"follow","max-snippet":"max-snippet:-1","max-image-preview":"max-image-preview:large","max-video-preview":"max-video-preview:-1"},"canonical":"https:\/\/www.zahnaerzte-am-nollendorfplatz.de\/practice\/","og_locale":"de_DE","og_type":"article","og_title":"Home - Zahn\u00e4rzte am Nollendorfplatz","og_description":"{:de}Bei uns hat moderne Zahnmedizin Tradition \u2013 und das schon seit \u00fcber 40 Jahren.Wir folgen dem Wunsch unserer Patienten, jeden wichtigen Bereich mit einem Spezialisten zu besetzen. Das bedeutet f\u00fcr Sie Zeitersparnis und das sichere Gef\u00fchl, immer in den besten H\u00e4nden zu sein.Vereinbaren Sie gerne einen Termin bei uns. Wir freuen uns auf Sie!{:en}We have a tradition of modern dentistry - and have been for over 40 years. We follow the wishes of our patients to have a specialist in every important area. For you, this means time savings and the secure feeling of always being in the best hands. Feel free to make an appointment with us. We look forward to you!{:}","og_url":"https:\/\/www.zahnaerzte-am-nollendorfplatz.de\/practice\/","og_site_name":"Zahn\u00e4rzte am Nollendorfplatz","article_modified_time":"2023-01-08T12:52:12+00:00","twitter_card":"summary_large_image","twitter_misc":{"Gesch\u00e4tzte Lesezeit":"1\u00a0Minute"},"schema":{"@context":"https:\/\/schema.org","@graph":[{"@type":"WebPage","@id":"https:\/\/www.zahnaerzte-am-nollendorfplatz.de\/practice\/","url":"https:\/\/www.zahnaerzte-am-nollendorfplatz.de\/practice\/","name":"Home - Zahn\u00e4rzte am Nollendorfplatz","isPartOf":{"@id":"https:\/\/www.zahnaerzte-am-nollendorfplatz.de\/practice\/#website"},"datePublished":"2010-01-14T16:04:00+00:00","dateModified":"2023-01-08T12:52:12+00:00","description":"{:de}Bei uns hat moderne Zahnmedizin Tradition \u2013 und das schon seit \u00fcber 40 Jahren.Wir folgen dem Wunsch unserer Patienten, jeden wichtigen Bereich mit einem Spezialisten zu besetzen. Das bedeutet f\u00fcr Sie Zeitersparnis und das sichere Gef\u00fchl, immer in den besten H\u00e4nden zu sein.Vereinbaren Sie gerne einen Termin bei uns. Wir freuen uns auf Sie!{:en}We have a tradition of modern dentistry - and have been for over 40 years. We follow the wishes of our patients to have a specialist in every important area. For you, this means time savings and the secure feeling of always being in the best hands. Feel free to make an appointment with us. We look forward to you!{:}","breadcrumb":{"@id":"https:\/\/www.zahnaerzte-am-nollendorfplatz.de\/practice\/#breadcrumb"},"inLanguage":"de","potentialAction":[{"@type":"ReadAction","target":["https:\/\/www.zahnaerzte-am-nollendorfplatz.de\/practice\/"]}]},{"@type":"BreadcrumbList","@id":"https:\/\/www.zahnaerzte-am-nollendorfplatz.de\/practice\/#breadcrumb","itemListElement":[{"@type":"ListItem","position":1,"name":"Startseite","item":"https:\/\/www.zahnaerzte-am-nollendorfplatz.de\/practice\/"},{"@type":"ListItem","position":2,"name":"\u00dcber uns","item":"https:\/\/www.zahnaerzte-am-nollendorfplatz.de\/practice\/about\/"},{"@type":"ListItem","position":3,"name":"Home"}]},{"@type":"WebSite","@id":"https:\/\/www.zahnaerzte-am-nollendorfplatz.de\/practice\/#website","url":"https:\/\/www.zahnaerzte-am-nollendorfplatz.de\/practice\/","name":"Zahn\u00e4rzte am Nollendorfplatz","description":"Berlin-Sch\u00f6neberg","publisher":{"@id":"https:\/\/www.zahnaerzte-am-nollendorfplatz.de\/practice\/#organization"},"potentialAction":[{"@type":"SearchAction","target":{"@type":"EntryPoint","urlTemplate":"https:\/\/www.zahnaerzte-am-nollendorfplatz.de\/practice\/?s={search_term_string}"},"query-input":"required name=search_term_string"}],"inLanguage":"de"},{"@type":"Organization","@id":"https:\/\/www.zahnaerzte-am-nollendorfplatz.de\/practice\/#organization","name":"Zahn\u00e4rzte am Nollendorfplatz","url":"https:\/\/www.zahnaerzte-am-nollendorfplatz.de\/practice\/","logo":{"@type":"ImageObject","inLanguage":"de","@id":"https:\/\/www.zahnaerzte-am-nollendorfplatz.de\/practice\/#\/schema\/logo\/image\/","url":"https:\/\/www.zahnaerzte-am-nollendorfplatz.de\/practice\/wp-content\/uploads\/Logo-solo.png","contentUrl":"https:\/\/www.zahnaerzte-am-nollendorfplatz.de\/practice\/wp-content\/uploads\/Logo-solo.png","width":630,"height":230,"caption":"Zahn\u00e4rzte am Nollendorfplatz"},"image":{"@id":"https:\/\/www.zahnaerzte-am-nollendorfplatz.de\/practice\/#\/schema\/logo\/image\/"}}]}},"_links":{"self":[{"href":"https:\/\/www.zahnaerzte-am-nollendorfplatz.de\/practice\/wp-json\/wp\/v2\/pages\/116"}],"collection":[{"href":"https:\/\/www.zahnaerzte-am-nollendorfplatz.de\/practice\/wp-json\/wp\/v2\/pages"}],"about":[{"href":"https:\/\/www.zahnaerzte-am-nollendorfplatz.de\/practice\/wp-json\/wp\/v2\/types\/page"}],"author":[{"embeddable":true,"href":"https:\/\/www.zahnaerzte-am-nollendorfplatz.de\/practice\/wp-json\/wp\/v2\/users\/1"}],"replies":[{"embeddable":true,"href":"https:\/\/www.zahnaerzte-am-nollendorfplatz.de\/practice\/wp-json\/wp\/v2\/comments?post=116"}],"version-history":[{"count":53,"href":"https:\/\/www.zahnaerzte-am-nollendorfplatz.de\/practice\/wp-json\/wp\/v2\/pages\/116\/revisions"}],"predecessor-version":[{"id":5540,"href":"https:\/\/www.zahnaerzte-am-nollendorfplatz.de\/practice\/wp-json\/wp\/v2\/pages\/116\/revisions\/5540"}],"up":[{"embeddable":true,"href":"https:\/\/www.zahnaerzte-am-nollendorfplatz.de\/practice\/wp-json\/wp\/v2\/pages\/1410"}],"wp:attachment":[{"href":"https:\/\/www.zahnaerzte-am-nollendorfplatz.de\/practice\/wp-json\/wp\/v2\/media?parent=116"}],"curies":[{"name":"wp","href":"https:\/\/api.w.org\/{rel}","templated":true}]}}