{"id":1232,"date":"2015-07-18T22:33:04","date_gmt":"2015-07-18T20:33:04","guid":{"rendered":"http:\/\/www.b-l-l.de\/practice\/?page_id=1232"},"modified":"2022-12-14T14:45:26","modified_gmt":"2022-12-14T13:45:26","slug":"dentcoat","status":"publish","type":"page","link":"https:\/\/www.zahnaerzte-am-nollendorfplatz.de\/practice\/services\/dentcoat\/","title":{"rendered":"Dentcoat"},"content":{"rendered":"<p><\/p>\n<h2>Der Schutzmantel f\u00fcr Ihre Z\u00e4hne<\/h2>\n<p>Dentcoat besteht aus einem fl\u00fcssigen Siliziumdioxid-Komplex. Silizium ist \u00fcberall in der Natur vorhanden, z.B. als Quarz. Im menschlichen K\u00f6rper ist Silizium nach Eisen und Zink das dritth\u00e4ufigste Spurenelement. Es tr\u00e4gt zum Aufbau von\u00a0Knochen, Knorpel und Bindegewebe bei.<\/p>\n<h2><strong>Wie wirkt Dentcoat?<\/strong><\/h2>\n<p>Dentcoat bildet eine biomimetische Schutzschicht, die den Zahnschmelz effektiv vor S\u00e4ureangriffen sch\u00fctzen kann. Es entsteht eine glatte Zahnoberfl\u00e4che, an der Proteine und Mikroorganismen nur noch schwer anhaften k\u00f6nnen. Plaque hat es somit sehr schwer, sich an die Zahnoberfl\u00e4che anzuheften.<\/p>\n<h2><strong>Behandlung vom Profi<\/strong><\/h2>\n<p>Die Dentcoat-Behandlung wird durch unsere qualifizierten Prophylaxemitarbeiterinnen durchgef\u00fchrt. Vor jeder Behandlung m\u00fcssen die Z\u00e4hne professionell gereinigt werden. Nur sehr saubere Zahnoberfl\u00e4chen garantieren ein effizientes Behandlungsergebnis.<\/p>\n<h2><strong>Ein willkommener Nebeneffekt<\/strong><\/h2>\n<p>Eine Behandlung mit Dentcoat bietet Ihren Z\u00e4hnen nicht nur Schutz, sie bringt auch Ihre nat\u00fcrliche Zahnfarbe zur\u00fcck.<\/p>\n<h2><strong>Refresher<\/strong><\/h2>\n<p>Erfahrungsgem\u00e4\u00df ist eine Auffrischung etwa alle 12 Monate erforderlich, je nach Zustand der Z\u00e4hne.\u00a0Dadurch wird sichergestellt, dass alle Zahnfl\u00e4chen ausreichend mit Dentcoat versorgt werden und ein optimales Ergebnis erzielt wird.<\/p>","protected":false},"excerpt":{"rendered":"<p>Der Schutzmantel f\u00fcr Ihre Z\u00e4hne Dentcoat besteht aus einem fl\u00fcssigen Siliziumdioxid-Komplex. Silizium ist \u00fcberall in der Natur vorhanden, z.B. als Quarz. Im menschlichen K\u00f6rper ist Silizium nach Eisen und Zink das dritth\u00e4ufigste Spurenelement. Es tr\u00e4gt zum Aufbau von\u00a0Knochen, Knorpel und Bindegewebe bei. Wie wirkt Dentcoat? Dentcoat bildet eine biomimetische Schutzschicht, die den Zahnschmelz effektiv vor [&hellip;]<\/p>\n","protected":false},"author":1,"featured_media":0,"parent":21,"menu_order":10,"comment_status":"closed","ping_status":"closed","template":"services.php","meta":[],"yoast_head":"<!-- This site is optimized with the Yoast SEO plugin v19.14 - https:\/\/yoast.com\/wordpress\/plugins\/seo\/ -->\n<title>Dentcoat - Zahn\u00e4rzte am Nollendorfplatz<\/title>\n<meta name=\"description\" content=\"Dentcoat besteht aus einem fl\u00fcssigen Siliziumdioxid-Komplex. Silizium ist \u00fcberall in der Natur vorhanden, z.B. als Quarz. Im menschlichen K\u00f6rper ist Silizium nach Eisen und Zink das dritth\u00e4ufigste Spurenelement. Es tr\u00e4gt zum Aufbau von\u00a0Knochen, Knorpel und Bindegewebe bei. Dentcoat bildet eine biomimetische Schutzschicht, die den Zahnschmelz effektiv vor S\u00e4ureangriffen sch\u00fctzen kann. Es entsteht eine glatte Zahnoberfl\u00e4che, an der Proteine und Mikroorganismen nur noch schwer anhaften k\u00f6nnen. Plaque hat es somit sehr schwer, sich an die Zahnoberfl\u00e4che anzuheften.\" \/>\n<meta name=\"robots\" content=\"index, follow, max-snippet:-1, max-image-preview:large, max-video-preview:-1\" \/>\n<link rel=\"canonical\" href=\"https:\/\/www.zahnaerzte-am-nollendorfplatz.de\/practice\/services\/dentcoat\/\" \/>\n<meta property=\"og:locale\" content=\"de_DE\" \/>\n<meta property=\"og:type\" content=\"article\" \/>\n<meta property=\"og:title\" content=\"Dentcoat - Zahn\u00e4rzte am Nollendorfplatz\" \/>\n<meta property=\"og:description\" content=\"{:de}Dentcoat besteht aus einem fl\u00fcssigen Siliziumdioxid-Komplex. Silizium ist \u00fcberall in der Natur vorhanden, z.B. als Quarz. Im menschlichen K\u00f6rper ist Silizium nach Eisen und Zink das dritth\u00e4ufigste Spurenelement. Es tr\u00e4gt zum Aufbau von\u00a0Knochen, Knorpel und Bindegewebe bei. Dentcoat bildet eine biomimetische Schutzschicht, die den Zahnschmelz effektiv vor S\u00e4ureangriffen sch\u00fctzen kann. Es entsteht eine glatte Zahnoberfl\u00e4che, an der Proteine und Mikroorganismen nur noch schwer anhaften k\u00f6nnen. Plaque hat es somit sehr schwer, sich an die Zahnoberfl\u00e4che anzuheften.{:en}A lifetime of healthy teeth and gums \u2013 the innovative Dentcoat dental protectant now puts this in reach for everyone.The silicon crystals activate immediately when this unique dental protectant is applied to the teeth after a professional cleaning, offering effective protection against new discolorations and bacteria buildup. Besides this, most patients will notice a significant brightening of their tooth color as well.{:}\" \/>\n<meta property=\"og:url\" content=\"https:\/\/www.zahnaerzte-am-nollendorfplatz.de\/practice\/services\/dentcoat\/\" \/>\n<meta property=\"og:site_name\" content=\"Zahn\u00e4rzte am Nollendorfplatz\" \/>\n<meta property=\"article:modified_time\" content=\"2022-12-14T13:45:26+00:00\" \/>\n<meta name=\"twitter:card\" content=\"summary_large_image\" \/>\n<meta name=\"twitter:label1\" content=\"Gesch\u00e4tzte Lesezeit\" \/>\n\t<meta name=\"twitter:data1\" content=\"1\u00a0Minute\" \/>\n<script type=\"application\/ld+json\" class=\"yoast-schema-graph\">{\"@context\":\"https:\/\/schema.org\",\"@graph\":[{\"@type\":\"WebPage\",\"@id\":\"https:\/\/www.zahnaerzte-am-nollendorfplatz.de\/practice\/services\/dentcoat\/\",\"url\":\"https:\/\/www.zahnaerzte-am-nollendorfplatz.de\/practice\/services\/dentcoat\/\",\"name\":\"Dentcoat - Zahn\u00e4rzte am Nollendorfplatz\",\"isPartOf\":{\"@id\":\"https:\/\/www.zahnaerzte-am-nollendorfplatz.de\/practice\/#website\"},\"datePublished\":\"2015-07-18T20:33:04+00:00\",\"dateModified\":\"2022-12-14T13:45:26+00:00\",\"description\":\"{:de}Dentcoat besteht aus einem fl\u00fcssigen Siliziumdioxid-Komplex. Silizium ist \u00fcberall in der Natur vorhanden, z.B. als Quarz. Im menschlichen K\u00f6rper ist Silizium nach Eisen und Zink das dritth\u00e4ufigste Spurenelement. Es tr\u00e4gt zum Aufbau von\u00a0Knochen, Knorpel und Bindegewebe bei. Dentcoat bildet eine biomimetische Schutzschicht, die den Zahnschmelz effektiv vor S\u00e4ureangriffen sch\u00fctzen kann. Es entsteht eine glatte Zahnoberfl\u00e4che, an der Proteine und Mikroorganismen nur noch schwer anhaften k\u00f6nnen. Plaque hat es somit sehr schwer, sich an die Zahnoberfl\u00e4che anzuheften.{:en}A lifetime of healthy teeth and gums \u2013 the innovative Dentcoat dental protectant now puts this in reach for everyone.The silicon crystals activate immediately when this unique dental protectant is applied to the teeth after a professional cleaning, offering effective protection against new discolorations and bacteria buildup. Besides this, most patients will notice a significant brightening of their tooth color as well.{:}\",\"breadcrumb\":{\"@id\":\"https:\/\/www.zahnaerzte-am-nollendorfplatz.de\/practice\/services\/dentcoat\/#breadcrumb\"},\"inLanguage\":\"de\",\"potentialAction\":[{\"@type\":\"ReadAction\",\"target\":[\"https:\/\/www.zahnaerzte-am-nollendorfplatz.de\/practice\/services\/dentcoat\/\"]}]},{\"@type\":\"BreadcrumbList\",\"@id\":\"https:\/\/www.zahnaerzte-am-nollendorfplatz.de\/practice\/services\/dentcoat\/#breadcrumb\",\"itemListElement\":[{\"@type\":\"ListItem\",\"position\":1,\"name\":\"Startseite\",\"item\":\"https:\/\/www.zahnaerzte-am-nollendorfplatz.de\/practice\/\"},{\"@type\":\"ListItem\",\"position\":2,\"name\":\"Leistungen\",\"item\":\"https:\/\/www.zahnaerzte-am-nollendorfplatz.de\/practice\/services\/\"},{\"@type\":\"ListItem\",\"position\":3,\"name\":\"Dentcoat\"}]},{\"@type\":\"WebSite\",\"@id\":\"https:\/\/www.zahnaerzte-am-nollendorfplatz.de\/practice\/#website\",\"url\":\"https:\/\/www.zahnaerzte-am-nollendorfplatz.de\/practice\/\",\"name\":\"Zahn\u00e4rzte am Nollendorfplatz\",\"description\":\"Berlin-Sch\u00f6neberg\",\"publisher\":{\"@id\":\"https:\/\/www.zahnaerzte-am-nollendorfplatz.de\/practice\/#organization\"},\"potentialAction\":[{\"@type\":\"SearchAction\",\"target\":{\"@type\":\"EntryPoint\",\"urlTemplate\":\"https:\/\/www.zahnaerzte-am-nollendorfplatz.de\/practice\/?s={search_term_string}\"},\"query-input\":\"required name=search_term_string\"}],\"inLanguage\":\"de\"},{\"@type\":\"Organization\",\"@id\":\"https:\/\/www.zahnaerzte-am-nollendorfplatz.de\/practice\/#organization\",\"name\":\"Zahn\u00e4rzte am Nollendorfplatz\",\"url\":\"https:\/\/www.zahnaerzte-am-nollendorfplatz.de\/practice\/\",\"logo\":{\"@type\":\"ImageObject\",\"inLanguage\":\"de\",\"@id\":\"https:\/\/www.zahnaerzte-am-nollendorfplatz.de\/practice\/#\/schema\/logo\/image\/\",\"url\":\"https:\/\/www.zahnaerzte-am-nollendorfplatz.de\/practice\/wp-content\/uploads\/Logo-solo.png\",\"contentUrl\":\"https:\/\/www.zahnaerzte-am-nollendorfplatz.de\/practice\/wp-content\/uploads\/Logo-solo.png\",\"width\":630,\"height\":230,\"caption\":\"Zahn\u00e4rzte am Nollendorfplatz\"},\"image\":{\"@id\":\"https:\/\/www.zahnaerzte-am-nollendorfplatz.de\/practice\/#\/schema\/logo\/image\/\"}}]}<\/script>\n<!-- \/ Yoast SEO plugin. -->","yoast_head_json":{"title":"Dentcoat - Zahn\u00e4rzte am Nollendorfplatz","description":"Dentcoat besteht aus einem fl\u00fcssigen Siliziumdioxid-Komplex. Silizium ist \u00fcberall in der Natur vorhanden, z.B. als Quarz. Im menschlichen K\u00f6rper ist Silizium nach Eisen und Zink das dritth\u00e4ufigste Spurenelement. Es tr\u00e4gt zum Aufbau von\u00a0Knochen, Knorpel und Bindegewebe bei. Dentcoat bildet eine biomimetische Schutzschicht, die den Zahnschmelz effektiv vor S\u00e4ureangriffen sch\u00fctzen kann. Es entsteht eine glatte Zahnoberfl\u00e4che, an der Proteine und Mikroorganismen nur noch schwer anhaften k\u00f6nnen. Plaque hat es somit sehr schwer, sich an die Zahnoberfl\u00e4che anzuheften.","robots":{"index":"index","follow":"follow","max-snippet":"max-snippet:-1","max-image-preview":"max-image-preview:large","max-video-preview":"max-video-preview:-1"},"canonical":"https:\/\/www.zahnaerzte-am-nollendorfplatz.de\/practice\/services\/dentcoat\/","og_locale":"de_DE","og_type":"article","og_title":"Dentcoat - Zahn\u00e4rzte am Nollendorfplatz","og_description":"{:de}Dentcoat besteht aus einem fl\u00fcssigen Siliziumdioxid-Komplex. Silizium ist \u00fcberall in der Natur vorhanden, z.B. als Quarz. Im menschlichen K\u00f6rper ist Silizium nach Eisen und Zink das dritth\u00e4ufigste Spurenelement. Es tr\u00e4gt zum Aufbau von\u00a0Knochen, Knorpel und Bindegewebe bei. Dentcoat bildet eine biomimetische Schutzschicht, die den Zahnschmelz effektiv vor S\u00e4ureangriffen sch\u00fctzen kann. Es entsteht eine glatte Zahnoberfl\u00e4che, an der Proteine und Mikroorganismen nur noch schwer anhaften k\u00f6nnen. Plaque hat es somit sehr schwer, sich an die Zahnoberfl\u00e4che anzuheften.{:en}A lifetime of healthy teeth and gums \u2013 the innovative Dentcoat dental protectant now puts this in reach for everyone.The silicon crystals activate immediately when this unique dental protectant is applied to the teeth after a professional cleaning, offering effective protection against new discolorations and bacteria buildup. Besides this, most patients will notice a significant brightening of their tooth color as well.{:}","og_url":"https:\/\/www.zahnaerzte-am-nollendorfplatz.de\/practice\/services\/dentcoat\/","og_site_name":"Zahn\u00e4rzte am Nollendorfplatz","article_modified_time":"2022-12-14T13:45:26+00:00","twitter_card":"summary_large_image","twitter_misc":{"Gesch\u00e4tzte Lesezeit":"1\u00a0Minute"},"schema":{"@context":"https:\/\/schema.org","@graph":[{"@type":"WebPage","@id":"https:\/\/www.zahnaerzte-am-nollendorfplatz.de\/practice\/services\/dentcoat\/","url":"https:\/\/www.zahnaerzte-am-nollendorfplatz.de\/practice\/services\/dentcoat\/","name":"Dentcoat - Zahn\u00e4rzte am Nollendorfplatz","isPartOf":{"@id":"https:\/\/www.zahnaerzte-am-nollendorfplatz.de\/practice\/#website"},"datePublished":"2015-07-18T20:33:04+00:00","dateModified":"2022-12-14T13:45:26+00:00","description":"{:de}Dentcoat besteht aus einem fl\u00fcssigen Siliziumdioxid-Komplex. Silizium ist \u00fcberall in der Natur vorhanden, z.B. als Quarz. Im menschlichen K\u00f6rper ist Silizium nach Eisen und Zink das dritth\u00e4ufigste Spurenelement. Es tr\u00e4gt zum Aufbau von\u00a0Knochen, Knorpel und Bindegewebe bei. Dentcoat bildet eine biomimetische Schutzschicht, die den Zahnschmelz effektiv vor S\u00e4ureangriffen sch\u00fctzen kann. Es entsteht eine glatte Zahnoberfl\u00e4che, an der Proteine und Mikroorganismen nur noch schwer anhaften k\u00f6nnen. Plaque hat es somit sehr schwer, sich an die Zahnoberfl\u00e4che anzuheften.{:en}A lifetime of healthy teeth and gums \u2013 the innovative Dentcoat dental protectant now puts this in reach for everyone.The silicon crystals activate immediately when this unique dental protectant is applied to the teeth after a professional cleaning, offering effective protection against new discolorations and bacteria buildup. Besides this, most patients will notice a significant brightening of their tooth color as well.{:}","breadcrumb":{"@id":"https:\/\/www.zahnaerzte-am-nollendorfplatz.de\/practice\/services\/dentcoat\/#breadcrumb"},"inLanguage":"de","potentialAction":[{"@type":"ReadAction","target":["https:\/\/www.zahnaerzte-am-nollendorfplatz.de\/practice\/services\/dentcoat\/"]}]},{"@type":"BreadcrumbList","@id":"https:\/\/www.zahnaerzte-am-nollendorfplatz.de\/practice\/services\/dentcoat\/#breadcrumb","itemListElement":[{"@type":"ListItem","position":1,"name":"Startseite","item":"https:\/\/www.zahnaerzte-am-nollendorfplatz.de\/practice\/"},{"@type":"ListItem","position":2,"name":"Leistungen","item":"https:\/\/www.zahnaerzte-am-nollendorfplatz.de\/practice\/services\/"},{"@type":"ListItem","position":3,"name":"Dentcoat"}]},{"@type":"WebSite","@id":"https:\/\/www.zahnaerzte-am-nollendorfplatz.de\/practice\/#website","url":"https:\/\/www.zahnaerzte-am-nollendorfplatz.de\/practice\/","name":"Zahn\u00e4rzte am Nollendorfplatz","description":"Berlin-Sch\u00f6neberg","publisher":{"@id":"https:\/\/www.zahnaerzte-am-nollendorfplatz.de\/practice\/#organization"},"potentialAction":[{"@type":"SearchAction","target":{"@type":"EntryPoint","urlTemplate":"https:\/\/www.zahnaerzte-am-nollendorfplatz.de\/practice\/?s={search_term_string}"},"query-input":"required name=search_term_string"}],"inLanguage":"de"},{"@type":"Organization","@id":"https:\/\/www.zahnaerzte-am-nollendorfplatz.de\/practice\/#organization","name":"Zahn\u00e4rzte am Nollendorfplatz","url":"https:\/\/www.zahnaerzte-am-nollendorfplatz.de\/practice\/","logo":{"@type":"ImageObject","inLanguage":"de","@id":"https:\/\/www.zahnaerzte-am-nollendorfplatz.de\/practice\/#\/schema\/logo\/image\/","url":"https:\/\/www.zahnaerzte-am-nollendorfplatz.de\/practice\/wp-content\/uploads\/Logo-solo.png","contentUrl":"https:\/\/www.zahnaerzte-am-nollendorfplatz.de\/practice\/wp-content\/uploads\/Logo-solo.png","width":630,"height":230,"caption":"Zahn\u00e4rzte am Nollendorfplatz"},"image":{"@id":"https:\/\/www.zahnaerzte-am-nollendorfplatz.de\/practice\/#\/schema\/logo\/image\/"}}]}},"_links":{"self":[{"href":"https:\/\/www.zahnaerzte-am-nollendorfplatz.de\/practice\/wp-json\/wp\/v2\/pages\/1232"}],"collection":[{"href":"https:\/\/www.zahnaerzte-am-nollendorfplatz.de\/practice\/wp-json\/wp\/v2\/pages"}],"about":[{"href":"https:\/\/www.zahnaerzte-am-nollendorfplatz.de\/practice\/wp-json\/wp\/v2\/types\/page"}],"author":[{"embeddable":true,"href":"https:\/\/www.zahnaerzte-am-nollendorfplatz.de\/practice\/wp-json\/wp\/v2\/users\/1"}],"replies":[{"embeddable":true,"href":"https:\/\/www.zahnaerzte-am-nollendorfplatz.de\/practice\/wp-json\/wp\/v2\/comments?post=1232"}],"version-history":[{"count":10,"href":"https:\/\/www.zahnaerzte-am-nollendorfplatz.de\/practice\/wp-json\/wp\/v2\/pages\/1232\/revisions"}],"predecessor-version":[{"id":3596,"href":"https:\/\/www.zahnaerzte-am-nollendorfplatz.de\/practice\/wp-json\/wp\/v2\/pages\/1232\/revisions\/3596"}],"up":[{"embeddable":true,"href":"https:\/\/www.zahnaerzte-am-nollendorfplatz.de\/practice\/wp-json\/wp\/v2\/pages\/21"}],"wp:attachment":[{"href":"https:\/\/www.zahnaerzte-am-nollendorfplatz.de\/practice\/wp-json\/wp\/v2\/media?parent=1232"}],"curies":[{"name":"wp","href":"https:\/\/api.w.org\/{rel}","templated":true}]}}