{"id":14,"date":"2010-01-07T21:36:43","date_gmt":"2010-01-07T19:36:43","guid":{"rendered":"http:\/\/www.maryon.ch\/home\/therapeuticum\/"},"modified":"2022-12-14T14:28:14","modified_gmt":"2022-12-14T13:28:14","slug":"periodontology","status":"publish","type":"page","link":"https:\/\/www.zahnaerzte-am-nollendorfplatz.de\/practice\/services\/periodontology\/","title":{"rendered":"Parodontologie"},"content":{"rendered":"<p><\/p>\n<h2>Volkskrankheit Parodontitis<\/h2>\n<p>Die Parodontitis ist eine chronisch verlaufende, entz\u00fcndliche Erkrankung des Zahnhalteapparats, die vor allem durch Bakterien in den Zahnbel\u00e4gen (Plaque und Zahnstein) und die Entz\u00fcndungsreaktionen des K\u00f6rpers verursacht wird.\u00a0 Statistisch gesehen leidet jeder zweite Erwachsene in Deutschland an Parodontitis. Viele von ihnen wissen es nicht einmal.<\/p>\n<h2>Schleichend und unbemerkt<\/h2>\n<p>Eine Parodontitis beginnt oft schleichend und von den Patient\/innen unbemerkt und kann erhebliche Auswirkungen auf die Allgemeingesundheit haben. Zu Beginn kommt es immer zu einer oberfl\u00e4chlichen Zahnfleischentz\u00fcndung (Gingivitis), die sich durch R\u00f6tung und Schwellung des Zahnfleisches sowie durch Zahnfleischbluten bemerkbar macht. Durch die chronische Entz\u00fcndung kommt es im Verlauf der Erkrankung zum irreversiblen Knochenabbau und damit zu Zahnfleischr\u00fcckgang, Zahnlockerungen und in fortgeschrittenen F\u00e4llen auch zu Zahnverlust. H\u00e4ufig bemerken die Patient\/innen auch einen unangenehmen Geruch aus dem Mund.<\/p>\n<h2>Risikofaktoren<\/h2>\n<p>Rauchen, Stress und Allgemeinerkrankungen wie z.B. Diabetes erh\u00f6hen die Wahrscheinlichkeit f\u00fcr die Entstehung und das Fortschreiten einer Parodontitis. Raucher erkranken deutlich h\u00e4ufiger an einer Parodontitis als Nichtraucher und zeigen h\u00e4ufig einen schwereren Krankheitsverlauf. Aufh\u00f6ren lohnt sich also! Nicht nur f\u00fcr Ihr Zahnfleisch.<\/p>\n<h2>Systematische Behandlung<\/h2>\n<p>Durch fr\u00fchzeitiges Erkennen und eine systematische Behandlung kann die Parodontitis zum Stillstand gebracht werden. Die Therapie erfolgt strukturiert in verschiedenen Phasen.<\/p>\n<h2>Alles steht und f\u00e4llt mit Ihrer Mitarbeit<\/h2>\n<p>Zun\u00e4chst ist es wichtig, Ihre Mundhygiene zu optimieren und Ihre Z\u00e4hne professionell reinigen zu lassen. Unsere Zahnmedizinischen Prophylaxeassistentinnen zeigen Ihnen dabei in 1-2 Sitzungen hilfreiche Tipps und Tricks, mit denen Sie das t\u00e4gliche Z\u00e4hneputzen verbessern k\u00f6nnen.<\/p>\n<h2>Tiefenreinigung<\/h2>\n<p>Die Entz\u00fcndung sitzt in der Tiefe der Zahnfleischtasche. Unter Lokalan\u00e4sthesie und mit sanften Methoden werden feste Zahnbel\u00e4ge unterhalb des Zahnfleischrandes entfernt und die Oberfl\u00e4che der Zahnwurzeln gegl\u00e4ttet.<\/p>\n<h2>Kontrolle ist besser<\/h2>\n<p>Nach mehreren Wochen der Heilung kommen Sie erneut zur professionellen Zahnreinigung. Wir kontrollieren Ihr Zahnfleisch, messen nochmals die Tiefe aller Zahnfleischtaschen und vergleichen sie mit dem Ausgangszustand. Wie erfolgreich war die Therapie?<\/p>\n<h2>Chirurgie? Nur noch selten!<\/h2>\n<p>Sind vereinzelt noch tiefere, entz\u00fcndliche Zahnfleischtaschen vorhanden, ist mitunter ein kleinerer chirurgischer Eingriff empfehlenswert, bei dem diese Zahnfleischtaschen unter Sicht erneut gereinigt werden. Dabei k\u00f6nnen auch regenerative Methoden zum Einsatz kommen.<\/p>\n<h2>Nachsorge ein Leben lang<\/h2>\n<p>Auch f\u00fcr den langfristigen Erfolg der Parodontalbehandlung ist Ihre Mitarbeit von entscheidender Bedeutung. Um einen gesunden und stabilen Zustand des Zahnhalteapparates zu erzielen, ist Ihre konsequente und\u00a0umfassende h\u00e4usliche Mundhygiene und die regelm\u00e4\u00dfige Teilnahme am Nachsorgeprogramm essenziell. Nachsorge hei\u00dft dabei professionelle Zahnreinigung und Nachreinigung vereinzelt tieferer Zahnfleischtaschen. Im ersten Jahr nach erfolgter Parodontitisbehandlung empfehlen wir die Nachsorge alle 3 Monate durchf\u00fchren zu lassen. Danach legen wir Ihr pers\u00f6nliches Nachsorgeintervall individuell fest.<\/p>","protected":false},"excerpt":{"rendered":"<p>Volkskrankheit Parodontitis Die Parodontitis ist eine chronisch verlaufende, entz\u00fcndliche Erkrankung des Zahnhalteapparats, die vor allem durch Bakterien in den Zahnbel\u00e4gen (Plaque und Zahnstein) und die Entz\u00fcndungsreaktionen des K\u00f6rpers verursacht wird.\u00a0 Statistisch gesehen leidet jeder zweite Erwachsene in Deutschland an Parodontitis. Viele von ihnen wissen es nicht einmal. Schleichend und unbemerkt Eine Parodontitis beginnt oft schleichend [&hellip;]<\/p>\n","protected":false},"author":1,"featured_media":0,"parent":21,"menu_order":4,"comment_status":"closed","ping_status":"closed","template":"services.php","meta":[],"yoast_head":"<!-- This site is optimized with the Yoast SEO plugin v19.14 - https:\/\/yoast.com\/wordpress\/plugins\/seo\/ -->\n<title>Parodontologie - Zahn\u00e4rzte am Nollendorfplatz<\/title>\n<meta name=\"description\" content=\"Eine Parodontitis beginnt oft schleichend und von den Patient\/innen unbemerkt und kann erhebliche Auswirkungen auf die Allgemeingesundheit haben. Zu Beginn kommt es immer zu einer oberfl\u00e4chlichen Zahnfleischentz\u00fcndung (Gingivitis), die sich durch R\u00f6tung und Schwellung des Zahnfleisches sowie durch Zahnfleischbluten bemerkbar macht. Durch die chronische Entz\u00fcndung kommt es im Verlauf der Erkrankung zum irreversiblen Knochenabbau und damit zu Zahnfleischr\u00fcckgang, Zahnlockerungen und in fortgeschrittenen F\u00e4llen auch zu Zahnverlust. H\u00e4ufig bemerken die Patient\/innen auch einen unangenehmen Geruch aus dem Mund. Durch fr\u00fchzeitiges Erkennen und eine systematische Behandlung kann die Parodontitis zum Stillstand gebracht werden. Die Therapie erfolgt strukturiert in verschiedenen Phasen.\" \/>\n<meta name=\"robots\" content=\"index, follow, max-snippet:-1, max-image-preview:large, max-video-preview:-1\" \/>\n<link rel=\"canonical\" href=\"https:\/\/www.zahnaerzte-am-nollendorfplatz.de\/practice\/services\/periodontology\/\" \/>\n<meta property=\"og:locale\" content=\"de_DE\" \/>\n<meta property=\"og:type\" content=\"article\" \/>\n<meta property=\"og:title\" content=\"Parodontologie - Zahn\u00e4rzte am Nollendorfplatz\" \/>\n<meta property=\"og:description\" content=\"{:de}Eine Parodontitis beginnt oft schleichend und von den Patient\/innen unbemerkt und kann erhebliche Auswirkungen auf die Allgemeingesundheit haben. Zu Beginn kommt es immer zu einer oberfl\u00e4chlichen Zahnfleischentz\u00fcndung (Gingivitis), die sich durch R\u00f6tung und Schwellung des Zahnfleisches sowie durch Zahnfleischbluten bemerkbar macht. Durch die chronische Entz\u00fcndung kommt es im Verlauf der Erkrankung zum irreversiblen Knochenabbau und damit zu Zahnfleischr\u00fcckgang, Zahnlockerungen und in fortgeschrittenen F\u00e4llen auch zu Zahnverlust. H\u00e4ufig bemerken die Patient\/innen auch einen unangenehmen Geruch aus dem Mund. Durch fr\u00fchzeitiges Erkennen und eine systematische Behandlung kann die Parodontitis zum Stillstand gebracht werden. Die Therapie erfolgt strukturiert in verschiedenen Phasen.{:en}Accumulations of bacterial plaque begin to infect the gums. After initial reddening, swelling and bleeding of the gums, ever-deeper \u201cperiodontal pockets\u201d develop and the bone substance is attacked. In the further course of acute periodontal disease the gums and jawbone recede. First of all the neck of the tooth becomes visible, later even the root, with the teeth taking on a longer appearance. In very severe cases tooth loss will result. Modern periodontological methods allow gum disease to be stopped and healed \u2013 without surgical intervention. The sensitive roots of the teeth are anaesthetized then cleaned \u2013 either manually or by fine ultrasonic points \u2013 and gently smoothed. Patients can eat and drink normally as soon as the local anaesthetic wears off.{:}\" \/>\n<meta property=\"og:url\" content=\"https:\/\/www.zahnaerzte-am-nollendorfplatz.de\/practice\/services\/periodontology\/\" \/>\n<meta property=\"og:site_name\" content=\"Zahn\u00e4rzte am Nollendorfplatz\" \/>\n<meta property=\"article:modified_time\" content=\"2022-12-14T13:28:14+00:00\" \/>\n<meta name=\"twitter:card\" content=\"summary_large_image\" \/>\n<meta name=\"twitter:label1\" content=\"Gesch\u00e4tzte Lesezeit\" \/>\n\t<meta name=\"twitter:data1\" content=\"2\u00a0Minuten\" \/>\n<script type=\"application\/ld+json\" class=\"yoast-schema-graph\">{\"@context\":\"https:\/\/schema.org\",\"@graph\":[{\"@type\":\"WebPage\",\"@id\":\"https:\/\/www.zahnaerzte-am-nollendorfplatz.de\/practice\/services\/periodontology\/\",\"url\":\"https:\/\/www.zahnaerzte-am-nollendorfplatz.de\/practice\/services\/periodontology\/\",\"name\":\"Parodontologie - Zahn\u00e4rzte am Nollendorfplatz\",\"isPartOf\":{\"@id\":\"https:\/\/www.zahnaerzte-am-nollendorfplatz.de\/practice\/#website\"},\"datePublished\":\"2010-01-07T19:36:43+00:00\",\"dateModified\":\"2022-12-14T13:28:14+00:00\",\"description\":\"{:de}Eine Parodontitis beginnt oft schleichend und von den Patient\/innen unbemerkt und kann erhebliche Auswirkungen auf die Allgemeingesundheit haben. Zu Beginn kommt es immer zu einer oberfl\u00e4chlichen Zahnfleischentz\u00fcndung (Gingivitis), die sich durch R\u00f6tung und Schwellung des Zahnfleisches sowie durch Zahnfleischbluten bemerkbar macht. Durch die chronische Entz\u00fcndung kommt es im Verlauf der Erkrankung zum irreversiblen Knochenabbau und damit zu Zahnfleischr\u00fcckgang, Zahnlockerungen und in fortgeschrittenen F\u00e4llen auch zu Zahnverlust. H\u00e4ufig bemerken die Patient\/innen auch einen unangenehmen Geruch aus dem Mund. Durch fr\u00fchzeitiges Erkennen und eine systematische Behandlung kann die Parodontitis zum Stillstand gebracht werden. Die Therapie erfolgt strukturiert in verschiedenen Phasen.{:en}Accumulations of bacterial plaque begin to infect the gums. After initial reddening, swelling and bleeding of the gums, ever-deeper \u201cperiodontal pockets\u201d develop and the bone substance is attacked. In the further course of acute periodontal disease the gums and jawbone recede. First of all the neck of the tooth becomes visible, later even the root, with the teeth taking on a longer appearance. In very severe cases tooth loss will result. Modern periodontological methods allow gum disease to be stopped and healed \u2013 without surgical intervention. The sensitive roots of the teeth are anaesthetized then cleaned \u2013 either manually or by fine ultrasonic points \u2013 and gently smoothed. Patients can eat and drink normally as soon as the local anaesthetic wears off.{:}\",\"breadcrumb\":{\"@id\":\"https:\/\/www.zahnaerzte-am-nollendorfplatz.de\/practice\/services\/periodontology\/#breadcrumb\"},\"inLanguage\":\"de\",\"potentialAction\":[{\"@type\":\"ReadAction\",\"target\":[\"https:\/\/www.zahnaerzte-am-nollendorfplatz.de\/practice\/services\/periodontology\/\"]}]},{\"@type\":\"BreadcrumbList\",\"@id\":\"https:\/\/www.zahnaerzte-am-nollendorfplatz.de\/practice\/services\/periodontology\/#breadcrumb\",\"itemListElement\":[{\"@type\":\"ListItem\",\"position\":1,\"name\":\"Startseite\",\"item\":\"https:\/\/www.zahnaerzte-am-nollendorfplatz.de\/practice\/\"},{\"@type\":\"ListItem\",\"position\":2,\"name\":\"Leistungen\",\"item\":\"https:\/\/www.zahnaerzte-am-nollendorfplatz.de\/practice\/services\/\"},{\"@type\":\"ListItem\",\"position\":3,\"name\":\"Parodontologie\"}]},{\"@type\":\"WebSite\",\"@id\":\"https:\/\/www.zahnaerzte-am-nollendorfplatz.de\/practice\/#website\",\"url\":\"https:\/\/www.zahnaerzte-am-nollendorfplatz.de\/practice\/\",\"name\":\"Zahn\u00e4rzte am Nollendorfplatz\",\"description\":\"Berlin-Sch\u00f6neberg\",\"publisher\":{\"@id\":\"https:\/\/www.zahnaerzte-am-nollendorfplatz.de\/practice\/#organization\"},\"potentialAction\":[{\"@type\":\"SearchAction\",\"target\":{\"@type\":\"EntryPoint\",\"urlTemplate\":\"https:\/\/www.zahnaerzte-am-nollendorfplatz.de\/practice\/?s={search_term_string}\"},\"query-input\":\"required name=search_term_string\"}],\"inLanguage\":\"de\"},{\"@type\":\"Organization\",\"@id\":\"https:\/\/www.zahnaerzte-am-nollendorfplatz.de\/practice\/#organization\",\"name\":\"Zahn\u00e4rzte am Nollendorfplatz\",\"url\":\"https:\/\/www.zahnaerzte-am-nollendorfplatz.de\/practice\/\",\"logo\":{\"@type\":\"ImageObject\",\"inLanguage\":\"de\",\"@id\":\"https:\/\/www.zahnaerzte-am-nollendorfplatz.de\/practice\/#\/schema\/logo\/image\/\",\"url\":\"https:\/\/www.zahnaerzte-am-nollendorfplatz.de\/practice\/wp-content\/uploads\/Logo-solo.png\",\"contentUrl\":\"https:\/\/www.zahnaerzte-am-nollendorfplatz.de\/practice\/wp-content\/uploads\/Logo-solo.png\",\"width\":630,\"height\":230,\"caption\":\"Zahn\u00e4rzte am Nollendorfplatz\"},\"image\":{\"@id\":\"https:\/\/www.zahnaerzte-am-nollendorfplatz.de\/practice\/#\/schema\/logo\/image\/\"}}]}<\/script>\n<!-- \/ Yoast SEO plugin. -->","yoast_head_json":{"title":"Parodontologie - Zahn\u00e4rzte am Nollendorfplatz","description":"Eine Parodontitis beginnt oft schleichend und von den Patient\/innen unbemerkt und kann erhebliche Auswirkungen auf die Allgemeingesundheit haben. Zu Beginn kommt es immer zu einer oberfl\u00e4chlichen Zahnfleischentz\u00fcndung (Gingivitis), die sich durch R\u00f6tung und Schwellung des Zahnfleisches sowie durch Zahnfleischbluten bemerkbar macht. Durch die chronische Entz\u00fcndung kommt es im Verlauf der Erkrankung zum irreversiblen Knochenabbau und damit zu Zahnfleischr\u00fcckgang, Zahnlockerungen und in fortgeschrittenen F\u00e4llen auch zu Zahnverlust. H\u00e4ufig bemerken die Patient\/innen auch einen unangenehmen Geruch aus dem Mund. Durch fr\u00fchzeitiges Erkennen und eine systematische Behandlung kann die Parodontitis zum Stillstand gebracht werden. Die Therapie erfolgt strukturiert in verschiedenen Phasen.","robots":{"index":"index","follow":"follow","max-snippet":"max-snippet:-1","max-image-preview":"max-image-preview:large","max-video-preview":"max-video-preview:-1"},"canonical":"https:\/\/www.zahnaerzte-am-nollendorfplatz.de\/practice\/services\/periodontology\/","og_locale":"de_DE","og_type":"article","og_title":"Parodontologie - Zahn\u00e4rzte am Nollendorfplatz","og_description":"{:de}Eine Parodontitis beginnt oft schleichend und von den Patient\/innen unbemerkt und kann erhebliche Auswirkungen auf die Allgemeingesundheit haben. Zu Beginn kommt es immer zu einer oberfl\u00e4chlichen Zahnfleischentz\u00fcndung (Gingivitis), die sich durch R\u00f6tung und Schwellung des Zahnfleisches sowie durch Zahnfleischbluten bemerkbar macht. Durch die chronische Entz\u00fcndung kommt es im Verlauf der Erkrankung zum irreversiblen Knochenabbau und damit zu Zahnfleischr\u00fcckgang, Zahnlockerungen und in fortgeschrittenen F\u00e4llen auch zu Zahnverlust. H\u00e4ufig bemerken die Patient\/innen auch einen unangenehmen Geruch aus dem Mund. Durch fr\u00fchzeitiges Erkennen und eine systematische Behandlung kann die Parodontitis zum Stillstand gebracht werden. Die Therapie erfolgt strukturiert in verschiedenen Phasen.{:en}Accumulations of bacterial plaque begin to infect the gums. After initial reddening, swelling and bleeding of the gums, ever-deeper \u201cperiodontal pockets\u201d develop and the bone substance is attacked. In the further course of acute periodontal disease the gums and jawbone recede. First of all the neck of the tooth becomes visible, later even the root, with the teeth taking on a longer appearance. In very severe cases tooth loss will result. Modern periodontological methods allow gum disease to be stopped and healed \u2013 without surgical intervention. The sensitive roots of the teeth are anaesthetized then cleaned \u2013 either manually or by fine ultrasonic points \u2013 and gently smoothed. Patients can eat and drink normally as soon as the local anaesthetic wears off.{:}","og_url":"https:\/\/www.zahnaerzte-am-nollendorfplatz.de\/practice\/services\/periodontology\/","og_site_name":"Zahn\u00e4rzte am Nollendorfplatz","article_modified_time":"2022-12-14T13:28:14+00:00","twitter_card":"summary_large_image","twitter_misc":{"Gesch\u00e4tzte Lesezeit":"2\u00a0Minuten"},"schema":{"@context":"https:\/\/schema.org","@graph":[{"@type":"WebPage","@id":"https:\/\/www.zahnaerzte-am-nollendorfplatz.de\/practice\/services\/periodontology\/","url":"https:\/\/www.zahnaerzte-am-nollendorfplatz.de\/practice\/services\/periodontology\/","name":"Parodontologie - Zahn\u00e4rzte am Nollendorfplatz","isPartOf":{"@id":"https:\/\/www.zahnaerzte-am-nollendorfplatz.de\/practice\/#website"},"datePublished":"2010-01-07T19:36:43+00:00","dateModified":"2022-12-14T13:28:14+00:00","description":"{:de}Eine Parodontitis beginnt oft schleichend und von den Patient\/innen unbemerkt und kann erhebliche Auswirkungen auf die Allgemeingesundheit haben. Zu Beginn kommt es immer zu einer oberfl\u00e4chlichen Zahnfleischentz\u00fcndung (Gingivitis), die sich durch R\u00f6tung und Schwellung des Zahnfleisches sowie durch Zahnfleischbluten bemerkbar macht. Durch die chronische Entz\u00fcndung kommt es im Verlauf der Erkrankung zum irreversiblen Knochenabbau und damit zu Zahnfleischr\u00fcckgang, Zahnlockerungen und in fortgeschrittenen F\u00e4llen auch zu Zahnverlust. H\u00e4ufig bemerken die Patient\/innen auch einen unangenehmen Geruch aus dem Mund. Durch fr\u00fchzeitiges Erkennen und eine systematische Behandlung kann die Parodontitis zum Stillstand gebracht werden. Die Therapie erfolgt strukturiert in verschiedenen Phasen.{:en}Accumulations of bacterial plaque begin to infect the gums. After initial reddening, swelling and bleeding of the gums, ever-deeper \u201cperiodontal pockets\u201d develop and the bone substance is attacked. In the further course of acute periodontal disease the gums and jawbone recede. First of all the neck of the tooth becomes visible, later even the root, with the teeth taking on a longer appearance. In very severe cases tooth loss will result. Modern periodontological methods allow gum disease to be stopped and healed \u2013 without surgical intervention. The sensitive roots of the teeth are anaesthetized then cleaned \u2013 either manually or by fine ultrasonic points \u2013 and gently smoothed. Patients can eat and drink normally as soon as the local anaesthetic wears off.{:}","breadcrumb":{"@id":"https:\/\/www.zahnaerzte-am-nollendorfplatz.de\/practice\/services\/periodontology\/#breadcrumb"},"inLanguage":"de","potentialAction":[{"@type":"ReadAction","target":["https:\/\/www.zahnaerzte-am-nollendorfplatz.de\/practice\/services\/periodontology\/"]}]},{"@type":"BreadcrumbList","@id":"https:\/\/www.zahnaerzte-am-nollendorfplatz.de\/practice\/services\/periodontology\/#breadcrumb","itemListElement":[{"@type":"ListItem","position":1,"name":"Startseite","item":"https:\/\/www.zahnaerzte-am-nollendorfplatz.de\/practice\/"},{"@type":"ListItem","position":2,"name":"Leistungen","item":"https:\/\/www.zahnaerzte-am-nollendorfplatz.de\/practice\/services\/"},{"@type":"ListItem","position":3,"name":"Parodontologie"}]},{"@type":"WebSite","@id":"https:\/\/www.zahnaerzte-am-nollendorfplatz.de\/practice\/#website","url":"https:\/\/www.zahnaerzte-am-nollendorfplatz.de\/practice\/","name":"Zahn\u00e4rzte am Nollendorfplatz","description":"Berlin-Sch\u00f6neberg","publisher":{"@id":"https:\/\/www.zahnaerzte-am-nollendorfplatz.de\/practice\/#organization"},"potentialAction":[{"@type":"SearchAction","target":{"@type":"EntryPoint","urlTemplate":"https:\/\/www.zahnaerzte-am-nollendorfplatz.de\/practice\/?s={search_term_string}"},"query-input":"required name=search_term_string"}],"inLanguage":"de"},{"@type":"Organization","@id":"https:\/\/www.zahnaerzte-am-nollendorfplatz.de\/practice\/#organization","name":"Zahn\u00e4rzte am Nollendorfplatz","url":"https:\/\/www.zahnaerzte-am-nollendorfplatz.de\/practice\/","logo":{"@type":"ImageObject","inLanguage":"de","@id":"https:\/\/www.zahnaerzte-am-nollendorfplatz.de\/practice\/#\/schema\/logo\/image\/","url":"https:\/\/www.zahnaerzte-am-nollendorfplatz.de\/practice\/wp-content\/uploads\/Logo-solo.png","contentUrl":"https:\/\/www.zahnaerzte-am-nollendorfplatz.de\/practice\/wp-content\/uploads\/Logo-solo.png","width":630,"height":230,"caption":"Zahn\u00e4rzte am Nollendorfplatz"},"image":{"@id":"https:\/\/www.zahnaerzte-am-nollendorfplatz.de\/practice\/#\/schema\/logo\/image\/"}}]}},"_links":{"self":[{"href":"https:\/\/www.zahnaerzte-am-nollendorfplatz.de\/practice\/wp-json\/wp\/v2\/pages\/14"}],"collection":[{"href":"https:\/\/www.zahnaerzte-am-nollendorfplatz.de\/practice\/wp-json\/wp\/v2\/pages"}],"about":[{"href":"https:\/\/www.zahnaerzte-am-nollendorfplatz.de\/practice\/wp-json\/wp\/v2\/types\/page"}],"author":[{"embeddable":true,"href":"https:\/\/www.zahnaerzte-am-nollendorfplatz.de\/practice\/wp-json\/wp\/v2\/users\/1"}],"replies":[{"embeddable":true,"href":"https:\/\/www.zahnaerzte-am-nollendorfplatz.de\/practice\/wp-json\/wp\/v2\/comments?post=14"}],"version-history":[{"count":15,"href":"https:\/\/www.zahnaerzte-am-nollendorfplatz.de\/practice\/wp-json\/wp\/v2\/pages\/14\/revisions"}],"predecessor-version":[{"id":3590,"href":"https:\/\/www.zahnaerzte-am-nollendorfplatz.de\/practice\/wp-json\/wp\/v2\/pages\/14\/revisions\/3590"}],"up":[{"embeddable":true,"href":"https:\/\/www.zahnaerzte-am-nollendorfplatz.de\/practice\/wp-json\/wp\/v2\/pages\/21"}],"wp:attachment":[{"href":"https:\/\/www.zahnaerzte-am-nollendorfplatz.de\/practice\/wp-json\/wp\/v2\/media?parent=14"}],"curies":[{"name":"wp","href":"https:\/\/api.w.org\/{rel}","templated":true}]}}