{"id":1716,"date":"2019-08-15T14:52:04","date_gmt":"2019-08-15T12:52:04","guid":{"rendered":"https:\/\/www.lipp-lutz.de\/practice\/?page_id=1716"},"modified":"2022-12-14T14:40:41","modified_gmt":"2022-12-14T13:40:41","slug":"invisible-braces","status":"publish","type":"page","link":"https:\/\/www.zahnaerzte-am-nollendorfplatz.de\/practice\/services\/invisible-braces\/","title":{"rendered":"Unsichtbare Zahnspange"},"content":{"rendered":"<p><\/p>\n<h2>Die Alternative zur festen Zahnspange<\/h2>\n<p>Die Marke Invisalign\u00ae steht f\u00fcr das weltweit f\u00fchrende System mit transparenten Alignern (Schienen). Es kann zur Behandlung einer Vielzahl von Zahnfehlstellungen eingesetzt werden.<\/p>\n<div class=\"logo-invisalign-300\"><\/div>\n<p>Das Behandlungsverfahren mit Invisalign\u00ae ist unkompliziert, zeitlich \u00fcberschaubar und nutzt die fortschrittlichste Technik. Die Schienen sind zudem:<\/p>\n<ul>\n<li>leicht herausnehmbar<\/li>\n<li>angenehm zu tragen<\/li>\n<li>nahezu unsichtbar<\/li>\n<\/ul>\n<h2>Visualisierung Ihrer Zahnbewegung<\/h2>\n<p>Mit der ClinCheck\u00ae-Technologie k\u00f6nnen wir Ihnen als zertifizierte Invisalign\u00ae -Anwender den gesamten geplanten Verlauf Ihrer Zahnbewegung vorab digital demonstrieren, so dass Sie sich bereits vor Behandlungsbeginn ein genaues Bild von Ihrem neuen L\u00e4cheln machen k\u00f6nnen.<\/p>\n<h2>Passt perfekt in Ihren Mund<\/h2>\n<p>Sie erhalten eine Reihe von individuell auf Sie zugeschnittene Schienen, die mit der fortschrittlichsten 3D-Drucktechnik f\u00fcr Sie gefertigt werden und Ihre Z\u00e4hne sanft, effizient und pr\u00e4zise bewegen. Die Schienen tragen Sie t\u00e4glich und wechseln sie jeweils nach 1-2 Wochen bequem zu Hause aus. So bringt Sie jede neue Schiene ein St\u00fcck weiter an Ihr neues L\u00e4cheln. Alle 4-6 Wochen sehen wir uns in der Praxis zur Verlaufskontrolle und Ausgabe weiterer Schienen.<\/p>\n<h2>Am neuen L\u00e4cheln festhalten<\/h2>\n<p>Nach der aktiven Bewegungsphase ist es zum Ende der Invisalign\u00ae-Behandlung wichtig, Ihre neue Zahnstellung mithilfe eines Retainers dauerhaft zu fixieren. Das kann ein filigraner Draht sein, der an die R\u00fcckseite der Frontzahnfl\u00e4chen geklebt wird oder eine Schiene, die Sie nachts tragen. Welcher Retainer f\u00fcr Sie der richtige ist, erfahren Sie in einem Beratungsgespr\u00e4ch.<\/p>\n<p>W\u00fcnschen auch Sie sich gerade Z\u00e4hne? Dann sprechen Sie uns an, wir beraten Sie gern!<\/p>","protected":false},"excerpt":{"rendered":"<p>Die Alternative zur festen Zahnspange Die Marke Invisalign\u00ae steht f\u00fcr das weltweit f\u00fchrende System mit transparenten Alignern (Schienen). Es kann zur Behandlung einer Vielzahl von Zahnfehlstellungen eingesetzt werden. Das Behandlungsverfahren mit Invisalign\u00ae ist unkompliziert, zeitlich \u00fcberschaubar und nutzt die fortschrittlichste Technik. Die Schienen sind zudem: leicht herausnehmbar angenehm zu tragen nahezu unsichtbar Visualisierung Ihrer Zahnbewegung [&hellip;]<\/p>\n","protected":false},"author":1,"featured_media":0,"parent":21,"menu_order":8,"comment_status":"closed","ping_status":"closed","template":"services.php","meta":[],"yoast_head":"<!-- This site is optimized with the Yoast SEO plugin v19.14 - https:\/\/yoast.com\/wordpress\/plugins\/seo\/ -->\n<title>Unsichtbare Zahnspange - Zahn\u00e4rzte am Nollendorfplatz<\/title>\n<meta name=\"description\" content=\"Die Marke Invisalign\u00ae steht f\u00fcr das weltweit f\u00fchrende System mit transparenten Alignern (Schienen). Es kann zur Behandlung einer Vielzahl von Zahnfehlstellungen eingesetzt werden. Sie erhalten eine Reihe von individuell auf Sie zugeschnittene Schienen, die mit der fortschrittlichsten 3D-Drucktechnik f\u00fcr Sie gefertigt werden und Ihre Z\u00e4hne sanft, effizient und pr\u00e4zise bewegen. Die Schienen tragen Sie t\u00e4glich und wechseln sie jeweils nach 1-2 Wochen bequem zu Hause aus. So bringt Sie jede neue Schiene ein St\u00fcck weiter an Ihr neues L\u00e4cheln. Alle 4-6 Wochen sehen wir uns in der Praxis zur Verlaufskontrolle und Ausgabe weiterer Schienen.\" \/>\n<meta name=\"robots\" content=\"index, follow, max-snippet:-1, max-image-preview:large, max-video-preview:-1\" \/>\n<link rel=\"canonical\" href=\"https:\/\/www.zahnaerzte-am-nollendorfplatz.de\/practice\/services\/invisible-braces\/\" \/>\n<meta property=\"og:locale\" content=\"de_DE\" \/>\n<meta property=\"og:type\" content=\"article\" \/>\n<meta property=\"og:title\" content=\"Unsichtbare Zahnspange - Zahn\u00e4rzte am Nollendorfplatz\" \/>\n<meta property=\"og:description\" content=\"Die Marke Invisalign\u00ae steht f\u00fcr das weltweit f\u00fchrende System mit transparenten Alignern (Schienen). Es kann zur Behandlung einer Vielzahl von Zahnfehlstellungen eingesetzt werden. Sie erhalten eine Reihe von individuell auf Sie zugeschnittene Schienen, die mit der fortschrittlichsten 3D-Drucktechnik f\u00fcr Sie gefertigt werden und Ihre Z\u00e4hne sanft, effizient und pr\u00e4zise bewegen. Die Schienen tragen Sie t\u00e4glich und wechseln sie jeweils nach 1-2 Wochen bequem zu Hause aus. So bringt Sie jede neue Schiene ein St\u00fcck weiter an Ihr neues L\u00e4cheln. Alle 4-6 Wochen sehen wir uns in der Praxis zur Verlaufskontrolle und Ausgabe weiterer Schienen.\" \/>\n<meta property=\"og:url\" content=\"https:\/\/www.zahnaerzte-am-nollendorfplatz.de\/practice\/services\/invisible-braces\/\" \/>\n<meta property=\"og:site_name\" content=\"Zahn\u00e4rzte am Nollendorfplatz\" \/>\n<meta property=\"article:modified_time\" content=\"2022-12-14T13:40:41+00:00\" \/>\n<meta name=\"twitter:card\" content=\"summary_large_image\" \/>\n<meta name=\"twitter:label1\" content=\"Gesch\u00e4tzte Lesezeit\" \/>\n\t<meta name=\"twitter:data1\" content=\"2\u00a0Minuten\" \/>\n<script type=\"application\/ld+json\" class=\"yoast-schema-graph\">{\"@context\":\"https:\/\/schema.org\",\"@graph\":[{\"@type\":\"WebPage\",\"@id\":\"https:\/\/www.zahnaerzte-am-nollendorfplatz.de\/practice\/services\/invisible-braces\/\",\"url\":\"https:\/\/www.zahnaerzte-am-nollendorfplatz.de\/practice\/services\/invisible-braces\/\",\"name\":\"Unsichtbare Zahnspange - Zahn\u00e4rzte am Nollendorfplatz\",\"isPartOf\":{\"@id\":\"https:\/\/www.zahnaerzte-am-nollendorfplatz.de\/practice\/#website\"},\"datePublished\":\"2019-08-15T12:52:04+00:00\",\"dateModified\":\"2022-12-14T13:40:41+00:00\",\"description\":\"Die Marke Invisalign\u00ae steht f\u00fcr das weltweit f\u00fchrende System mit transparenten Alignern (Schienen). Es kann zur Behandlung einer Vielzahl von Zahnfehlstellungen eingesetzt werden. Sie erhalten eine Reihe von individuell auf Sie zugeschnittene Schienen, die mit der fortschrittlichsten 3D-Drucktechnik f\u00fcr Sie gefertigt werden und Ihre Z\u00e4hne sanft, effizient und pr\u00e4zise bewegen. Die Schienen tragen Sie t\u00e4glich und wechseln sie jeweils nach 1-2 Wochen bequem zu Hause aus. So bringt Sie jede neue Schiene ein St\u00fcck weiter an Ihr neues L\u00e4cheln. Alle 4-6 Wochen sehen wir uns in der Praxis zur Verlaufskontrolle und Ausgabe weiterer Schienen.\",\"breadcrumb\":{\"@id\":\"https:\/\/www.zahnaerzte-am-nollendorfplatz.de\/practice\/services\/invisible-braces\/#breadcrumb\"},\"inLanguage\":\"de\",\"potentialAction\":[{\"@type\":\"ReadAction\",\"target\":[\"https:\/\/www.zahnaerzte-am-nollendorfplatz.de\/practice\/services\/invisible-braces\/\"]}]},{\"@type\":\"BreadcrumbList\",\"@id\":\"https:\/\/www.zahnaerzte-am-nollendorfplatz.de\/practice\/services\/invisible-braces\/#breadcrumb\",\"itemListElement\":[{\"@type\":\"ListItem\",\"position\":1,\"name\":\"Startseite\",\"item\":\"https:\/\/www.zahnaerzte-am-nollendorfplatz.de\/practice\/\"},{\"@type\":\"ListItem\",\"position\":2,\"name\":\"Leistungen\",\"item\":\"https:\/\/www.zahnaerzte-am-nollendorfplatz.de\/practice\/services\/\"},{\"@type\":\"ListItem\",\"position\":3,\"name\":\"Unsichtbare Zahnspange\"}]},{\"@type\":\"WebSite\",\"@id\":\"https:\/\/www.zahnaerzte-am-nollendorfplatz.de\/practice\/#website\",\"url\":\"https:\/\/www.zahnaerzte-am-nollendorfplatz.de\/practice\/\",\"name\":\"Zahn\u00e4rzte am Nollendorfplatz\",\"description\":\"Berlin-Sch\u00f6neberg\",\"publisher\":{\"@id\":\"https:\/\/www.zahnaerzte-am-nollendorfplatz.de\/practice\/#organization\"},\"potentialAction\":[{\"@type\":\"SearchAction\",\"target\":{\"@type\":\"EntryPoint\",\"urlTemplate\":\"https:\/\/www.zahnaerzte-am-nollendorfplatz.de\/practice\/?s={search_term_string}\"},\"query-input\":\"required name=search_term_string\"}],\"inLanguage\":\"de\"},{\"@type\":\"Organization\",\"@id\":\"https:\/\/www.zahnaerzte-am-nollendorfplatz.de\/practice\/#organization\",\"name\":\"Zahn\u00e4rzte am Nollendorfplatz\",\"url\":\"https:\/\/www.zahnaerzte-am-nollendorfplatz.de\/practice\/\",\"logo\":{\"@type\":\"ImageObject\",\"inLanguage\":\"de\",\"@id\":\"https:\/\/www.zahnaerzte-am-nollendorfplatz.de\/practice\/#\/schema\/logo\/image\/\",\"url\":\"https:\/\/www.zahnaerzte-am-nollendorfplatz.de\/practice\/wp-content\/uploads\/Logo-solo.png\",\"contentUrl\":\"https:\/\/www.zahnaerzte-am-nollendorfplatz.de\/practice\/wp-content\/uploads\/Logo-solo.png\",\"width\":630,\"height\":230,\"caption\":\"Zahn\u00e4rzte am Nollendorfplatz\"},\"image\":{\"@id\":\"https:\/\/www.zahnaerzte-am-nollendorfplatz.de\/practice\/#\/schema\/logo\/image\/\"}}]}<\/script>\n<!-- \/ Yoast SEO plugin. -->","yoast_head_json":{"title":"Unsichtbare Zahnspange - Zahn\u00e4rzte am Nollendorfplatz","description":"Die Marke Invisalign\u00ae steht f\u00fcr das weltweit f\u00fchrende System mit transparenten Alignern (Schienen). Es kann zur Behandlung einer Vielzahl von Zahnfehlstellungen eingesetzt werden. Sie erhalten eine Reihe von individuell auf Sie zugeschnittene Schienen, die mit der fortschrittlichsten 3D-Drucktechnik f\u00fcr Sie gefertigt werden und Ihre Z\u00e4hne sanft, effizient und pr\u00e4zise bewegen. Die Schienen tragen Sie t\u00e4glich und wechseln sie jeweils nach 1-2 Wochen bequem zu Hause aus. So bringt Sie jede neue Schiene ein St\u00fcck weiter an Ihr neues L\u00e4cheln. Alle 4-6 Wochen sehen wir uns in der Praxis zur Verlaufskontrolle und Ausgabe weiterer Schienen.","robots":{"index":"index","follow":"follow","max-snippet":"max-snippet:-1","max-image-preview":"max-image-preview:large","max-video-preview":"max-video-preview:-1"},"canonical":"https:\/\/www.zahnaerzte-am-nollendorfplatz.de\/practice\/services\/invisible-braces\/","og_locale":"de_DE","og_type":"article","og_title":"Unsichtbare Zahnspange - Zahn\u00e4rzte am Nollendorfplatz","og_description":"Die Marke Invisalign\u00ae steht f\u00fcr das weltweit f\u00fchrende System mit transparenten Alignern (Schienen). Es kann zur Behandlung einer Vielzahl von Zahnfehlstellungen eingesetzt werden. Sie erhalten eine Reihe von individuell auf Sie zugeschnittene Schienen, die mit der fortschrittlichsten 3D-Drucktechnik f\u00fcr Sie gefertigt werden und Ihre Z\u00e4hne sanft, effizient und pr\u00e4zise bewegen. Die Schienen tragen Sie t\u00e4glich und wechseln sie jeweils nach 1-2 Wochen bequem zu Hause aus. So bringt Sie jede neue Schiene ein St\u00fcck weiter an Ihr neues L\u00e4cheln. Alle 4-6 Wochen sehen wir uns in der Praxis zur Verlaufskontrolle und Ausgabe weiterer Schienen.","og_url":"https:\/\/www.zahnaerzte-am-nollendorfplatz.de\/practice\/services\/invisible-braces\/","og_site_name":"Zahn\u00e4rzte am Nollendorfplatz","article_modified_time":"2022-12-14T13:40:41+00:00","twitter_card":"summary_large_image","twitter_misc":{"Gesch\u00e4tzte Lesezeit":"2\u00a0Minuten"},"schema":{"@context":"https:\/\/schema.org","@graph":[{"@type":"WebPage","@id":"https:\/\/www.zahnaerzte-am-nollendorfplatz.de\/practice\/services\/invisible-braces\/","url":"https:\/\/www.zahnaerzte-am-nollendorfplatz.de\/practice\/services\/invisible-braces\/","name":"Unsichtbare Zahnspange - Zahn\u00e4rzte am Nollendorfplatz","isPartOf":{"@id":"https:\/\/www.zahnaerzte-am-nollendorfplatz.de\/practice\/#website"},"datePublished":"2019-08-15T12:52:04+00:00","dateModified":"2022-12-14T13:40:41+00:00","description":"Die Marke Invisalign\u00ae steht f\u00fcr das weltweit f\u00fchrende System mit transparenten Alignern (Schienen). Es kann zur Behandlung einer Vielzahl von Zahnfehlstellungen eingesetzt werden. Sie erhalten eine Reihe von individuell auf Sie zugeschnittene Schienen, die mit der fortschrittlichsten 3D-Drucktechnik f\u00fcr Sie gefertigt werden und Ihre Z\u00e4hne sanft, effizient und pr\u00e4zise bewegen. Die Schienen tragen Sie t\u00e4glich und wechseln sie jeweils nach 1-2 Wochen bequem zu Hause aus. So bringt Sie jede neue Schiene ein St\u00fcck weiter an Ihr neues L\u00e4cheln. Alle 4-6 Wochen sehen wir uns in der Praxis zur Verlaufskontrolle und Ausgabe weiterer Schienen.","breadcrumb":{"@id":"https:\/\/www.zahnaerzte-am-nollendorfplatz.de\/practice\/services\/invisible-braces\/#breadcrumb"},"inLanguage":"de","potentialAction":[{"@type":"ReadAction","target":["https:\/\/www.zahnaerzte-am-nollendorfplatz.de\/practice\/services\/invisible-braces\/"]}]},{"@type":"BreadcrumbList","@id":"https:\/\/www.zahnaerzte-am-nollendorfplatz.de\/practice\/services\/invisible-braces\/#breadcrumb","itemListElement":[{"@type":"ListItem","position":1,"name":"Startseite","item":"https:\/\/www.zahnaerzte-am-nollendorfplatz.de\/practice\/"},{"@type":"ListItem","position":2,"name":"Leistungen","item":"https:\/\/www.zahnaerzte-am-nollendorfplatz.de\/practice\/services\/"},{"@type":"ListItem","position":3,"name":"Unsichtbare Zahnspange"}]},{"@type":"WebSite","@id":"https:\/\/www.zahnaerzte-am-nollendorfplatz.de\/practice\/#website","url":"https:\/\/www.zahnaerzte-am-nollendorfplatz.de\/practice\/","name":"Zahn\u00e4rzte am Nollendorfplatz","description":"Berlin-Sch\u00f6neberg","publisher":{"@id":"https:\/\/www.zahnaerzte-am-nollendorfplatz.de\/practice\/#organization"},"potentialAction":[{"@type":"SearchAction","target":{"@type":"EntryPoint","urlTemplate":"https:\/\/www.zahnaerzte-am-nollendorfplatz.de\/practice\/?s={search_term_string}"},"query-input":"required name=search_term_string"}],"inLanguage":"de"},{"@type":"Organization","@id":"https:\/\/www.zahnaerzte-am-nollendorfplatz.de\/practice\/#organization","name":"Zahn\u00e4rzte am Nollendorfplatz","url":"https:\/\/www.zahnaerzte-am-nollendorfplatz.de\/practice\/","logo":{"@type":"ImageObject","inLanguage":"de","@id":"https:\/\/www.zahnaerzte-am-nollendorfplatz.de\/practice\/#\/schema\/logo\/image\/","url":"https:\/\/www.zahnaerzte-am-nollendorfplatz.de\/practice\/wp-content\/uploads\/Logo-solo.png","contentUrl":"https:\/\/www.zahnaerzte-am-nollendorfplatz.de\/practice\/wp-content\/uploads\/Logo-solo.png","width":630,"height":230,"caption":"Zahn\u00e4rzte am Nollendorfplatz"},"image":{"@id":"https:\/\/www.zahnaerzte-am-nollendorfplatz.de\/practice\/#\/schema\/logo\/image\/"}}]}},"_links":{"self":[{"href":"https:\/\/www.zahnaerzte-am-nollendorfplatz.de\/practice\/wp-json\/wp\/v2\/pages\/1716"}],"collection":[{"href":"https:\/\/www.zahnaerzte-am-nollendorfplatz.de\/practice\/wp-json\/wp\/v2\/pages"}],"about":[{"href":"https:\/\/www.zahnaerzte-am-nollendorfplatz.de\/practice\/wp-json\/wp\/v2\/types\/page"}],"author":[{"embeddable":true,"href":"https:\/\/www.zahnaerzte-am-nollendorfplatz.de\/practice\/wp-json\/wp\/v2\/users\/1"}],"replies":[{"embeddable":true,"href":"https:\/\/www.zahnaerzte-am-nollendorfplatz.de\/practice\/wp-json\/wp\/v2\/comments?post=1716"}],"version-history":[{"count":18,"href":"https:\/\/www.zahnaerzte-am-nollendorfplatz.de\/practice\/wp-json\/wp\/v2\/pages\/1716\/revisions"}],"predecessor-version":[{"id":3594,"href":"https:\/\/www.zahnaerzte-am-nollendorfplatz.de\/practice\/wp-json\/wp\/v2\/pages\/1716\/revisions\/3594"}],"up":[{"embeddable":true,"href":"https:\/\/www.zahnaerzte-am-nollendorfplatz.de\/practice\/wp-json\/wp\/v2\/pages\/21"}],"wp:attachment":[{"href":"https:\/\/www.zahnaerzte-am-nollendorfplatz.de\/practice\/wp-json\/wp\/v2\/media?parent=1716"}],"curies":[{"name":"wp","href":"https:\/\/api.w.org\/{rel}","templated":true}]}}