{"id":21,"date":"2010-01-07T21:48:16","date_gmt":"2010-01-07T19:48:16","guid":{"rendered":"http:\/\/www.maryon.ch\/home\/?page_id=21"},"modified":"2018-02-18T21:21:04","modified_gmt":"2018-02-18T19:21:04","slug":"services","status":"publish","type":"page","link":"https:\/\/www.zahnaerzte-am-nollendorfplatz.de\/practice\/services\/","title":{"rendered":"Leistungen"},"content":{"rendered":"<p>Das \u00abBLL-Konzept\u00bb folgt ganz konsequent den W\u00fcnschen unserer Patienten nach spezialisierten Leistungen. Das bedeutet, dass Sie immer Ihren ganz pers\u00f6nlichen Vertrauensarzt haben, dieser aber nach medizinischer Notwendigkeit und Ihren ganz pers\u00f6nlichen W\u00fcnschen an den jeweiligen, spezialisierten, Kollegen innerhalb der Praxis \u00fcberweist. Anschlie\u00dfend kehren Sie selbstverst\u00e4ndlich immer wieder zu Ihrem Vertrauensarzt zur\u00fcck. Uns hilft das \u00abBLL-Konzept\u00bb im Sinne unserer Patienten, die teils enorme Vielfalt medizinischer Forschung und Entwicklung auf mehrere Schultern zu verteilen. Und Sie als Patient profitieren von einem Wissensstand, F\u00e4higkeiten und Techniken auf stets aktuellem Niveau.<\/p>\n<p>Weiterhin profitieren unsere Patienten vom \u00abBLL-Konzept\u00bb, weil es nicht nur hohe fachliche Expertise bietet, sondern zus\u00e4tzlich auf einem ausgekl\u00fcgelten Qualit\u00e4tsmanagementsystem fu\u00dft, das k\u00fcrzeste Wartezeiten, eine rund-um-sorglos-Betreuung und peinlichst eingehaltene Hygienevorschriften umfasst.<\/p>\n<p>Interne und externe, nationale und internationale, Weiter- und Fortbildungen wird nicht nur bei den \u00c4rzten gro\u00df geschrieben, auch unser Team engagierter Assistentinnen kommen mehrmals im Jahr in diesen Genu\u00df.<\/p>","protected":false},"excerpt":{"rendered":"<p>Das \u00abBLL-Konzept\u00bb folgt ganz konsequent den W\u00fcnschen unserer Patienten nach spezialisierten Leistungen. Das bedeutet, dass Sie immer Ihren ganz pers\u00f6nlichen Vertrauensarzt haben, dieser aber nach medizinischer Notwendigkeit und Ihren ganz pers\u00f6nlichen W\u00fcnschen an den jeweiligen, spezialisierten, Kollegen innerhalb der Praxis \u00fcberweist. Anschlie\u00dfend kehren Sie selbstverst\u00e4ndlich immer wieder zu Ihrem Vertrauensarzt zur\u00fcck. Uns hilft das \u00abBLL-Konzept\u00bb [&hellip;]<\/p>\n","protected":false},"author":1,"featured_media":0,"parent":0,"menu_order":2,"comment_status":"closed","ping_status":"closed","template":"services.php","meta":[],"yoast_head":"<!-- This site is optimized with the Yoast SEO plugin v19.14 - https:\/\/yoast.com\/wordpress\/plugins\/seo\/ -->\n<title>Leistungen - Zahn\u00e4rzte am Nollendorfplatz<\/title>\n<meta name=\"robots\" content=\"index, follow, max-snippet:-1, max-image-preview:large, max-video-preview:-1\" \/>\n<link rel=\"canonical\" href=\"https:\/\/www.zahnaerzte-am-nollendorfplatz.de\/practice\/services\/\" \/>\n<meta property=\"og:locale\" content=\"de_DE\" \/>\n<meta property=\"og:type\" content=\"article\" \/>\n<meta property=\"og:title\" content=\"Leistungen - Zahn\u00e4rzte am Nollendorfplatz\" \/>\n<meta property=\"og:description\" content=\"Das \u00abBLL-Konzept\u00bb folgt ganz konsequent den W\u00fcnschen unserer Patienten nach spezialisierten Leistungen. Das bedeutet, dass Sie immer Ihren ganz pers\u00f6nlichen Vertrauensarzt haben, dieser aber nach medizinischer Notwendigkeit und Ihren ganz pers\u00f6nlichen W\u00fcnschen an den jeweiligen, spezialisierten, Kollegen innerhalb der Praxis \u00fcberweist. Anschlie\u00dfend kehren Sie selbstverst\u00e4ndlich immer wieder zu Ihrem Vertrauensarzt zur\u00fcck. Uns hilft das \u00abBLL-Konzept\u00bb [&hellip;]\" \/>\n<meta property=\"og:url\" content=\"https:\/\/www.zahnaerzte-am-nollendorfplatz.de\/practice\/services\/\" \/>\n<meta property=\"og:site_name\" content=\"Zahn\u00e4rzte am Nollendorfplatz\" \/>\n<meta property=\"article:modified_time\" content=\"2018-02-18T19:21:04+00:00\" \/>\n<meta name=\"twitter:card\" content=\"summary_large_image\" \/>\n<meta name=\"twitter:label1\" content=\"Gesch\u00e4tzte Lesezeit\" \/>\n\t<meta name=\"twitter:data1\" content=\"2\u00a0Minuten\" \/>\n<script type=\"application\/ld+json\" class=\"yoast-schema-graph\">{\"@context\":\"https:\/\/schema.org\",\"@graph\":[{\"@type\":\"WebPage\",\"@id\":\"https:\/\/www.zahnaerzte-am-nollendorfplatz.de\/practice\/services\/\",\"url\":\"https:\/\/www.zahnaerzte-am-nollendorfplatz.de\/practice\/services\/\",\"name\":\"Leistungen - Zahn\u00e4rzte am Nollendorfplatz\",\"isPartOf\":{\"@id\":\"https:\/\/www.zahnaerzte-am-nollendorfplatz.de\/practice\/#website\"},\"datePublished\":\"2010-01-07T19:48:16+00:00\",\"dateModified\":\"2018-02-18T19:21:04+00:00\",\"breadcrumb\":{\"@id\":\"https:\/\/www.zahnaerzte-am-nollendorfplatz.de\/practice\/services\/#breadcrumb\"},\"inLanguage\":\"de\",\"potentialAction\":[{\"@type\":\"ReadAction\",\"target\":[\"https:\/\/www.zahnaerzte-am-nollendorfplatz.de\/practice\/services\/\"]}]},{\"@type\":\"BreadcrumbList\",\"@id\":\"https:\/\/www.zahnaerzte-am-nollendorfplatz.de\/practice\/services\/#breadcrumb\",\"itemListElement\":[{\"@type\":\"ListItem\",\"position\":1,\"name\":\"Startseite\",\"item\":\"https:\/\/www.zahnaerzte-am-nollendorfplatz.de\/practice\/\"},{\"@type\":\"ListItem\",\"position\":2,\"name\":\"Leistungen\"}]},{\"@type\":\"WebSite\",\"@id\":\"https:\/\/www.zahnaerzte-am-nollendorfplatz.de\/practice\/#website\",\"url\":\"https:\/\/www.zahnaerzte-am-nollendorfplatz.de\/practice\/\",\"name\":\"Zahn\u00e4rzte am Nollendorfplatz\",\"description\":\"Berlin-Sch\u00f6neberg\",\"publisher\":{\"@id\":\"https:\/\/www.zahnaerzte-am-nollendorfplatz.de\/practice\/#organization\"},\"potentialAction\":[{\"@type\":\"SearchAction\",\"target\":{\"@type\":\"EntryPoint\",\"urlTemplate\":\"https:\/\/www.zahnaerzte-am-nollendorfplatz.de\/practice\/?s={search_term_string}\"},\"query-input\":\"required name=search_term_string\"}],\"inLanguage\":\"de\"},{\"@type\":\"Organization\",\"@id\":\"https:\/\/www.zahnaerzte-am-nollendorfplatz.de\/practice\/#organization\",\"name\":\"Zahn\u00e4rzte am Nollendorfplatz\",\"url\":\"https:\/\/www.zahnaerzte-am-nollendorfplatz.de\/practice\/\",\"logo\":{\"@type\":\"ImageObject\",\"inLanguage\":\"de\",\"@id\":\"https:\/\/www.zahnaerzte-am-nollendorfplatz.de\/practice\/#\/schema\/logo\/image\/\",\"url\":\"https:\/\/www.zahnaerzte-am-nollendorfplatz.de\/practice\/wp-content\/uploads\/Logo-solo.png\",\"contentUrl\":\"https:\/\/www.zahnaerzte-am-nollendorfplatz.de\/practice\/wp-content\/uploads\/Logo-solo.png\",\"width\":630,\"height\":230,\"caption\":\"Zahn\u00e4rzte am Nollendorfplatz\"},\"image\":{\"@id\":\"https:\/\/www.zahnaerzte-am-nollendorfplatz.de\/practice\/#\/schema\/logo\/image\/\"}}]}<\/script>\n<!-- \/ Yoast SEO plugin. -->","yoast_head_json":{"title":"Leistungen - Zahn\u00e4rzte am Nollendorfplatz","robots":{"index":"index","follow":"follow","max-snippet":"max-snippet:-1","max-image-preview":"max-image-preview:large","max-video-preview":"max-video-preview:-1"},"canonical":"https:\/\/www.zahnaerzte-am-nollendorfplatz.de\/practice\/services\/","og_locale":"de_DE","og_type":"article","og_title":"Leistungen - Zahn\u00e4rzte am Nollendorfplatz","og_description":"Das \u00abBLL-Konzept\u00bb folgt ganz konsequent den W\u00fcnschen unserer Patienten nach spezialisierten Leistungen. Das bedeutet, dass Sie immer Ihren ganz pers\u00f6nlichen Vertrauensarzt haben, dieser aber nach medizinischer Notwendigkeit und Ihren ganz pers\u00f6nlichen W\u00fcnschen an den jeweiligen, spezialisierten, Kollegen innerhalb der Praxis \u00fcberweist. Anschlie\u00dfend kehren Sie selbstverst\u00e4ndlich immer wieder zu Ihrem Vertrauensarzt zur\u00fcck. Uns hilft das \u00abBLL-Konzept\u00bb [&hellip;]","og_url":"https:\/\/www.zahnaerzte-am-nollendorfplatz.de\/practice\/services\/","og_site_name":"Zahn\u00e4rzte am Nollendorfplatz","article_modified_time":"2018-02-18T19:21:04+00:00","twitter_card":"summary_large_image","twitter_misc":{"Gesch\u00e4tzte Lesezeit":"2\u00a0Minuten"},"schema":{"@context":"https:\/\/schema.org","@graph":[{"@type":"WebPage","@id":"https:\/\/www.zahnaerzte-am-nollendorfplatz.de\/practice\/services\/","url":"https:\/\/www.zahnaerzte-am-nollendorfplatz.de\/practice\/services\/","name":"Leistungen - Zahn\u00e4rzte am Nollendorfplatz","isPartOf":{"@id":"https:\/\/www.zahnaerzte-am-nollendorfplatz.de\/practice\/#website"},"datePublished":"2010-01-07T19:48:16+00:00","dateModified":"2018-02-18T19:21:04+00:00","breadcrumb":{"@id":"https:\/\/www.zahnaerzte-am-nollendorfplatz.de\/practice\/services\/#breadcrumb"},"inLanguage":"de","potentialAction":[{"@type":"ReadAction","target":["https:\/\/www.zahnaerzte-am-nollendorfplatz.de\/practice\/services\/"]}]},{"@type":"BreadcrumbList","@id":"https:\/\/www.zahnaerzte-am-nollendorfplatz.de\/practice\/services\/#breadcrumb","itemListElement":[{"@type":"ListItem","position":1,"name":"Startseite","item":"https:\/\/www.zahnaerzte-am-nollendorfplatz.de\/practice\/"},{"@type":"ListItem","position":2,"name":"Leistungen"}]},{"@type":"WebSite","@id":"https:\/\/www.zahnaerzte-am-nollendorfplatz.de\/practice\/#website","url":"https:\/\/www.zahnaerzte-am-nollendorfplatz.de\/practice\/","name":"Zahn\u00e4rzte am Nollendorfplatz","description":"Berlin-Sch\u00f6neberg","publisher":{"@id":"https:\/\/www.zahnaerzte-am-nollendorfplatz.de\/practice\/#organization"},"potentialAction":[{"@type":"SearchAction","target":{"@type":"EntryPoint","urlTemplate":"https:\/\/www.zahnaerzte-am-nollendorfplatz.de\/practice\/?s={search_term_string}"},"query-input":"required name=search_term_string"}],"inLanguage":"de"},{"@type":"Organization","@id":"https:\/\/www.zahnaerzte-am-nollendorfplatz.de\/practice\/#organization","name":"Zahn\u00e4rzte am Nollendorfplatz","url":"https:\/\/www.zahnaerzte-am-nollendorfplatz.de\/practice\/","logo":{"@type":"ImageObject","inLanguage":"de","@id":"https:\/\/www.zahnaerzte-am-nollendorfplatz.de\/practice\/#\/schema\/logo\/image\/","url":"https:\/\/www.zahnaerzte-am-nollendorfplatz.de\/practice\/wp-content\/uploads\/Logo-solo.png","contentUrl":"https:\/\/www.zahnaerzte-am-nollendorfplatz.de\/practice\/wp-content\/uploads\/Logo-solo.png","width":630,"height":230,"caption":"Zahn\u00e4rzte am Nollendorfplatz"},"image":{"@id":"https:\/\/www.zahnaerzte-am-nollendorfplatz.de\/practice\/#\/schema\/logo\/image\/"}}]}},"_links":{"self":[{"href":"https:\/\/www.zahnaerzte-am-nollendorfplatz.de\/practice\/wp-json\/wp\/v2\/pages\/21"}],"collection":[{"href":"https:\/\/www.zahnaerzte-am-nollendorfplatz.de\/practice\/wp-json\/wp\/v2\/pages"}],"about":[{"href":"https:\/\/www.zahnaerzte-am-nollendorfplatz.de\/practice\/wp-json\/wp\/v2\/types\/page"}],"author":[{"embeddable":true,"href":"https:\/\/www.zahnaerzte-am-nollendorfplatz.de\/practice\/wp-json\/wp\/v2\/users\/1"}],"replies":[{"embeddable":true,"href":"https:\/\/www.zahnaerzte-am-nollendorfplatz.de\/practice\/wp-json\/wp\/v2\/comments?post=21"}],"version-history":[{"count":12,"href":"https:\/\/www.zahnaerzte-am-nollendorfplatz.de\/practice\/wp-json\/wp\/v2\/pages\/21\/revisions"}],"predecessor-version":[{"id":1447,"href":"https:\/\/www.zahnaerzte-am-nollendorfplatz.de\/practice\/wp-json\/wp\/v2\/pages\/21\/revisions\/1447"}],"wp:attachment":[{"href":"https:\/\/www.zahnaerzte-am-nollendorfplatz.de\/practice\/wp-json\/wp\/v2\/media?parent=21"}],"curies":[{"name":"wp","href":"https:\/\/api.w.org\/{rel}","templated":true}]}}