{"id":30,"date":"2010-01-07T21:49:04","date_gmt":"2010-01-07T19:49:04","guid":{"rendered":"http:\/\/www.maryon.ch\/home\/?page_id=30"},"modified":"2017-02-24T07:44:54","modified_gmt":"2017-02-24T05:44:54","slug":"dentists","status":"publish","type":"page","link":"https:\/\/www.zahnaerzte-am-nollendorfplatz.de\/practice\/team\/dentists\/","title":{"rendered":"Zahn\u00e4rzte"},"content":{"rendered":"<p><\/p>\n<div class=\"box-style-vcard\">\n<div class=\"description dentist\">\n<div class=\"img Boehme\"><\/div>\n<div class=\"text\">\n<h1>Dr. Werner B\u00f6hme<\/h1>\n<p>Approbierter Zahnarzt seit 1975.<\/p>\n<p>Spezialist f\u00fcr \u00e4sthetische Zahnheilkunde, Zahnersatz und Implantologie.<\/p>\n<\/p><\/div>\n<\/div>\n<div class=\"person-data-tb box-style-tb\">\n<div class=\"floatl floatl-tb\">\n<div class=\"curriculum\">\n<h2 class=\"trigger team\">Beruflicher Werdegang<\/h2>\n<div class=\"toggle_container\">\n<dl class=\"curriculum\">\n<dt>1970\u201375:<\/dt>\n<dd>Studium der Zahnmedizin an der Friedrich-Alexander-Universit\u00e4t in Erlangen<\/dd>\n<dt>1975:<\/dt>\n<dd>Staatsexamen, Approbation und Promotion<\/dd>\n<dt>1976\u201377:<\/dt>\n<dd>Stabsarzt bei der Bundeswehr<\/dd>\n<dt>1977:<\/dt>\n<dd>Freier Assistent in der Berliner Kassenpraxis Dr. Fotiadis<\/dd>\n<dt>1977\u201381:<\/dt>\n<dd>Gemeinschaftspraxis mit Dr. Mandelkow in Erlangen<\/dd>\n<dt>1981\u20132007:<\/dt>\n<dd>Eigene Praxis Dr. Werner B\u00f6hme in Berlin-Charlottenburg<\/dd>\n<dt>Seit 2007:<\/dt>\n<dd>Gemeinschaftspraxis mit Dr. Markus Lipp und Peter Lutz in Berlin-Sch\u00f6neberg<\/dd>\n<\/dl><\/div>\n<\/div>\n<\/div>\n<div class=\"floatr floatl-tb nod-iph\">\n<div class=\"membership nod-tb\">\n<h2 class=\"dentist\">Mitgliedschaften<\/h2>\n<ul class=\"j-url\">\n<li><a href=\"http:\/\/www.dgzmk.de\/\" target=\"_blank\">Deutsche Gesellschaft f\u00fcr Zahn-, Mund- und Kiefer-Heilkunde DGZMG<\/a><\/li>\n<li><a href=\"http:\/\/www.dgz-online.de\/\" target=\"_blank\">Deutsche Gesellschaft f\u00fcr Zahnerhaltung DGZ<\/a><\/li>\n<li><a target=\"_blank\">Deutsche Gesellschaft f\u00fcr Aurikulo-Akupunktur<\/a><\/li>\n<li><a href=\"http:\/\/www.dgaz-online.de\/\" target=\"_blank\">Deutsche Gesellschaft f\u00fcr Alterszahnheilkunde<\/a><\/li>\n<li><a href=\"http:\/\/www.dgaez.de\/\" target=\"_blank\">Deutsche Gesellschaft f\u00fcr \u00e4sthetische Zahnheilkunde DG\u00c4Z<\/a><\/li>\n<li><a href=\"http:\/\/www.bgparo.de\/\" target=\"_blank\">Berliner Gesellschaft f\u00fcr Parodontologie BGP<\/a><\/li>\n<\/ul>\n<\/div>\n<div class=\"languages\">\n<h2 class=\"dentist\">Sprachkenntnisse<\/h2>\n<dl class=\"languages\">\n<dt>Deutsch:<\/dt>\n<dd>muttersprachlich<\/dd>\n<dt>English:<\/dt>\n<dd>fluent<\/dd>\n<dt>Fran\u00e7ais:<\/dt>\n<dd>connaissance fondamentale<\/dd>\n<\/dl>\n<\/div>\n<\/div>\n<div class=\"clear clear-tb\"><\/div>\n<\/div>\n<\/div>\n<div class=\"box-style-vcard\">\n<div class=\"description dentist\">\n<div class=\"img Lipp\"><\/div>\n<div class=\"text\">\n<h1 class=\"dentist\">Dr. Markus Lipp<\/h1>\n<p>Approbierter Zahnarzt seit 1987.<\/p>\n<p>Spezialist f\u00fcr Endodontie, Zahnersatz und Implantologie.<\/p>\n<\/p><\/div>\n<\/div>\n<div class=\"person-data-tb box-style-tb\">\n<div class=\"floatl floatl-tb\">\n<div class=\"curriculum\">\n<h2 class=\"trigger team\">Beruflicher Werdegang<\/h2>\n<div class=\"toggle_container\">\n<dl class=\"curriculum\">\n<dt>1982\u201387: <\/dt>\n<dd>Studium der Zahnheilkunde an der Julius-Maximilians-Universit\u00e4t in W\u00fcrzburg<\/dd>\n<dt>1987\u201388: <\/dt>\n<dd>Staatsexamen, Approbation und Promotion<\/dd>\n<dt>1988\u201389: <\/dt>\n<dd>Assistenzzahnarzt in der Praxis Dr. J. Marbaise in Kempten<\/dd>\n<dt>1988\u201390: <\/dt>\n<dd>Zahnarzt in der Praxis Dr. Ulrich Kanne, Detmold<\/dd>\n<dt>1990\u201392:<\/dt>\n<dd>Zahnarzt in der Praxis Dr. Werner B\u00f6hme in Berlin-Charlottenburg<\/dd>\n<dt>1992\u20132005:<\/dt>\n<dd>Gemeinschaftspraxis mit ZA Lanzendorf und ZA Steinecke<\/dd>\n<dt>Seit 2006:<\/dt>\n<dd>Gemeinschaftspraxis mit Dr. Werner B\u00f6hme und Peter Lutz in Berlin-Sch\u00f6neberg<\/dd>\n<dt>Seit 2014:<\/dt>\n<dd>Betriebswirt der Zahnmedizin<\/dd>\n<\/dl><\/div>\n<\/div>\n<\/div>\n<div class=\"floatr floatl-tb nod-iph\">\n<div class=\"membership nod-tb\">\n<h2 class=\"dentist\">Mitgliedschaften<\/h2>\n<ul class=\"j-url\">\n<li><a href=\"http:\/\/www.dg-endo.de\/\" target=\"_blank\">Deutsche Gesellschaft f\u00fcr Endodontie DGEndo<\/a><\/li>\n<li><a href=\"http:\/\/www.zahn.org\/\" target=\"_blank\">Kemptener Arbeitskreis<\/a><\/li>\n<\/ul>\n<\/div>\n<div class=\"languages\">\n<h2 class=\"dentist\">Sprachkenntnisse<\/h2>\n<dl class=\"languages\">\n<dt>Deutsch: <\/dt>\n<dd>muttersprachlich<\/dd>\n<dt>English: <\/dt>\n<dd>fluent<\/dd>\n<\/dl>\n<\/div>\n<\/div>\n<div class=\"clear clear-tb\"><\/div>\n<\/div>\n<\/div>\n<div class=\"box-style-vcard\">\n<div class=\"description dentist\">\n<div class=\"img Lutz\"><\/div>\n<div class=\"text\">\n<h1 class=\"dentist\">ZA Peter Lutz<\/h1>\n<p>Approbation 2002.<\/p>\n<p>Spezialist f\u00fcr Parodontologie und allgemeine Zahnheilkunde.<\/p>\n<\/p><\/div>\n<\/div>\n<div class=\"person-data-tb box-style-tb\">\n<div class=\"floatl floatl-tb\">\n<div class=\"curriculum\">\n<h2 class=\"trigger team\">Beruflicher Werdegang<\/h2>\n<div class=\"toggle_container\">\n<dl class=\"curriculum\">\n<dt>1987\u201390: <\/dt>\n<dd>Ausbildung zum Krankenpfleger im Marienhospital in Stuttgart<\/dd>\n<dt>1990\u201391: <\/dt>\n<dd>Zivildienst im B\u00fcrgerhospital in Stuttgart<\/dd>\n<dt>1991\u201393:<\/dt>\n<dd>Krankenpfleger im August-Viktoria-Krankenhaus, Arbeiterwohlfahrt und Hilfe-Information-Vermittlung e.V. in Berlin<\/dd>\n<dt>1997\u20132002: <\/dt>\n<dd>Studium der Zahnmedizin an der Humboldt-Universit\u00e4t in Berlin<\/dd>\n<dt>2002:<\/dt>\n<dd>Approbation als Zahnarzt<\/dd>\n<dt>2003\u201304: <\/dt>\n<dd>Assistenzzahnarzt in der Zahnklinik Ulsteinvik in Norwegen<\/dd>\n<dt>2004\u201306: <\/dt>\n<dd>Zahnarzt in der Praxis Dr. Werner B\u00f6hme in Berlin-Charlottenburg<\/dd>\n<dt>Seit 2006:<\/dt>\n<dd>Gemeinschaftspraxis mit Dr. Werner B\u00f6hme und Dr. Markus Lipp in Berlin-Sch\u00f6neberg<\/dd>\n<\/dl><\/div>\n<\/div>\n<\/div>\n<div class=\"floatr floatl-tb nod-iph\">\n<div class=\"membership nod-tb\">\n<h2 class=\"dentist\">Mitgliedschaften<\/h2>\n<ul class=\"j-url\">\n<li><a href=\"http:\/\/www.dgparo.de\/\" target=\"_blank\">Deutsche Gesellschaft f\u00fcr Parodontologie DGP<\/a><\/li>\n<li><a href=\"http:\/\/www.bgparo.de\/\" target=\"_blank\">Berliner Gesellschaft f\u00fcr Parodontologie BGP<\/a><\/li>\n<\/ul><\/div>\n<div class=\"languages\">\n<h2 class=\"dentist\">Sprachkenntnisse<\/h2>\n<dl class=\"languages\">\n<dt>Deutsch: <\/dt>\n<dd>muttersprachlich<\/dd>\n<dt>English: <\/dt>\n<dd>fluent<\/dd>\n<dt>Norsk: <\/dt>\n<dd>forst\u00e5elig<\/dd>\n<\/dl><\/div>\n<\/div>\n<div class=\"clear clear-tb\"><\/div>\n<\/div>\n<\/div>\n<div class=\"box-style-vcard\">\n<div class=\"description dentist\">\n<div class=\"img Schroeder\"><\/div>\n<div class=\"text\">\n<h1 class=\"dentist\">ZA Matthias Schr\u00f6der<\/h1>\n<p>Allgemeine Zahnmedizin, Endodontie<\/p>\n<\/p><\/div>\n<\/div>\n<div class=\"person-data-tb box-style-tb\">\n<div class=\"floatl floatl-tb\">\n<div class=\"curriculum\">\n<h2 class=\"trigger team\">Beruflicher Werdegang<\/h2>\n<div class=\"toggle_container\">\n<dl class=\"curriculum\">\n<dt>2004\u201310: <\/dt>\n<dd>Studium der Zahnmedizin in Leipzig<\/dd>\n<dt>2010: <\/dt>\n<dd>Staatsexamen und Approbation<\/dd>\n<\/dl><\/div>\n<\/div>\n<\/div>\n<div class=\"floatr floatl-tb nod-iph\">\n<div class=\"languages\">\n<h2 class=\"dentist\">Sprachkenntnisse<\/h2>\n<dl class=\"languages\">\n<dt>Deutsch: <\/dt>\n<dd>muttersprachlich<\/dd>\n<dt>English: <\/dt>\n<dd>fluent<\/dd>\n<\/dl>\n<\/div>\n<\/div>\n<div class=\"clear clear-tb\"><\/div>\n<\/div>\n<\/div>\n<p><\/p>","protected":false},"excerpt":{"rendered":"<p>Dr. Werner B\u00f6hme Approbierter Zahnarzt seit 1975. Spezialist f\u00fcr \u00e4sthetische Zahnheilkunde, Zahnersatz und Implantologie. Beruflicher Werdegang 1970\u201375: Studium der Zahnmedizin an der Friedrich-Alexander-Universit\u00e4t in Erlangen 1975: Staatsexamen, Approbation und Promotion 1976\u201377: Stabsarzt bei der Bundeswehr 1977: Freier Assistent in der Berliner Kassenpraxis Dr. Fotiadis 1977\u201381: Gemeinschaftspraxis mit Dr. Mandelkow in Erlangen 1981\u20132007: Eigene Praxis Dr. [&hellip;]<\/p>\n","protected":false},"author":1,"featured_media":0,"parent":22,"menu_order":1,"comment_status":"closed","ping_status":"closed","template":"team.php","meta":[],"yoast_head":"<!-- This site is optimized with the Yoast SEO plugin v19.14 - https:\/\/yoast.com\/wordpress\/plugins\/seo\/ -->\n<title>Zahn\u00e4rzte - Zahn\u00e4rzte am Nollendorfplatz<\/title>\n<meta name=\"robots\" content=\"index, follow, max-snippet:-1, max-image-preview:large, max-video-preview:-1\" \/>\n<link rel=\"canonical\" href=\"https:\/\/www.zahnaerzte-am-nollendorfplatz.de\/practice\/team\/dentists\/\" \/>\n<meta property=\"og:locale\" content=\"de_DE\" \/>\n<meta property=\"og:type\" content=\"article\" \/>\n<meta property=\"og:title\" content=\"Zahn\u00e4rzte - Zahn\u00e4rzte am Nollendorfplatz\" \/>\n<meta property=\"og:description\" content=\"Dr. Werner B\u00f6hme Approbierter Zahnarzt seit 1975. Spezialist f\u00fcr \u00e4sthetische Zahnheilkunde, Zahnersatz und Implantologie. Beruflicher Werdegang 1970\u201375: Studium der Zahnmedizin an der Friedrich-Alexander-Universit\u00e4t in Erlangen 1975: Staatsexamen, Approbation und Promotion 1976\u201377: Stabsarzt bei der Bundeswehr 1977: Freier Assistent in der Berliner Kassenpraxis Dr. Fotiadis 1977\u201381: Gemeinschaftspraxis mit Dr. Mandelkow in Erlangen 1981\u20132007: Eigene Praxis Dr. [&hellip;]\" \/>\n<meta property=\"og:url\" content=\"https:\/\/www.zahnaerzte-am-nollendorfplatz.de\/practice\/team\/dentists\/\" \/>\n<meta property=\"og:site_name\" content=\"Zahn\u00e4rzte am Nollendorfplatz\" \/>\n<meta property=\"article:modified_time\" content=\"2017-02-24T05:44:54+00:00\" \/>\n<meta name=\"twitter:card\" content=\"summary_large_image\" \/>\n<meta name=\"twitter:label1\" content=\"Gesch\u00e4tzte Lesezeit\" \/>\n\t<meta name=\"twitter:data1\" content=\"3\u00a0Minuten\" \/>\n<script type=\"application\/ld+json\" class=\"yoast-schema-graph\">{\"@context\":\"https:\/\/schema.org\",\"@graph\":[{\"@type\":\"WebPage\",\"@id\":\"https:\/\/www.zahnaerzte-am-nollendorfplatz.de\/practice\/team\/dentists\/\",\"url\":\"https:\/\/www.zahnaerzte-am-nollendorfplatz.de\/practice\/team\/dentists\/\",\"name\":\"Zahn\u00e4rzte - Zahn\u00e4rzte am Nollendorfplatz\",\"isPartOf\":{\"@id\":\"https:\/\/www.zahnaerzte-am-nollendorfplatz.de\/practice\/#website\"},\"datePublished\":\"2010-01-07T19:49:04+00:00\",\"dateModified\":\"2017-02-24T05:44:54+00:00\",\"breadcrumb\":{\"@id\":\"https:\/\/www.zahnaerzte-am-nollendorfplatz.de\/practice\/team\/dentists\/#breadcrumb\"},\"inLanguage\":\"de\",\"potentialAction\":[{\"@type\":\"ReadAction\",\"target\":[\"https:\/\/www.zahnaerzte-am-nollendorfplatz.de\/practice\/team\/dentists\/\"]}]},{\"@type\":\"BreadcrumbList\",\"@id\":\"https:\/\/www.zahnaerzte-am-nollendorfplatz.de\/practice\/team\/dentists\/#breadcrumb\",\"itemListElement\":[{\"@type\":\"ListItem\",\"position\":1,\"name\":\"Startseite\",\"item\":\"https:\/\/www.zahnaerzte-am-nollendorfplatz.de\/practice\/\"},{\"@type\":\"ListItem\",\"position\":2,\"name\":\"Ihr Team\",\"item\":\"https:\/\/www.zahnaerzte-am-nollendorfplatz.de\/practice\/team\/\"},{\"@type\":\"ListItem\",\"position\":3,\"name\":\"Zahn\u00e4rzte\"}]},{\"@type\":\"WebSite\",\"@id\":\"https:\/\/www.zahnaerzte-am-nollendorfplatz.de\/practice\/#website\",\"url\":\"https:\/\/www.zahnaerzte-am-nollendorfplatz.de\/practice\/\",\"name\":\"Zahn\u00e4rzte am Nollendorfplatz\",\"description\":\"Berlin-Sch\u00f6neberg\",\"publisher\":{\"@id\":\"https:\/\/www.zahnaerzte-am-nollendorfplatz.de\/practice\/#organization\"},\"potentialAction\":[{\"@type\":\"SearchAction\",\"target\":{\"@type\":\"EntryPoint\",\"urlTemplate\":\"https:\/\/www.zahnaerzte-am-nollendorfplatz.de\/practice\/?s={search_term_string}\"},\"query-input\":\"required name=search_term_string\"}],\"inLanguage\":\"de\"},{\"@type\":\"Organization\",\"@id\":\"https:\/\/www.zahnaerzte-am-nollendorfplatz.de\/practice\/#organization\",\"name\":\"Zahn\u00e4rzte am Nollendorfplatz\",\"url\":\"https:\/\/www.zahnaerzte-am-nollendorfplatz.de\/practice\/\",\"logo\":{\"@type\":\"ImageObject\",\"inLanguage\":\"de\",\"@id\":\"https:\/\/www.zahnaerzte-am-nollendorfplatz.de\/practice\/#\/schema\/logo\/image\/\",\"url\":\"https:\/\/www.zahnaerzte-am-nollendorfplatz.de\/practice\/wp-content\/uploads\/Logo-solo.png\",\"contentUrl\":\"https:\/\/www.zahnaerzte-am-nollendorfplatz.de\/practice\/wp-content\/uploads\/Logo-solo.png\",\"width\":630,\"height\":230,\"caption\":\"Zahn\u00e4rzte am Nollendorfplatz\"},\"image\":{\"@id\":\"https:\/\/www.zahnaerzte-am-nollendorfplatz.de\/practice\/#\/schema\/logo\/image\/\"}}]}<\/script>\n<!-- \/ Yoast SEO plugin. -->","yoast_head_json":{"title":"Zahn\u00e4rzte - Zahn\u00e4rzte am Nollendorfplatz","robots":{"index":"index","follow":"follow","max-snippet":"max-snippet:-1","max-image-preview":"max-image-preview:large","max-video-preview":"max-video-preview:-1"},"canonical":"https:\/\/www.zahnaerzte-am-nollendorfplatz.de\/practice\/team\/dentists\/","og_locale":"de_DE","og_type":"article","og_title":"Zahn\u00e4rzte - Zahn\u00e4rzte am Nollendorfplatz","og_description":"Dr. Werner B\u00f6hme Approbierter Zahnarzt seit 1975. Spezialist f\u00fcr \u00e4sthetische Zahnheilkunde, Zahnersatz und Implantologie. Beruflicher Werdegang 1970\u201375: Studium der Zahnmedizin an der Friedrich-Alexander-Universit\u00e4t in Erlangen 1975: Staatsexamen, Approbation und Promotion 1976\u201377: Stabsarzt bei der Bundeswehr 1977: Freier Assistent in der Berliner Kassenpraxis Dr. Fotiadis 1977\u201381: Gemeinschaftspraxis mit Dr. Mandelkow in Erlangen 1981\u20132007: Eigene Praxis Dr. [&hellip;]","og_url":"https:\/\/www.zahnaerzte-am-nollendorfplatz.de\/practice\/team\/dentists\/","og_site_name":"Zahn\u00e4rzte am Nollendorfplatz","article_modified_time":"2017-02-24T05:44:54+00:00","twitter_card":"summary_large_image","twitter_misc":{"Gesch\u00e4tzte Lesezeit":"3\u00a0Minuten"},"schema":{"@context":"https:\/\/schema.org","@graph":[{"@type":"WebPage","@id":"https:\/\/www.zahnaerzte-am-nollendorfplatz.de\/practice\/team\/dentists\/","url":"https:\/\/www.zahnaerzte-am-nollendorfplatz.de\/practice\/team\/dentists\/","name":"Zahn\u00e4rzte - Zahn\u00e4rzte am Nollendorfplatz","isPartOf":{"@id":"https:\/\/www.zahnaerzte-am-nollendorfplatz.de\/practice\/#website"},"datePublished":"2010-01-07T19:49:04+00:00","dateModified":"2017-02-24T05:44:54+00:00","breadcrumb":{"@id":"https:\/\/www.zahnaerzte-am-nollendorfplatz.de\/practice\/team\/dentists\/#breadcrumb"},"inLanguage":"de","potentialAction":[{"@type":"ReadAction","target":["https:\/\/www.zahnaerzte-am-nollendorfplatz.de\/practice\/team\/dentists\/"]}]},{"@type":"BreadcrumbList","@id":"https:\/\/www.zahnaerzte-am-nollendorfplatz.de\/practice\/team\/dentists\/#breadcrumb","itemListElement":[{"@type":"ListItem","position":1,"name":"Startseite","item":"https:\/\/www.zahnaerzte-am-nollendorfplatz.de\/practice\/"},{"@type":"ListItem","position":2,"name":"Ihr Team","item":"https:\/\/www.zahnaerzte-am-nollendorfplatz.de\/practice\/team\/"},{"@type":"ListItem","position":3,"name":"Zahn\u00e4rzte"}]},{"@type":"WebSite","@id":"https:\/\/www.zahnaerzte-am-nollendorfplatz.de\/practice\/#website","url":"https:\/\/www.zahnaerzte-am-nollendorfplatz.de\/practice\/","name":"Zahn\u00e4rzte am Nollendorfplatz","description":"Berlin-Sch\u00f6neberg","publisher":{"@id":"https:\/\/www.zahnaerzte-am-nollendorfplatz.de\/practice\/#organization"},"potentialAction":[{"@type":"SearchAction","target":{"@type":"EntryPoint","urlTemplate":"https:\/\/www.zahnaerzte-am-nollendorfplatz.de\/practice\/?s={search_term_string}"},"query-input":"required name=search_term_string"}],"inLanguage":"de"},{"@type":"Organization","@id":"https:\/\/www.zahnaerzte-am-nollendorfplatz.de\/practice\/#organization","name":"Zahn\u00e4rzte am Nollendorfplatz","url":"https:\/\/www.zahnaerzte-am-nollendorfplatz.de\/practice\/","logo":{"@type":"ImageObject","inLanguage":"de","@id":"https:\/\/www.zahnaerzte-am-nollendorfplatz.de\/practice\/#\/schema\/logo\/image\/","url":"https:\/\/www.zahnaerzte-am-nollendorfplatz.de\/practice\/wp-content\/uploads\/Logo-solo.png","contentUrl":"https:\/\/www.zahnaerzte-am-nollendorfplatz.de\/practice\/wp-content\/uploads\/Logo-solo.png","width":630,"height":230,"caption":"Zahn\u00e4rzte am Nollendorfplatz"},"image":{"@id":"https:\/\/www.zahnaerzte-am-nollendorfplatz.de\/practice\/#\/schema\/logo\/image\/"}}]}},"_links":{"self":[{"href":"https:\/\/www.zahnaerzte-am-nollendorfplatz.de\/practice\/wp-json\/wp\/v2\/pages\/30"}],"collection":[{"href":"https:\/\/www.zahnaerzte-am-nollendorfplatz.de\/practice\/wp-json\/wp\/v2\/pages"}],"about":[{"href":"https:\/\/www.zahnaerzte-am-nollendorfplatz.de\/practice\/wp-json\/wp\/v2\/types\/page"}],"author":[{"embeddable":true,"href":"https:\/\/www.zahnaerzte-am-nollendorfplatz.de\/practice\/wp-json\/wp\/v2\/users\/1"}],"replies":[{"embeddable":true,"href":"https:\/\/www.zahnaerzte-am-nollendorfplatz.de\/practice\/wp-json\/wp\/v2\/comments?post=30"}],"version-history":[{"count":78,"href":"https:\/\/www.zahnaerzte-am-nollendorfplatz.de\/practice\/wp-json\/wp\/v2\/pages\/30\/revisions"}],"predecessor-version":[{"id":1275,"href":"https:\/\/www.zahnaerzte-am-nollendorfplatz.de\/practice\/wp-json\/wp\/v2\/pages\/30\/revisions\/1275"}],"up":[{"embeddable":true,"href":"https:\/\/www.zahnaerzte-am-nollendorfplatz.de\/practice\/wp-json\/wp\/v2\/pages\/22"}],"wp:attachment":[{"href":"https:\/\/www.zahnaerzte-am-nollendorfplatz.de\/practice\/wp-json\/wp\/v2\/media?parent=30"}],"curies":[{"name":"wp","href":"https:\/\/api.w.org\/{rel}","templated":true}]}}