{"id":5585,"date":"2024-03-05T13:07:35","date_gmt":"2024-03-05T12:07:35","guid":{"rendered":"https:\/\/www.zahnaerzte-am-nollendorfplatz.de\/practice\/?page_id=5585"},"modified":"2026-01-29T16:20:14","modified_gmt":"2026-01-29T15:20:14","slug":"zfa-behandlungsassistenz-m-w-d","status":"publish","type":"page","link":"https:\/\/www.zahnaerzte-am-nollendorfplatz.de\/practice\/job\/zfa-behandlungsassistenz-m-w-d\/","title":{"rendered":"ZFA Behandlungsassistenz (m\/w\/d)"},"content":{"rendered":"<div class=\"entry duo\">Wir suchen ab sofort Verst\u00e4rkung in unserem Assistenzteam<\/div>\n<ul>\n<li>flexible Arbeitszeitmodelle m\u00f6glich<\/li>\n<li>in Voll- oder Teilzeit<\/li>\n<\/ul>\n<h2 style=\"text-transform: none; padding-top: 1rem!important;\">Wir bieten:<\/h2>\n<ul>\n<li>eine zentral gelegene Praxis \u00fcber den D\u00e4chern der Stadt mit direkter Anbindung an S-\/U-Bahn\/Busse<\/li>\n<li><span class=\"im\">ein best\u00e4ndiges, kollegiales Team mit mehreren Behandlern<\/span><\/li>\n<li>selbst\u00e4ndiges Arbeiten<\/li>\n<li><span class=\"im\">Praxissoftware Z1 Pro<\/span><\/li>\n<li><span class=\"im\">Terminkalender via Doctolib<\/span><\/li>\n<li><span class=\"im\">Finanzierung von Fortbildungen<\/span><\/li>\n<li><span class=\"im\">Jobrad m\u00f6glich<\/span><\/li>\n<li><span class=\"im\">VWL\/ betriebliche Altersvorsorge<\/span><\/li>\n<li><span class=\"im\">\u00dcbernahme des BVG-Tickets<\/span><\/li>\n<li><span class=\"im\">kostenfreier Parkplatz im Parkhaus<\/span><\/li>\n<\/ul>\n<h2 style=\"text-transform: none; padding-top: 1rem!important;\">Bewerbungsformular<\/h2>\n<div class=\"wpforms-container wpforms-container-full\" id=\"wpforms-2385\"><form id=\"wpforms-form-2385\" class=\"wpforms-validate wpforms-form\" data-formid=\"2385\" method=\"post\" enctype=\"multipart\/form-data\" action=\"\/practice\/wp-json\/wp\/v2\/pages\/5585?wpforms_form_id=2385\"><noscript class=\"wpforms-error-noscript\">Bitte aktiviere JavaScript in deinem Browser, um dieses Formular fertigzustellen.<\/noscript><div class=\"wpforms-field-container\"><div id=\"wpforms-2385-field_1-container\" class=\"wpforms-field wpforms-field-name\" data-field-id=\"1\"><label class=\"wpforms-field-label\" for=\"wpforms-2385-field_1\">Name <span class=\"wpforms-required-label\">*<\/span><\/label><div class=\"wpforms-field-row wpforms-field-medium\"><div class=\"wpforms-field-row-block wpforms-first wpforms-one-half\"><input type=\"text\" id=\"wpforms-2385-field_1\" class=\"wpforms-field-name-first wpforms-field-required\" name=\"wpforms[fields][1][first]\" required><label for=\"wpforms-2385-field_1\" class=\"wpforms-field-sublabel after \">Vorname<\/label><\/div><div class=\"wpforms-field-row-block wpforms-one-half\"><input type=\"text\" id=\"wpforms-2385-field_1-last\" class=\"wpforms-field-name-last wpforms-field-required\" name=\"wpforms[fields][1][last]\" required><label for=\"wpforms-2385-field_1-last\" class=\"wpforms-field-sublabel after \">Nachname<\/label><\/div><\/div><\/div><div id=\"wpforms-2385-field_2-container\" class=\"wpforms-field wpforms-field-email\" data-field-id=\"2\"><label class=\"wpforms-field-label\" for=\"wpforms-2385-field_2\">E-Mail <span class=\"wpforms-required-label\">*<\/span><\/label><input type=\"email\" id=\"wpforms-2385-field_2\" class=\"wpforms-field-medium wpforms-field-required\" name=\"wpforms[fields][2]\" required><\/div><div id=\"wpforms-2385-field_3-container\" class=\"wpforms-field wpforms-field-phone\" data-field-id=\"3\"><label class=\"wpforms-field-label\" for=\"wpforms-2385-field_3\">Telefon <span class=\"wpforms-required-label\">*<\/span><\/label><input type=\"tel\" id=\"wpforms-2385-field_3\" class=\"wpforms-field-medium wpforms-field-required wpforms-smart-phone-field\" data-rule-smart-phone-field=\"true\" name=\"wpforms[fields][3]\" required><\/div><div id=\"wpforms-2385-field_6-container\" class=\"wpforms-field wpforms-field-textarea\" data-field-id=\"6\"><label class=\"wpforms-field-label\" for=\"wpforms-2385-field_6\">Nachricht<\/label><textarea id=\"wpforms-2385-field_6\" class=\"wpforms-field-medium\" name=\"wpforms[fields][6]\" ><\/textarea><\/div><div id=\"wpforms-2385-field_4-container\" class=\"wpforms-field wpforms-field-file-upload\" data-field-id=\"4\"><label class=\"wpforms-field-label\" for=\"wpforms-2385-field_4\">Bewerbungsunterlagen hochladen (max. 3MB)<\/label><div class=\"wpforms-uploader\"\n\tdata-field-id=\"4\"\n\tdata-form-id=\"2385\"\n\tdata-input-name=\"wpforms_2385_4\"\n\tdata-extensions=\"jpg,jpeg,jpe,gif,png,bmp,tiff,tif,webp,ico,heic,asf,asx,wmv,wmx,wm,avi,divx,mov,qt,mpeg,mpg,mpe,mp4,m4v,ogv,webm,mkv,3gp,3gpp,3g2,3gp2,txt,asc,c,cc,h,srt,csv,tsv,ics,rtx,css,vtt,mp3,m4a,m4b,aac,ra,ram,wav,ogg,oga,flac,mid,midi,wma,wax,mka,rtf,pdf,class,tar,zip,gz,gzip,rar,7z,psd,xcf,doc,pot,pps,ppt,wri,xla,xls,xlt,xlw,mpp,docx,docm,dotx,dotm,xlsx,xlsm,xlsb,xltx,xltm,xlam,pptx,pptm,ppsx,ppsm,potx,potm,ppam,sldx,sldm,onetoc,onetoc2,onepkg,oxps,xps,odt,odp,ods,odg,odc,odb,odf,wp,wpd,key,numbers,pages\"\n\tdata-max-size=\"3145728\"\n\tdata-max-file-number=\"1\"\n\tdata-post-max-size=\"16777216\">\n\t<div class=\"dz-message\">\n\t\t<svg viewBox=\"0 0 1024 1024\" focusable=\"false\" class=\"\" data-icon=\"inbox\" width=\"50px\" height=\"50px\" fill=\"#B1B1B1\" aria-hidden=\"true\"><path d=\"M885.2 446.3l-.2-.8-112.2-285.1c-5-16.1-19.9-27.2-36.8-27.2H281.2c-17 0-32.1 11.3-36.9 27.6L139.4 443l-.3.7-.2.8c-1.3 4.9-1.7 9.9-1 14.8-.1 1.6-.2 3.2-.2 4.8V830a60.9 60.9 0 0 0 60.8 60.8h627.2c33.5 0 60.8-27.3 60.9-60.8V464.1c0-1.3 0-2.6-.1-3.7.4-4.9 0-9.6-1.3-14.1zm-295.8-43l-.3 15.7c-.8 44.9-31.8 75.1-77.1 75.1-22.1 0-41.1-7.1-54.8-20.6S436 441.2 435.6 419l-.3-15.7H229.5L309 210h399.2l81.7 193.3H589.4zm-375 76.8h157.3c24.3 57.1 76 90.8 140.4 90.8 33.7 0 65-9.4 90.3-27.2 22.2-15.6 39.5-37.4 50.7-63.6h156.5V814H214.4V480.1z\"><\/path><\/svg>\n\t\t<span class=\"modern-title\">\n\t\t\tClick or drag a file to this area to upload.\t\t<\/span>\n\n\t\t\t<\/div>\n<\/div>\n<input type=\"text\" class=\"dropzone-input\"\n\tstyle=\"position:absolute!important;clip:rect(0,0,0,0)!important;height:1px!important;width:1px!important;border:0!important;overflow:hidden!important;padding:0!important;margin:0!important;\"\n\tid=\"wpforms-2385-field_4\"\n\tname=\"wpforms_2385_4\" >\n<\/div><\/div><div class=\"wpforms-field wpforms-field-hp\"><label for=\"wpforms-2385-field-hp\" class=\"wpforms-field-label\">Comment<\/label><input type=\"text\" name=\"wpforms[hp]\" id=\"wpforms-2385-field-hp\" class=\"wpforms-field-medium\"><\/div><div class=\"wpforms-recaptcha-container\" ><div class=\"g-recaptcha\" data-sitekey=\"6LeyEwkjAAAAAB8TRtZr6Vy6OoIaVY816QEai0X-\"><\/div><input type=\"text\" name=\"g-recaptcha-hidden\" class=\"wpforms-recaptcha-hidden\" style=\"position:absolute!important;clip:rect(0,0,0,0)!important;height:1px!important;width:1px!important;border:0!important;overflow:hidden!important;padding:0!important;margin:0!important;\" required><\/div><div class=\"wpforms-submit-container\" ><input type=\"hidden\" name=\"wpforms[id]\" value=\"2385\"><input type=\"hidden\" name=\"wpforms[author]\" value=\"1\"><button type=\"submit\" name=\"wpforms[submit]\" class=\"wpforms-submit \" id=\"wpforms-submit-2385\" value=\"wpforms-submit\" aria-live=\"assertive\" data-alt-text=\"Senden...\" data-submit-text=\"Absenden\">Absenden<\/button><\/div><\/form><\/div>  <!-- .wpforms-container -->\n","protected":false},"excerpt":{"rendered":"<p>Wir suchen ab sofort Verst\u00e4rkung in unserem Assistenzteam flexible Arbeitszeitmodelle m\u00f6glich in Voll- oder Teilzeit Wir bieten: eine zentral gelegene Praxis \u00fcber den D\u00e4chern der Stadt mit direkter Anbindung an S-\/U-Bahn\/Busse ein best\u00e4ndiges, kollegiales Team mit mehreren Behandlern selbst\u00e4ndiges Arbeiten Praxissoftware Z1 Pro Terminkalender via Doctolib Finanzierung von Fortbildungen Jobrad m\u00f6glich VWL\/ betriebliche Altersvorsorge \u00dcbernahme [&hellip;]<\/p>\n","protected":false},"author":1,"featured_media":0,"parent":2388,"menu_order":0,"comment_status":"closed","ping_status":"closed","template":"form.php","meta":[],"yoast_head":"<!-- This site is optimized with the Yoast SEO plugin v19.14 - https:\/\/yoast.com\/wordpress\/plugins\/seo\/ -->\n<title>ZFA Behandlungsassistenz (m\/w\/d) - Zahn\u00e4rzte am Nollendorfplatz<\/title>\n<meta name=\"robots\" content=\"index, follow, max-snippet:-1, max-image-preview:large, max-video-preview:-1\" \/>\n<link rel=\"canonical\" href=\"https:\/\/www.zahnaerzte-am-nollendorfplatz.de\/practice\/job\/zfa-behandlungsassistenz-m-w-d\/\" \/>\n<meta property=\"og:locale\" content=\"de_DE\" \/>\n<meta property=\"og:type\" content=\"article\" \/>\n<meta property=\"og:title\" content=\"ZFA Behandlungsassistenz (m\/w\/d) - Zahn\u00e4rzte am Nollendorfplatz\" \/>\n<meta property=\"og:description\" content=\"Wir suchen ab sofort Verst\u00e4rkung in unserem Assistenzteam flexible Arbeitszeitmodelle m\u00f6glich in Voll- oder Teilzeit Wir bieten: eine zentral gelegene Praxis \u00fcber den D\u00e4chern der Stadt mit direkter Anbindung an S-\/U-Bahn\/Busse ein best\u00e4ndiges, kollegiales Team mit mehreren Behandlern selbst\u00e4ndiges Arbeiten Praxissoftware Z1 Pro Terminkalender via Doctolib Finanzierung von Fortbildungen Jobrad m\u00f6glich VWL\/ betriebliche Altersvorsorge \u00dcbernahme [&hellip;]\" \/>\n<meta property=\"og:url\" content=\"https:\/\/www.zahnaerzte-am-nollendorfplatz.de\/practice\/job\/zfa-behandlungsassistenz-m-w-d\/\" \/>\n<meta property=\"og:site_name\" content=\"Zahn\u00e4rzte am Nollendorfplatz\" \/>\n<meta property=\"article:modified_time\" content=\"2026-01-29T15:20:14+00:00\" \/>\n<meta name=\"twitter:card\" content=\"summary_large_image\" \/>\n<meta name=\"twitter:label1\" content=\"Gesch\u00e4tzte Lesezeit\" \/>\n\t<meta name=\"twitter:data1\" content=\"1\u00a0Minute\" \/>\n<script type=\"application\/ld+json\" class=\"yoast-schema-graph\">{\"@context\":\"https:\/\/schema.org\",\"@graph\":[{\"@type\":\"WebPage\",\"@id\":\"https:\/\/www.zahnaerzte-am-nollendorfplatz.de\/practice\/job\/zfa-behandlungsassistenz-m-w-d\/\",\"url\":\"https:\/\/www.zahnaerzte-am-nollendorfplatz.de\/practice\/job\/zfa-behandlungsassistenz-m-w-d\/\",\"name\":\"ZFA Behandlungsassistenz (m\/w\/d) - Zahn\u00e4rzte am Nollendorfplatz\",\"isPartOf\":{\"@id\":\"https:\/\/www.zahnaerzte-am-nollendorfplatz.de\/practice\/#website\"},\"datePublished\":\"2024-03-05T12:07:35+00:00\",\"dateModified\":\"2026-01-29T15:20:14+00:00\",\"breadcrumb\":{\"@id\":\"https:\/\/www.zahnaerzte-am-nollendorfplatz.de\/practice\/job\/zfa-behandlungsassistenz-m-w-d\/#breadcrumb\"},\"inLanguage\":\"de\",\"potentialAction\":[{\"@type\":\"ReadAction\",\"target\":[\"https:\/\/www.zahnaerzte-am-nollendorfplatz.de\/practice\/job\/zfa-behandlungsassistenz-m-w-d\/\"]}]},{\"@type\":\"BreadcrumbList\",\"@id\":\"https:\/\/www.zahnaerzte-am-nollendorfplatz.de\/practice\/job\/zfa-behandlungsassistenz-m-w-d\/#breadcrumb\",\"itemListElement\":[{\"@type\":\"ListItem\",\"position\":1,\"name\":\"Startseite\",\"item\":\"https:\/\/www.zahnaerzte-am-nollendorfplatz.de\/practice\/\"},{\"@type\":\"ListItem\",\"position\":2,\"name\":\"Jobs\",\"item\":\"https:\/\/www.zahnaerzte-am-nollendorfplatz.de\/practice\/en\/job\/\"},{\"@type\":\"ListItem\",\"position\":3,\"name\":\"ZFA Behandlungsassistenz (m\/w\/d)\"}]},{\"@type\":\"WebSite\",\"@id\":\"https:\/\/www.zahnaerzte-am-nollendorfplatz.de\/practice\/#website\",\"url\":\"https:\/\/www.zahnaerzte-am-nollendorfplatz.de\/practice\/\",\"name\":\"Zahn\u00e4rzte am Nollendorfplatz\",\"description\":\"Berlin-Sch\u00f6neberg\",\"publisher\":{\"@id\":\"https:\/\/www.zahnaerzte-am-nollendorfplatz.de\/practice\/#organization\"},\"potentialAction\":[{\"@type\":\"SearchAction\",\"target\":{\"@type\":\"EntryPoint\",\"urlTemplate\":\"https:\/\/www.zahnaerzte-am-nollendorfplatz.de\/practice\/?s={search_term_string}\"},\"query-input\":\"required name=search_term_string\"}],\"inLanguage\":\"de\"},{\"@type\":\"Organization\",\"@id\":\"https:\/\/www.zahnaerzte-am-nollendorfplatz.de\/practice\/#organization\",\"name\":\"Zahn\u00e4rzte am Nollendorfplatz\",\"url\":\"https:\/\/www.zahnaerzte-am-nollendorfplatz.de\/practice\/\",\"logo\":{\"@type\":\"ImageObject\",\"inLanguage\":\"de\",\"@id\":\"https:\/\/www.zahnaerzte-am-nollendorfplatz.de\/practice\/#\/schema\/logo\/image\/\",\"url\":\"https:\/\/www.zahnaerzte-am-nollendorfplatz.de\/practice\/wp-content\/uploads\/Logo-solo.png\",\"contentUrl\":\"https:\/\/www.zahnaerzte-am-nollendorfplatz.de\/practice\/wp-content\/uploads\/Logo-solo.png\",\"width\":630,\"height\":230,\"caption\":\"Zahn\u00e4rzte am Nollendorfplatz\"},\"image\":{\"@id\":\"https:\/\/www.zahnaerzte-am-nollendorfplatz.de\/practice\/#\/schema\/logo\/image\/\"}}]}<\/script>\n<!-- \/ Yoast SEO plugin. -->","yoast_head_json":{"title":"ZFA Behandlungsassistenz (m\/w\/d) - Zahn\u00e4rzte am Nollendorfplatz","robots":{"index":"index","follow":"follow","max-snippet":"max-snippet:-1","max-image-preview":"max-image-preview:large","max-video-preview":"max-video-preview:-1"},"canonical":"https:\/\/www.zahnaerzte-am-nollendorfplatz.de\/practice\/job\/zfa-behandlungsassistenz-m-w-d\/","og_locale":"de_DE","og_type":"article","og_title":"ZFA Behandlungsassistenz (m\/w\/d) - Zahn\u00e4rzte am Nollendorfplatz","og_description":"Wir suchen ab sofort Verst\u00e4rkung in unserem Assistenzteam flexible Arbeitszeitmodelle m\u00f6glich in Voll- oder Teilzeit Wir bieten: eine zentral gelegene Praxis \u00fcber den D\u00e4chern der Stadt mit direkter Anbindung an S-\/U-Bahn\/Busse ein best\u00e4ndiges, kollegiales Team mit mehreren Behandlern selbst\u00e4ndiges Arbeiten Praxissoftware Z1 Pro Terminkalender via Doctolib Finanzierung von Fortbildungen Jobrad m\u00f6glich VWL\/ betriebliche Altersvorsorge \u00dcbernahme [&hellip;]","og_url":"https:\/\/www.zahnaerzte-am-nollendorfplatz.de\/practice\/job\/zfa-behandlungsassistenz-m-w-d\/","og_site_name":"Zahn\u00e4rzte am Nollendorfplatz","article_modified_time":"2026-01-29T15:20:14+00:00","twitter_card":"summary_large_image","twitter_misc":{"Gesch\u00e4tzte Lesezeit":"1\u00a0Minute"},"schema":{"@context":"https:\/\/schema.org","@graph":[{"@type":"WebPage","@id":"https:\/\/www.zahnaerzte-am-nollendorfplatz.de\/practice\/job\/zfa-behandlungsassistenz-m-w-d\/","url":"https:\/\/www.zahnaerzte-am-nollendorfplatz.de\/practice\/job\/zfa-behandlungsassistenz-m-w-d\/","name":"ZFA Behandlungsassistenz (m\/w\/d) - Zahn\u00e4rzte am Nollendorfplatz","isPartOf":{"@id":"https:\/\/www.zahnaerzte-am-nollendorfplatz.de\/practice\/#website"},"datePublished":"2024-03-05T12:07:35+00:00","dateModified":"2026-01-29T15:20:14+00:00","breadcrumb":{"@id":"https:\/\/www.zahnaerzte-am-nollendorfplatz.de\/practice\/job\/zfa-behandlungsassistenz-m-w-d\/#breadcrumb"},"inLanguage":"de","potentialAction":[{"@type":"ReadAction","target":["https:\/\/www.zahnaerzte-am-nollendorfplatz.de\/practice\/job\/zfa-behandlungsassistenz-m-w-d\/"]}]},{"@type":"BreadcrumbList","@id":"https:\/\/www.zahnaerzte-am-nollendorfplatz.de\/practice\/job\/zfa-behandlungsassistenz-m-w-d\/#breadcrumb","itemListElement":[{"@type":"ListItem","position":1,"name":"Startseite","item":"https:\/\/www.zahnaerzte-am-nollendorfplatz.de\/practice\/"},{"@type":"ListItem","position":2,"name":"Jobs","item":"https:\/\/www.zahnaerzte-am-nollendorfplatz.de\/practice\/en\/job\/"},{"@type":"ListItem","position":3,"name":"ZFA Behandlungsassistenz (m\/w\/d)"}]},{"@type":"WebSite","@id":"https:\/\/www.zahnaerzte-am-nollendorfplatz.de\/practice\/#website","url":"https:\/\/www.zahnaerzte-am-nollendorfplatz.de\/practice\/","name":"Zahn\u00e4rzte am Nollendorfplatz","description":"Berlin-Sch\u00f6neberg","publisher":{"@id":"https:\/\/www.zahnaerzte-am-nollendorfplatz.de\/practice\/#organization"},"potentialAction":[{"@type":"SearchAction","target":{"@type":"EntryPoint","urlTemplate":"https:\/\/www.zahnaerzte-am-nollendorfplatz.de\/practice\/?s={search_term_string}"},"query-input":"required name=search_term_string"}],"inLanguage":"de"},{"@type":"Organization","@id":"https:\/\/www.zahnaerzte-am-nollendorfplatz.de\/practice\/#organization","name":"Zahn\u00e4rzte am Nollendorfplatz","url":"https:\/\/www.zahnaerzte-am-nollendorfplatz.de\/practice\/","logo":{"@type":"ImageObject","inLanguage":"de","@id":"https:\/\/www.zahnaerzte-am-nollendorfplatz.de\/practice\/#\/schema\/logo\/image\/","url":"https:\/\/www.zahnaerzte-am-nollendorfplatz.de\/practice\/wp-content\/uploads\/Logo-solo.png","contentUrl":"https:\/\/www.zahnaerzte-am-nollendorfplatz.de\/practice\/wp-content\/uploads\/Logo-solo.png","width":630,"height":230,"caption":"Zahn\u00e4rzte am Nollendorfplatz"},"image":{"@id":"https:\/\/www.zahnaerzte-am-nollendorfplatz.de\/practice\/#\/schema\/logo\/image\/"}}]}},"_links":{"self":[{"href":"https:\/\/www.zahnaerzte-am-nollendorfplatz.de\/practice\/wp-json\/wp\/v2\/pages\/5585"}],"collection":[{"href":"https:\/\/www.zahnaerzte-am-nollendorfplatz.de\/practice\/wp-json\/wp\/v2\/pages"}],"about":[{"href":"https:\/\/www.zahnaerzte-am-nollendorfplatz.de\/practice\/wp-json\/wp\/v2\/types\/page"}],"author":[{"embeddable":true,"href":"https:\/\/www.zahnaerzte-am-nollendorfplatz.de\/practice\/wp-json\/wp\/v2\/users\/1"}],"replies":[{"embeddable":true,"href":"https:\/\/www.zahnaerzte-am-nollendorfplatz.de\/practice\/wp-json\/wp\/v2\/comments?post=5585"}],"version-history":[{"count":5,"href":"https:\/\/www.zahnaerzte-am-nollendorfplatz.de\/practice\/wp-json\/wp\/v2\/pages\/5585\/revisions"}],"predecessor-version":[{"id":5613,"href":"https:\/\/www.zahnaerzte-am-nollendorfplatz.de\/practice\/wp-json\/wp\/v2\/pages\/5585\/revisions\/5613"}],"up":[{"embeddable":true,"href":"https:\/\/www.zahnaerzte-am-nollendorfplatz.de\/practice\/wp-json\/wp\/v2\/pages\/2388"}],"wp:attachment":[{"href":"https:\/\/www.zahnaerzte-am-nollendorfplatz.de\/practice\/wp-json\/wp\/v2\/media?parent=5585"}],"curies":[{"name":"wp","href":"https:\/\/api.w.org\/{rel}","templated":true}]}}