{"id":8,"date":"2010-01-07T21:31:30","date_gmt":"2010-01-07T19:31:30","guid":{"rendered":"http:\/\/www.maryon.ch\/home\/?page_id=8"},"modified":"2026-01-18T02:42:54","modified_gmt":"2026-01-18T01:42:54","slug":"fillings","status":"publish","type":"page","link":"https:\/\/www.zahnaerzte-am-nollendorfplatz.de\/practice\/services\/fillings\/","title":{"rendered":"F\u00fcllungen"},"content":{"rendered":"<p><\/p>\n<h2>Minimalinvasiv zu maximaler Stabilit\u00e4t<\/h2>\n<p>Sind Z\u00e4hne beispielsweise durch Karies gesch\u00e4digt oder ist ein St\u00fcck Zahn abgebrochen, k\u00f6nnen diese Defekte mithilfe minimalinvasiver Technik heute substanzschonend korrigiert werden. Dabei wird nur so viel Zahnsubstanz wie n\u00f6tig entfernt, um eine maximale Stabilit\u00e4t zu gew\u00e4hrleisten.<\/p>\n<h2>Zum Verwechseln nat\u00fcrlich<\/h2>\n<p>Wir verwenden modernste zahnfarbene, plastische F\u00fcllungsmaterialien (Komposit), die Schicht f\u00fcr Schicht aufgetragen fest mit der Zahnsubstanz verklebt werden. Komposite stehen in verschieden Farbnuancen zur Verf\u00fcgung, mit denen wir Ihre Z\u00e4hne individuell und naturgetreu nahezu unsichtbar gestalten k\u00f6nnen. Unsere verwendeten Qualit\u00e4tsprodukte garantieren uns eine lange Haltbarkeit, hervorragende Widerstandskraft und brillante \u00c4sthetik f\u00fcr Ihr Wohlbefinden!<\/p>\n<h2>\u00dcbernimmt das die Kasse?<\/h2>\n<p>\u00dcber viele Jahre war Amalgam die Regelleistung der gesetzlichen Krankenkassen f\u00fcr Zahnf\u00fcllungen im Seitenzahnbereich. Seit dem 1. Januar 2025 darf Amalgam aufgrund gesetzlicher Vorgaben in der EU grunds\u00e4tzlich nicht mehr verwendet werden. Die gesetzliche Regelversorgung besteht heute aus einem plastischen F\u00fcllungsmaterial, das funktionell ausreichend ist. Hochwertige zahnfarbene Kompositf\u00fcllungen in aufwendiger Mehrschicht- und Adh\u00e4sivtechnik, die sich besonders nat\u00fcrlich an den Zahn anpassen und eine verbesserte Haltbarkeit bieten, geh\u00f6ren jedoch nicht zur Leistung der gesetzlichen Krankenkassen. Entscheidet sich der Patient f\u00fcr diese \u00e4sthetisch und qualitativ hochwertigere Versorgung, entstehen zus\u00e4tzliche Kosten. Selbstverst\u00e4ndlich kl\u00e4ren wir Sie vorab dar\u00fcber auf und erstellen Ihnen einen individuellen Kostenvoranschlag.<\/p>","protected":false},"excerpt":{"rendered":"<p>Minimalinvasiv zu maximaler Stabilit\u00e4t Sind Z\u00e4hne beispielsweise durch Karies gesch\u00e4digt oder ist ein St\u00fcck Zahn abgebrochen, k\u00f6nnen diese Defekte mithilfe minimalinvasiver Technik heute substanzschonend korrigiert werden. Dabei wird nur so viel Zahnsubstanz wie n\u00f6tig entfernt, um eine maximale Stabilit\u00e4t zu gew\u00e4hrleisten. Zum Verwechseln nat\u00fcrlich Wir verwenden modernste zahnfarbene, plastische F\u00fcllungsmaterialien (Komposit), die Schicht f\u00fcr Schicht [&hellip;]<\/p>\n","protected":false},"author":1,"featured_media":0,"parent":21,"menu_order":2,"comment_status":"closed","ping_status":"closed","template":"services.php","meta":[],"yoast_head":"<!-- This site is optimized with the Yoast SEO plugin v19.14 - https:\/\/yoast.com\/wordpress\/plugins\/seo\/ -->\n<title>F\u00fcllungen - Zahn\u00e4rzte am Nollendorfplatz<\/title>\n<meta name=\"description\" content=\"Wir verwenden modernste zahnfarbene, plastische F\u00fcllungsmaterialien (Komposit), die Schicht f\u00fcr Schicht aufgetragen fest mit der Zahnsubstanz verklebt werden. Komposite stehen in verschieden Farbnuancen zur Verf\u00fcgung, mit denen wir Ihre Z\u00e4hne individuell und naturgetreu nahezu unsichtbar gestalten k\u00f6nnen. Unsere verwendeten Qualit\u00e4tsprodukte garantieren uns eine lange Haltbarkeit, hervorragende Widerstandskraft und brillante \u00c4sthetik f\u00fcr Ihr Wohlbefinden!\" \/>\n<meta name=\"robots\" content=\"index, follow, max-snippet:-1, max-image-preview:large, max-video-preview:-1\" \/>\n<link rel=\"canonical\" href=\"https:\/\/www.zahnaerzte-am-nollendorfplatz.de\/practice\/services\/fillings\/\" \/>\n<meta property=\"og:locale\" content=\"de_DE\" \/>\n<meta property=\"og:type\" content=\"article\" \/>\n<meta property=\"og:title\" content=\"F\u00fcllungen - Zahn\u00e4rzte am Nollendorfplatz\" \/>\n<meta property=\"og:description\" content=\"{:de}Wir verwenden modernste zahnfarbene, plastische F\u00fcllungsmaterialien (Komposit), die Schicht f\u00fcr Schicht aufgetragen fest mit der Zahnsubstanz verklebt werden. Komposite stehen in verschieden Farbnuancen zur Verf\u00fcgung, mit denen wir Ihre Z\u00e4hne individuell und naturgetreu nahezu unsichtbar gestalten k\u00f6nnen. Unsere verwendeten Qualit\u00e4tsprodukte garantieren uns eine lange Haltbarkeit, hervorragende Widerstandskraft und brillante \u00c4sthetik f\u00fcr Ihr Wohlbefinden!{:en}For some time we have been using composite fillings to correct defective or damaged teeth at the front or side of patients\u2019 mouths. This especially hard plastic ceramic has proven invaluable particularly for fillings and aesthetic tooth restorations. Thanks to Composite, repairs are virtually invisible \u2013 and the natural tooth remains safely in place.{:}\" \/>\n<meta property=\"og:url\" content=\"https:\/\/www.zahnaerzte-am-nollendorfplatz.de\/practice\/services\/fillings\/\" \/>\n<meta property=\"og:site_name\" content=\"Zahn\u00e4rzte am Nollendorfplatz\" \/>\n<meta property=\"article:modified_time\" content=\"2026-01-18T01:42:54+00:00\" \/>\n<meta name=\"twitter:card\" content=\"summary_large_image\" \/>\n<meta name=\"twitter:label1\" content=\"Gesch\u00e4tzte Lesezeit\" \/>\n\t<meta name=\"twitter:data1\" content=\"3\u00a0Minuten\" \/>\n<script type=\"application\/ld+json\" class=\"yoast-schema-graph\">{\"@context\":\"https:\/\/schema.org\",\"@graph\":[{\"@type\":\"WebPage\",\"@id\":\"https:\/\/www.zahnaerzte-am-nollendorfplatz.de\/practice\/services\/fillings\/\",\"url\":\"https:\/\/www.zahnaerzte-am-nollendorfplatz.de\/practice\/services\/fillings\/\",\"name\":\"F\u00fcllungen - Zahn\u00e4rzte am Nollendorfplatz\",\"isPartOf\":{\"@id\":\"https:\/\/www.zahnaerzte-am-nollendorfplatz.de\/practice\/#website\"},\"datePublished\":\"2010-01-07T19:31:30+00:00\",\"dateModified\":\"2026-01-18T01:42:54+00:00\",\"description\":\"{:de}Wir verwenden modernste zahnfarbene, plastische F\u00fcllungsmaterialien (Komposit), die Schicht f\u00fcr Schicht aufgetragen fest mit der Zahnsubstanz verklebt werden. Komposite stehen in verschieden Farbnuancen zur Verf\u00fcgung, mit denen wir Ihre Z\u00e4hne individuell und naturgetreu nahezu unsichtbar gestalten k\u00f6nnen. Unsere verwendeten Qualit\u00e4tsprodukte garantieren uns eine lange Haltbarkeit, hervorragende Widerstandskraft und brillante \u00c4sthetik f\u00fcr Ihr Wohlbefinden!{:en}For some time we have been using composite fillings to correct defective or damaged teeth at the front or side of patients\u2019 mouths. This especially hard plastic ceramic has proven invaluable particularly for fillings and aesthetic tooth restorations. Thanks to Composite, repairs are virtually invisible \u2013 and the natural tooth remains safely in place.{:}\",\"breadcrumb\":{\"@id\":\"https:\/\/www.zahnaerzte-am-nollendorfplatz.de\/practice\/services\/fillings\/#breadcrumb\"},\"inLanguage\":\"de\",\"potentialAction\":[{\"@type\":\"ReadAction\",\"target\":[\"https:\/\/www.zahnaerzte-am-nollendorfplatz.de\/practice\/services\/fillings\/\"]}]},{\"@type\":\"BreadcrumbList\",\"@id\":\"https:\/\/www.zahnaerzte-am-nollendorfplatz.de\/practice\/services\/fillings\/#breadcrumb\",\"itemListElement\":[{\"@type\":\"ListItem\",\"position\":1,\"name\":\"Startseite\",\"item\":\"https:\/\/www.zahnaerzte-am-nollendorfplatz.de\/practice\/\"},{\"@type\":\"ListItem\",\"position\":2,\"name\":\"Leistungen\",\"item\":\"https:\/\/www.zahnaerzte-am-nollendorfplatz.de\/practice\/services\/\"},{\"@type\":\"ListItem\",\"position\":3,\"name\":\"F\u00fcllungen\"}]},{\"@type\":\"WebSite\",\"@id\":\"https:\/\/www.zahnaerzte-am-nollendorfplatz.de\/practice\/#website\",\"url\":\"https:\/\/www.zahnaerzte-am-nollendorfplatz.de\/practice\/\",\"name\":\"Zahn\u00e4rzte am Nollendorfplatz\",\"description\":\"Berlin-Sch\u00f6neberg\",\"publisher\":{\"@id\":\"https:\/\/www.zahnaerzte-am-nollendorfplatz.de\/practice\/#organization\"},\"potentialAction\":[{\"@type\":\"SearchAction\",\"target\":{\"@type\":\"EntryPoint\",\"urlTemplate\":\"https:\/\/www.zahnaerzte-am-nollendorfplatz.de\/practice\/?s={search_term_string}\"},\"query-input\":\"required name=search_term_string\"}],\"inLanguage\":\"de\"},{\"@type\":\"Organization\",\"@id\":\"https:\/\/www.zahnaerzte-am-nollendorfplatz.de\/practice\/#organization\",\"name\":\"Zahn\u00e4rzte am Nollendorfplatz\",\"url\":\"https:\/\/www.zahnaerzte-am-nollendorfplatz.de\/practice\/\",\"logo\":{\"@type\":\"ImageObject\",\"inLanguage\":\"de\",\"@id\":\"https:\/\/www.zahnaerzte-am-nollendorfplatz.de\/practice\/#\/schema\/logo\/image\/\",\"url\":\"https:\/\/www.zahnaerzte-am-nollendorfplatz.de\/practice\/wp-content\/uploads\/Logo-solo.png\",\"contentUrl\":\"https:\/\/www.zahnaerzte-am-nollendorfplatz.de\/practice\/wp-content\/uploads\/Logo-solo.png\",\"width\":630,\"height\":230,\"caption\":\"Zahn\u00e4rzte am Nollendorfplatz\"},\"image\":{\"@id\":\"https:\/\/www.zahnaerzte-am-nollendorfplatz.de\/practice\/#\/schema\/logo\/image\/\"}}]}<\/script>\n<!-- \/ Yoast SEO plugin. -->","yoast_head_json":{"title":"F\u00fcllungen - Zahn\u00e4rzte am Nollendorfplatz","description":"Wir verwenden modernste zahnfarbene, plastische F\u00fcllungsmaterialien (Komposit), die Schicht f\u00fcr Schicht aufgetragen fest mit der Zahnsubstanz verklebt werden. Komposite stehen in verschieden Farbnuancen zur Verf\u00fcgung, mit denen wir Ihre Z\u00e4hne individuell und naturgetreu nahezu unsichtbar gestalten k\u00f6nnen. Unsere verwendeten Qualit\u00e4tsprodukte garantieren uns eine lange Haltbarkeit, hervorragende Widerstandskraft und brillante \u00c4sthetik f\u00fcr Ihr Wohlbefinden!","robots":{"index":"index","follow":"follow","max-snippet":"max-snippet:-1","max-image-preview":"max-image-preview:large","max-video-preview":"max-video-preview:-1"},"canonical":"https:\/\/www.zahnaerzte-am-nollendorfplatz.de\/practice\/services\/fillings\/","og_locale":"de_DE","og_type":"article","og_title":"F\u00fcllungen - Zahn\u00e4rzte am Nollendorfplatz","og_description":"{:de}Wir verwenden modernste zahnfarbene, plastische F\u00fcllungsmaterialien (Komposit), die Schicht f\u00fcr Schicht aufgetragen fest mit der Zahnsubstanz verklebt werden. Komposite stehen in verschieden Farbnuancen zur Verf\u00fcgung, mit denen wir Ihre Z\u00e4hne individuell und naturgetreu nahezu unsichtbar gestalten k\u00f6nnen. Unsere verwendeten Qualit\u00e4tsprodukte garantieren uns eine lange Haltbarkeit, hervorragende Widerstandskraft und brillante \u00c4sthetik f\u00fcr Ihr Wohlbefinden!{:en}For some time we have been using composite fillings to correct defective or damaged teeth at the front or side of patients\u2019 mouths. This especially hard plastic ceramic has proven invaluable particularly for fillings and aesthetic tooth restorations. Thanks to Composite, repairs are virtually invisible \u2013 and the natural tooth remains safely in place.{:}","og_url":"https:\/\/www.zahnaerzte-am-nollendorfplatz.de\/practice\/services\/fillings\/","og_site_name":"Zahn\u00e4rzte am Nollendorfplatz","article_modified_time":"2026-01-18T01:42:54+00:00","twitter_card":"summary_large_image","twitter_misc":{"Gesch\u00e4tzte Lesezeit":"3\u00a0Minuten"},"schema":{"@context":"https:\/\/schema.org","@graph":[{"@type":"WebPage","@id":"https:\/\/www.zahnaerzte-am-nollendorfplatz.de\/practice\/services\/fillings\/","url":"https:\/\/www.zahnaerzte-am-nollendorfplatz.de\/practice\/services\/fillings\/","name":"F\u00fcllungen - Zahn\u00e4rzte am Nollendorfplatz","isPartOf":{"@id":"https:\/\/www.zahnaerzte-am-nollendorfplatz.de\/practice\/#website"},"datePublished":"2010-01-07T19:31:30+00:00","dateModified":"2026-01-18T01:42:54+00:00","description":"{:de}Wir verwenden modernste zahnfarbene, plastische F\u00fcllungsmaterialien (Komposit), die Schicht f\u00fcr Schicht aufgetragen fest mit der Zahnsubstanz verklebt werden. Komposite stehen in verschieden Farbnuancen zur Verf\u00fcgung, mit denen wir Ihre Z\u00e4hne individuell und naturgetreu nahezu unsichtbar gestalten k\u00f6nnen. Unsere verwendeten Qualit\u00e4tsprodukte garantieren uns eine lange Haltbarkeit, hervorragende Widerstandskraft und brillante \u00c4sthetik f\u00fcr Ihr Wohlbefinden!{:en}For some time we have been using composite fillings to correct defective or damaged teeth at the front or side of patients\u2019 mouths. This especially hard plastic ceramic has proven invaluable particularly for fillings and aesthetic tooth restorations. Thanks to Composite, repairs are virtually invisible \u2013 and the natural tooth remains safely in place.{:}","breadcrumb":{"@id":"https:\/\/www.zahnaerzte-am-nollendorfplatz.de\/practice\/services\/fillings\/#breadcrumb"},"inLanguage":"de","potentialAction":[{"@type":"ReadAction","target":["https:\/\/www.zahnaerzte-am-nollendorfplatz.de\/practice\/services\/fillings\/"]}]},{"@type":"BreadcrumbList","@id":"https:\/\/www.zahnaerzte-am-nollendorfplatz.de\/practice\/services\/fillings\/#breadcrumb","itemListElement":[{"@type":"ListItem","position":1,"name":"Startseite","item":"https:\/\/www.zahnaerzte-am-nollendorfplatz.de\/practice\/"},{"@type":"ListItem","position":2,"name":"Leistungen","item":"https:\/\/www.zahnaerzte-am-nollendorfplatz.de\/practice\/services\/"},{"@type":"ListItem","position":3,"name":"F\u00fcllungen"}]},{"@type":"WebSite","@id":"https:\/\/www.zahnaerzte-am-nollendorfplatz.de\/practice\/#website","url":"https:\/\/www.zahnaerzte-am-nollendorfplatz.de\/practice\/","name":"Zahn\u00e4rzte am Nollendorfplatz","description":"Berlin-Sch\u00f6neberg","publisher":{"@id":"https:\/\/www.zahnaerzte-am-nollendorfplatz.de\/practice\/#organization"},"potentialAction":[{"@type":"SearchAction","target":{"@type":"EntryPoint","urlTemplate":"https:\/\/www.zahnaerzte-am-nollendorfplatz.de\/practice\/?s={search_term_string}"},"query-input":"required name=search_term_string"}],"inLanguage":"de"},{"@type":"Organization","@id":"https:\/\/www.zahnaerzte-am-nollendorfplatz.de\/practice\/#organization","name":"Zahn\u00e4rzte am Nollendorfplatz","url":"https:\/\/www.zahnaerzte-am-nollendorfplatz.de\/practice\/","logo":{"@type":"ImageObject","inLanguage":"de","@id":"https:\/\/www.zahnaerzte-am-nollendorfplatz.de\/practice\/#\/schema\/logo\/image\/","url":"https:\/\/www.zahnaerzte-am-nollendorfplatz.de\/practice\/wp-content\/uploads\/Logo-solo.png","contentUrl":"https:\/\/www.zahnaerzte-am-nollendorfplatz.de\/practice\/wp-content\/uploads\/Logo-solo.png","width":630,"height":230,"caption":"Zahn\u00e4rzte am Nollendorfplatz"},"image":{"@id":"https:\/\/www.zahnaerzte-am-nollendorfplatz.de\/practice\/#\/schema\/logo\/image\/"}}]}},"_links":{"self":[{"href":"https:\/\/www.zahnaerzte-am-nollendorfplatz.de\/practice\/wp-json\/wp\/v2\/pages\/8"}],"collection":[{"href":"https:\/\/www.zahnaerzte-am-nollendorfplatz.de\/practice\/wp-json\/wp\/v2\/pages"}],"about":[{"href":"https:\/\/www.zahnaerzte-am-nollendorfplatz.de\/practice\/wp-json\/wp\/v2\/types\/page"}],"author":[{"embeddable":true,"href":"https:\/\/www.zahnaerzte-am-nollendorfplatz.de\/practice\/wp-json\/wp\/v2\/users\/1"}],"replies":[{"embeddable":true,"href":"https:\/\/www.zahnaerzte-am-nollendorfplatz.de\/practice\/wp-json\/wp\/v2\/comments?post=8"}],"version-history":[{"count":26,"href":"https:\/\/www.zahnaerzte-am-nollendorfplatz.de\/practice\/wp-json\/wp\/v2\/pages\/8\/revisions"}],"predecessor-version":[{"id":5607,"href":"https:\/\/www.zahnaerzte-am-nollendorfplatz.de\/practice\/wp-json\/wp\/v2\/pages\/8\/revisions\/5607"}],"up":[{"embeddable":true,"href":"https:\/\/www.zahnaerzte-am-nollendorfplatz.de\/practice\/wp-json\/wp\/v2\/pages\/21"}],"wp:attachment":[{"href":"https:\/\/www.zahnaerzte-am-nollendorfplatz.de\/practice\/wp-json\/wp\/v2\/media?parent=8"}],"curies":[{"name":"wp","href":"https:\/\/api.w.org\/{rel}","templated":true}]}}